{"id":77507,"date":"2025-07-14T15:07:42","date_gmt":"2025-07-14T12:07:42","guid":{"rendered":"https:\/\/demo8.ecube.lv\/sezona.lv\/products\/dunu-jaka-marmot-sieviesu-jena-hoody\/"},"modified":"2025-07-14T15:07:42","modified_gmt":"2025-07-14T12:07:42","slug":"dunu-jaka-marmot-sieviesu-jena-hoody","status":"publish","type":"product","link":"https:\/\/sezona.lv\/en\/products\/dunu-jaka-marmot-sieviesu-jena-hoody\/","title":{"rendered":"D\u016bnu jaka Marmot sievie\u0161u Jena Hoody"},"content":{"rendered":"<p align=\"justify\"><span style=\"font-size: x-small\">Viegls, silts un stil\u012bgs? J\u0101, t\u0101da ir jaun\u0101&nbsp;<strong>Wm&#8217;s Jena Hoody<\/strong>&nbsp;jaka ar&nbsp;<strong>700FP<\/strong>&nbsp;d\u016bnu pild\u012bjumu, kas ir apstr\u0101d\u0101ts ar Down Defender tehnolo\u0123iju. Pateicoties ultraviegla un d\u016bnu notur\u012bgam audumam vairs nevajadz\u0113s satraukties par ar d\u016bn\u0101m aplipu&scaron;u d\u017eemperi. \u0112rtais&nbsp;<strong>Angel-Wing Movement<\/strong>&nbsp;piegriezums \u013caus br\u012bvu justies jebkur\u0101s aktivit\u0101t\u0113s. Ar\u012b par vietu, \u0146emot l\u012bdzi, vairs nevajadz\u0113s dom\u0101t, jo &scaron;\u012b jaka sakap\u0101jos pati sav\u0101 kabat\u0101 un ir \u013coti kompakta.<\/span><\/p>\n<p>&nbsp;<\/p>\n<p><span style=\"color: #800000;font-size: x-small\"><strong>Specifik\u0101cija:<\/strong><\/span><\/p>\n<p>&nbsp;<\/p>\n<p><span style=\"font-size: x-small\"><strong>Materi\u0101ls:&nbsp;<\/strong>100% Polyester DWR Mini Ripstop 1.2 oz\/yd<br \/><\/span><span style=\"font-size: x-small\"><strong>Siltin\u0101jums:&nbsp;<\/strong>700 FP d\u016bnas ar Down Defender<br \/><\/span><span style=\"font-size: x-small\"><strong>Piegriezums:<\/strong>&nbsp;Regular FIt<br \/><\/span><span style=\"font-size: x-small\"><strong>Muguras garums:<\/strong>&nbsp;63cm<br \/><\/span><span style=\"font-size: x-small\"><strong>Svars:&nbsp;<\/strong>431 grams<\/span><\/p>\n<p>&nbsp;<\/p>\n<p><span style=\"color: #800000;font-size: x-small\"><strong>Raksturojums:<\/strong><\/span><\/p>\n<p>&nbsp;<\/p>\n<p><span style=\"font-size: x-small\"><img loading=\"lazy\" decoding=\"async\" src=\"http:\/\/www.virsotne.lv\/userfiles\/image\/ahaa\/marmot_logo_aplisM.gif\" alt=\"\" width=\"15\" height=\"15\" \/>&nbsp;700 FP d\u016bnas ar Down Defender apstr\u0101di<br \/><\/span><span style=\"font-size: x-small\"><img loading=\"lazy\" decoding=\"async\" src=\"http:\/\/www.virsotne.lv\/userfiles\/image\/ahaa\/marmot_logo_aplisM.gif\" alt=\"\" width=\"15\" height=\"15\" \/>&nbsp;Angle-Wing Movement piegriezums<br \/><\/span><span style=\"font-size: x-small\"><img loading=\"lazy\" decoding=\"async\" src=\"http:\/\/www.virsotne.lv\/userfiles\/image\/ahaa\/marmot_logo_aplisM.gif\" alt=\"\" width=\"15\" height=\"15\" \/>&nbsp;Elast\u012bgas man\u017eetes<br \/><\/span><span style=\"font-size: x-small\"><img loading=\"lazy\" decoding=\"async\" src=\"http:\/\/www.virsotne.lv\/userfiles\/image\/ahaa\/marmot_logo_aplisM.gif\" alt=\"\" width=\"15\" height=\"15\" \/>&nbsp;Iek&scaron;kabata ar r\u0101v\u0113jsl\u0113dz\u0113ju<br \/><\/span><span style=\"font-size: x-small\"><img loading=\"lazy\" decoding=\"async\" src=\"http:\/\/www.virsotne.lv\/userfiles\/image\/ahaa\/marmot_logo_aplisM.gif\" alt=\"\" width=\"15\" height=\"15\" \/>&nbsp;Sapakojas sav\u0101 kabat\u0101<br \/><\/span><span style=\"font-size: x-small\"><img loading=\"lazy\" decoding=\"async\" src=\"http:\/\/www.virsotne.lv\/userfiles\/image\/ahaa\/marmot_logo_aplisM.gif\" alt=\"\" width=\"15\" height=\"15\" \/>&nbsp;Ultra viegls d\u016bnu notur\u012bgs audums<\/span><\/p>\n","protected":false},"excerpt":{"rendered":"<p>Viegls, silts un stil\u012bgs? J\u0101, t\u0101da ir jaun\u0101&nbsp;Wm&#8217;s Jena Hoody&nbsp;jaka ar&nbsp;700FP&nbsp;d\u016bnu pild\u012bjumu, kas ir apstr\u0101d\u0101ts ar Down Defender tehnolo\u0123iju. Pateicoties ultraviegla un d\u016bnu notur\u012bgam audumam vairs nevajadz\u0113s satraukties par ar d\u016bn\u0101m aplipu&scaron;u d\u017eemperi. \u0112rtais&nbsp;Angel-Wing Movement&nbsp;piegriezums \u013caus br\u012bvu justies jebkur\u0101s aktivit\u0101t\u0113s. Ar\u012b par vietu, \u0146emot l\u012bdzi, vairs nevajadz\u0113s dom\u0101t, jo &scaron;\u012b jaka sakap\u0101jos pati sav\u0101 kabat\u0101 [&hellip;]<\/p>\n","protected":false},"featured_media":0,"template":"","meta":[],"product_brand":[908],"product_cat":[4619,4640,4713],"product_tag":[],"class_list":{"0":"post-77507","1":"product","2":"type-product","3":"status-publish","5":"product_brand-marmot","6":"product_cat-winter-clothes-recreation","7":"product_cat-recreation","8":"product_cat-down-jackets-winter-clothes-recreation","10":"first","11":"instock","12":"shipping-taxable","13":"purchasable","14":"product-type-simple"},"_links":{"self":[{"href":"https:\/\/sezona.lv\/en\/wp-json\/wp\/v2\/product\/77507","targetHints":{"allow":["GET"]}}],"collection":[{"href":"https:\/\/sezona.lv\/en\/wp-json\/wp\/v2\/product"}],"about":[{"href":"https:\/\/sezona.lv\/en\/wp-json\/wp\/v2\/types\/product"}],"wp:attachment":[{"href":"https:\/\/sezona.lv\/en\/wp-json\/wp\/v2\/media?parent=77507"}],"wp:term":[{"taxonomy":"product_brand","embeddable":true,"href":"https:\/\/sezona.lv\/en\/wp-json\/wp\/v2\/product_brand?post=77507"},{"taxonomy":"product_cat","embeddable":true,"href":"https:\/\/sezona.lv\/en\/wp-json\/wp\/v2\/product_cat?post=77507"},{"taxonomy":"product_tag","embeddable":true,"href":"https:\/\/sezona.lv\/en\/wp-json\/wp\/v2\/product_tag?post=77507"}],"curies":[{"name":"wp","href":"https:\/\/api.w.org\/{rel}","templated":true}]}}