{"id":77508,"date":"2025-07-14T15:07:46","date_gmt":"2025-07-14T12:07:46","guid":{"rendered":"https:\/\/demo8.ecube.lv\/sezona.lv\/products\/dunu-jaka-marmot-sieviesu-guides-down-hoody\/"},"modified":"2025-07-14T15:07:46","modified_gmt":"2025-07-14T12:07:46","slug":"dunu-jaka-marmot-sieviesu-guides-down-hoody","status":"publish","type":"product","link":"https:\/\/sezona.lv\/en\/products\/dunu-jaka-marmot-sieviesu-guides-down-hoody\/","title":{"rendered":"D\u016bnu jaka Marmot sievie\u0161u Guides Down Hoody"},"content":{"rendered":"<p align=\"justify\"><span style=\"font-size: x-small\">Klasiskais d\u016bnu pild\u012bjums ievietos lakonisk\u0101 dizain\u0101 rada jauno sievie&scaron;u&nbsp;<strong>Wm&#8217;s Guids Down Jakcket<\/strong>&nbsp;jaku. Pild\u012bta ar augst\u0101k\u0101 labuma d\u016bn\u0101m un pastr\u0101d\u0101ta ar&nbsp;<strong>Down Defender&nbsp;<\/strong>tehnolo\u0123iju, kas ne\u013caus d\u016bn\u0101m samirkt. Lieliska sievie&scaron;u d\u016bnu jaka k\u0101 ikdienai t\u0101 ar\u012b klanu trekingiem un ziemas p\u0101rg\u0101jieniem. &Scaron;\u012b jaka noteikti iederas katras ziemas p\u0101rg\u0101jienu m\u012b\u013cot\u0101jas &#8220;must-have&#8221; sarakst\u0101!<br \/><\/span><\/p>\n<p>&nbsp;<\/p>\n<p><span style=\"color: #800000;font-size: x-small\"><strong>Specifik\u0101cija:<\/strong><\/span><\/p>\n<p>&nbsp;<\/p>\n<p><span style=\"font-size: x-small\"><strong>Pamatmateri\u0101ls:&nbsp;<\/strong>100% Polyester Mini Ripstop DWR 1.6 oz\/yd<br \/><strong>Siltin\u0101jums:<\/strong>&nbsp;700 FP d\u016bnas ar Down Defender<br \/><strong>Piegriezums:&nbsp;<\/strong>Regular Fit<br \/><strong>Muguras garums:<\/strong>&nbsp;67cm<br \/><strong>Svars:&nbsp;<\/strong>510 grami<\/span><\/p>\n<p>&nbsp;<\/p>\n<p><span style=\"color: #800000;font-size: x-small\"><strong>Raksturojums:<\/strong><\/span><\/p>\n<p>&nbsp;<\/p>\n<p><span style=\"font-size: x-small\"><img loading=\"lazy\" decoding=\"async\" src=\"http:\/\/www.virsotne.lv\/userfiles\/image\/ahaa\/marmot_logo_aplisM.gif\" alt=\"\" width=\"15\" height=\"15\" \/>&nbsp;Augst\u0101k\u0101s kavalit\u0101t\u0101tes 700FP d\u016bnas ar Down Defender apstr\u0101di<br \/><img loading=\"lazy\" decoding=\"async\" src=\"http:\/\/www.virsotne.lv\/userfiles\/image\/ahaa\/marmot_logo_aplisM.gif\" alt=\"\" width=\"15\" height=\"15\" \/>&nbsp;AR VElcro regul\u0113jamas ma\u017eetes<br \/><img loading=\"lazy\" decoding=\"async\" src=\"http:\/\/www.virsotne.lv\/userfiles\/image\/ahaa\/marmot_logo_aplisM.gif\" alt=\"\" width=\"15\" height=\"15\" \/>&nbsp;Angel-Wing Movement piegriezums<br \/><img loading=\"lazy\" decoding=\"async\" src=\"http:\/\/www.virsotne.lv\/userfiles\/image\/ahaa\/marmot_logo_aplisM.gif\" alt=\"\" width=\"15\" height=\"15\" \/>&nbsp;Pie&scaron;\u016bta d\u016bnu kapuce ar augstu kr\u0101gu<br \/><img loading=\"lazy\" decoding=\"async\" src=\"http:\/\/www.virsotne.lv\/userfiles\/image\/ahaa\/marmot_logo_aplisM.gif\" alt=\"\" width=\"15\" height=\"15\" \/>&nbsp;DriClime oder\u0113jums apkales un zoda da\u013c\u0101<br \/><img loading=\"lazy\" decoding=\"async\" src=\"http:\/\/www.virsotne.lv\/userfiles\/image\/ahaa\/marmot_logo_aplisM.gif\" alt=\"\" width=\"15\" height=\"15\" \/>&nbsp;Oder\u0113tas kabatas<br \/><img loading=\"lazy\" decoding=\"async\" src=\"http:\/\/www.virsotne.lv\/userfiles\/image\/ahaa\/marmot_logo_aplisM.gif\" alt=\"\" width=\"15\" height=\"15\" \/>&nbsp;Sapakoj\u0101s pati sav\u0101 iek&scaron;kabat\u0101<br \/><img loading=\"lazy\" decoding=\"async\" src=\"http:\/\/www.virsotne.lv\/userfiles\/image\/ahaa\/marmot_logo_aplisM.gif\" alt=\"\" width=\"15\" height=\"15\" \/>&nbsp;Sievie&scaron;u piegriezums&lt;<\/span><\/p>\n","protected":false},"excerpt":{"rendered":"<p>Klasiskais d\u016bnu pild\u012bjums ievietos lakonisk\u0101 dizain\u0101 rada jauno sievie&scaron;u&nbsp;Wm&#8217;s Guids Down Jakcket&nbsp;jaku. Pild\u012bta ar augst\u0101k\u0101 labuma d\u016bn\u0101m un pastr\u0101d\u0101ta ar&nbsp;Down Defender&nbsp;tehnolo\u0123iju, kas ne\u013caus d\u016bn\u0101m samirkt. Lieliska sievie&scaron;u d\u016bnu jaka k\u0101 ikdienai t\u0101 ar\u012b klanu trekingiem un ziemas p\u0101rg\u0101jieniem. &Scaron;\u012b jaka noteikti iederas katras ziemas p\u0101rg\u0101jienu m\u012b\u013cot\u0101jas &#8220;must-have&#8221; sarakst\u0101! &nbsp; Specifik\u0101cija: &nbsp; Pamatmateri\u0101ls:&nbsp;100% Polyester Mini Ripstop [&hellip;]<\/p>\n","protected":false},"featured_media":0,"template":"","meta":[],"product_brand":[908],"product_cat":[4619,4640,4713],"product_tag":[],"class_list":{"0":"post-77508","1":"product","2":"type-product","3":"status-publish","5":"product_brand-marmot","6":"product_cat-winter-clothes-recreation","7":"product_cat-recreation","8":"product_cat-down-jackets-winter-clothes-recreation","10":"first","11":"instock","12":"shipping-taxable","13":"purchasable","14":"product-type-simple"},"_links":{"self":[{"href":"https:\/\/sezona.lv\/en\/wp-json\/wp\/v2\/product\/77508","targetHints":{"allow":["GET"]}}],"collection":[{"href":"https:\/\/sezona.lv\/en\/wp-json\/wp\/v2\/product"}],"about":[{"href":"https:\/\/sezona.lv\/en\/wp-json\/wp\/v2\/types\/product"}],"wp:attachment":[{"href":"https:\/\/sezona.lv\/en\/wp-json\/wp\/v2\/media?parent=77508"}],"wp:term":[{"taxonomy":"product_brand","embeddable":true,"href":"https:\/\/sezona.lv\/en\/wp-json\/wp\/v2\/product_brand?post=77508"},{"taxonomy":"product_cat","embeddable":true,"href":"https:\/\/sezona.lv\/en\/wp-json\/wp\/v2\/product_cat?post=77508"},{"taxonomy":"product_tag","embeddable":true,"href":"https:\/\/sezona.lv\/en\/wp-json\/wp\/v2\/product_tag?post=77508"}],"curies":[{"name":"wp","href":"https:\/\/api.w.org\/{rel}","templated":true}]}}