{"id":77510,"date":"2025-07-14T15:07:48","date_gmt":"2025-07-14T12:07:48","guid":{"rendered":"https:\/\/demo8.ecube.lv\/sezona.lv\/products\/dunu-jaka-marmot-mountain-down-jacket\/"},"modified":"2025-07-14T15:07:48","modified_gmt":"2025-07-14T12:07:48","slug":"dunu-jaka-marmot-mountain-down-jacket","status":"publish","type":"product","link":"https:\/\/sezona.lv\/en\/products\/dunu-jaka-marmot-mountain-down-jacket\/","title":{"rendered":"D\u016bnu jaka Marmot Mountain Down Jacket"},"content":{"rendered":"<p align=\"justify\"><span style=\"font-size: x-small\">Marmot&nbsp;<strong>MemBrain&reg;<\/strong>&nbsp;\u016bdens iztur\u012bg\u0101\/elpojo&scaron;\u0101 membr\u0101na kas aptver 700 FP d\u016bnas, rada nevainojama komforta d\u016bnu ziemas jaku, kas pasarg\u0101s k\u0101 skarbaj\u0101 ziem\u0101, t\u0101 ar\u012b dr\u0113gnaj\u0101 un slapjaj\u0101 ruden\u012b. Pie&scaron;\u016bt\u0101 liel\u0101 kapuce rada augstu apkakli, kas pasrarg\u0101 no v\u0113ja un sniedz pat\u012bkamu m\u0101j\u012bgumu. No\u0146emama sniega kleiti\u0146a un divas \u013coti ietilp\u012bgas s\u0101nu kabatas. &Scaron;\u012bs kabatas ar\u012b ir izvietotas t\u0101, lai n\u0113s\u0101jot mugursomu, t\u0101s gurnu lence neierobe\u017eotu piek\u013cuvu to saturam. Izcilais Angel-Wing Movement&trade; piegriezums neierobe\u017eos kust\u012bbas p\u0101rg\u0101jienos un cit\u0101s aktivit\u0101t\u0113s &#8211; nevajadz\u0113s justies k\u0101 sniegav\u012bram!<br \/><\/span><\/p>\n<p>&nbsp;<\/p>\n<p><span style=\"color: #800000;font-size: x-small\"><strong><span style=\"text-decoration: underline\">Specifik\u0101cija:<\/span><\/strong><\/span><\/p>\n<p>&nbsp;<\/p>\n<p><span style=\"font-size: x-small\"><strong>Pamatmateri\u0101ls:<\/strong>&nbsp;MemBrain&reg; 10 2L 100% Nylon Ripstop 2.3 oz\/yd&nbsp;<br \/><\/span><span style=\"font-size: x-small\"><strong>Oder\u0113juma materi\u0101ls:<\/strong>&nbsp;100% Polyester Embossed WR 1.3 oz\/yd<br \/><\/span><span style=\"font-size: x-small\"><strong>Siltin\u0101t\u0101js:&nbsp;<\/strong>700 Fill Power Down&nbsp;<br \/><\/span><span style=\"font-size: x-small\"><strong>Muguras garums:&nbsp;<\/strong>76cm (M izm\u0113ram)<br \/><\/span><span style=\"font-size: x-small\"><strong>Piegriezums:<\/strong>&nbsp;Regular Fit<br \/><\/span><span style=\"font-size: x-small\"><strong>Svars:<\/strong>&nbsp;1017 grami<br \/><\/span><span style=\"font-size: x-small\"><strong>Kr\u0101sa:<\/strong>&nbsp;Melna, Zila<\/span><\/p>\n","protected":false},"excerpt":{"rendered":"<p>Marmot&nbsp;MemBrain&reg;&nbsp;\u016bdens iztur\u012bg\u0101\/elpojo&scaron;\u0101 membr\u0101na kas aptver 700 FP d\u016bnas, rada nevainojama komforta d\u016bnu ziemas jaku, kas pasarg\u0101s k\u0101 skarbaj\u0101 ziem\u0101, t\u0101 ar\u012b dr\u0113gnaj\u0101 un slapjaj\u0101 ruden\u012b. Pie&scaron;\u016bt\u0101 liel\u0101 kapuce rada augstu apkakli, kas pasrarg\u0101 no v\u0113ja un sniedz pat\u012bkamu m\u0101j\u012bgumu. No\u0146emama sniega kleiti\u0146a un divas \u013coti ietilp\u012bgas s\u0101nu kabatas. &Scaron;\u012bs kabatas ar\u012b ir izvietotas t\u0101, lai [&hellip;]<\/p>\n","protected":false},"featured_media":0,"template":"","meta":[],"product_brand":[908],"product_cat":[4619,4640,4713],"product_tag":[],"class_list":{"0":"post-77510","1":"product","2":"type-product","3":"status-publish","5":"product_brand-marmot","6":"product_cat-winter-clothes-recreation","7":"product_cat-recreation","8":"product_cat-down-jackets-winter-clothes-recreation","10":"first","11":"instock","12":"shipping-taxable","13":"purchasable","14":"product-type-simple"},"_links":{"self":[{"href":"https:\/\/sezona.lv\/en\/wp-json\/wp\/v2\/product\/77510","targetHints":{"allow":["GET"]}}],"collection":[{"href":"https:\/\/sezona.lv\/en\/wp-json\/wp\/v2\/product"}],"about":[{"href":"https:\/\/sezona.lv\/en\/wp-json\/wp\/v2\/types\/product"}],"wp:attachment":[{"href":"https:\/\/sezona.lv\/en\/wp-json\/wp\/v2\/media?parent=77510"}],"wp:term":[{"taxonomy":"product_brand","embeddable":true,"href":"https:\/\/sezona.lv\/en\/wp-json\/wp\/v2\/product_brand?post=77510"},{"taxonomy":"product_cat","embeddable":true,"href":"https:\/\/sezona.lv\/en\/wp-json\/wp\/v2\/product_cat?post=77510"},{"taxonomy":"product_tag","embeddable":true,"href":"https:\/\/sezona.lv\/en\/wp-json\/wp\/v2\/product_tag?post=77510"}],"curies":[{"name":"wp","href":"https:\/\/api.w.org\/{rel}","templated":true}]}}