{"id":77511,"date":"2025-07-14T15:07:49","date_gmt":"2025-07-14T12:07:49","guid":{"rendered":"https:\/\/demo8.ecube.lv\/sezona.lv\/products\/dunu-jaka-marmot-zeus-jacket\/"},"modified":"2025-07-14T15:07:49","modified_gmt":"2025-07-14T12:07:49","slug":"dunu-jaka-marmot-zeus-jacket","status":"publish","type":"product","link":"https:\/\/sezona.lv\/en\/products\/dunu-jaka-marmot-zeus-jacket\/","title":{"rendered":"D\u016bnu jaka Marmot Zeus Jacket"},"content":{"rendered":"<p align=\"justify\"><span style=\"font-size: x-small\">Atjaunot\u0101 Zeus Jacket jaka tagad ir v\u0113l lab\u0101ka! T\u0101 ir pild\u012bta ar augst\u0101k\u0101s klases d\u016bn\u0101m, kas ir ar Down Defender p\u0113capstr\u0101di. \u013boti kompakta un viegla &#8211; pati pakoj\u0101s sav\u0101 kabat\u0101 un neaiz\u0146em daudz vietas. Ide\u0101ls pa\u0123\u0113rba gabals k\u0101 ikdienai, t\u0101 ar\u012b alp\u012bnismam un p\u0101rg\u0101jieniem. Izcila svara un siltuma attiec\u012bba.<\/span><\/p>\n<p><span style=\"color: #800000;font-size: x-small\"><strong>Specifik\u0101cija:<\/strong><\/span><\/p>\n<p><span style=\"font-size: x-small\"><strong>Materi\u0101ls:&nbsp;<\/strong>100% Polyester DWR Mini Ripstop 1.2 oz\/yd<br \/><\/span><span style=\"font-size: x-small\"><strong>Oder\u0113jms:&nbsp;<\/strong>100% Polyester DWR 1.8 oz\/yd<br \/><\/span><span style=\"font-size: x-small\"><strong>Siltin\u0101t\u0101js:<\/strong>&nbsp;700 Fill Power Down with Down Defender&nbsp;<br \/><\/span><span style=\"font-size: x-small\"><strong>Svars:<\/strong>&nbsp;408grami<br \/><\/span><span style=\"font-size: x-small\"><strong>Piegriezums:&nbsp;<\/strong>Regular Fit<br \/><\/span><span style=\"font-size: x-small\"><strong>Muguras garums:&nbsp;<\/strong>71 cm (M izm\u0113ram)<br \/><\/span><span style=\"font-size: x-small\"><strong>Kr\u0101sa:<\/strong>&nbsp;Melna, sarkana<br \/><\/span><\/p>\n<p><span style=\"color: #800000;font-size: x-small\"><strong>Raksturojums:<\/strong><\/span><\/p>\n<p>&nbsp;<\/p>\n<p><span style=\"font-size: x-small\"><img loading=\"lazy\" decoding=\"async\" src=\"http:\/\/www.virsotne.lv\/userfiles\/image\/ahaa\/marmot_logo_aplisM.gif\" alt=\"\" width=\"15\" height=\"15\" \/>&nbsp;700 FP d\u016bnas ar Down Defender p\u0113capstr\u0101di<br \/><\/span><span style=\"font-size: x-small\"><img loading=\"lazy\" decoding=\"async\" src=\"http:\/\/www.virsotne.lv\/userfiles\/image\/ahaa\/marmot_logo_aplisM.gif\" alt=\"\" width=\"15\" height=\"15\" \/>&nbsp;Angle-Wing Movement piegriezums<br \/><\/span><span style=\"font-size: x-small\"><img loading=\"lazy\" decoding=\"async\" src=\"http:\/\/www.virsotne.lv\/userfiles\/image\/ahaa\/marmot_logo_aplisM.gif\" alt=\"\" width=\"15\" height=\"15\" \/>&nbsp;Pakoj\u0101s pati sav\u0101 kabat\u0101<br \/><\/span><span style=\"font-size: x-small\"><img loading=\"lazy\" decoding=\"async\" src=\"http:\/\/www.virsotne.lv\/userfiles\/image\/ahaa\/marmot_logo_aplisM.gif\" alt=\"\" width=\"15\" height=\"15\" \/>&nbsp;Viegls, d\u016bnu notur\u012bgs audums<br \/><\/span><span style=\"font-size: x-small\"><img loading=\"lazy\" decoding=\"async\" src=\"http:\/\/www.virsotne.lv\/userfiles\/image\/ahaa\/marmot_logo_aplisM.gif\" alt=\"\" width=\"15\" height=\"15\" \/>&nbsp;V\u0113jsargs r\u0101v\u0113jsl\u0113dz\u0113jam<\/span><\/p>\n","protected":false},"excerpt":{"rendered":"<p>Atjaunot\u0101 Zeus Jacket jaka tagad ir v\u0113l lab\u0101ka! T\u0101 ir pild\u012bta ar augst\u0101k\u0101s klases d\u016bn\u0101m, kas ir ar Down Defender p\u0113capstr\u0101di. \u013boti kompakta un viegla &#8211; pati pakoj\u0101s sav\u0101 kabat\u0101 un neaiz\u0146em daudz vietas. Ide\u0101ls pa\u0123\u0113rba gabals k\u0101 ikdienai, t\u0101 ar\u012b alp\u012bnismam un p\u0101rg\u0101jieniem. Izcila svara un siltuma attiec\u012bba. Specifik\u0101cija: Materi\u0101ls:&nbsp;100% Polyester DWR Mini Ripstop [&hellip;]<\/p>\n","protected":false},"featured_media":0,"template":"","meta":[],"product_brand":[908],"product_cat":[4619,4640,4713],"product_tag":[],"class_list":{"0":"post-77511","1":"product","2":"type-product","3":"status-publish","5":"product_brand-marmot","6":"product_cat-winter-clothes-recreation","7":"product_cat-recreation","8":"product_cat-down-jackets-winter-clothes-recreation","10":"first","11":"instock","12":"shipping-taxable","13":"purchasable","14":"product-type-simple"},"_links":{"self":[{"href":"https:\/\/sezona.lv\/en\/wp-json\/wp\/v2\/product\/77511","targetHints":{"allow":["GET"]}}],"collection":[{"href":"https:\/\/sezona.lv\/en\/wp-json\/wp\/v2\/product"}],"about":[{"href":"https:\/\/sezona.lv\/en\/wp-json\/wp\/v2\/types\/product"}],"wp:attachment":[{"href":"https:\/\/sezona.lv\/en\/wp-json\/wp\/v2\/media?parent=77511"}],"wp:term":[{"taxonomy":"product_brand","embeddable":true,"href":"https:\/\/sezona.lv\/en\/wp-json\/wp\/v2\/product_brand?post=77511"},{"taxonomy":"product_cat","embeddable":true,"href":"https:\/\/sezona.lv\/en\/wp-json\/wp\/v2\/product_cat?post=77511"},{"taxonomy":"product_tag","embeddable":true,"href":"https:\/\/sezona.lv\/en\/wp-json\/wp\/v2\/product_tag?post=77511"}],"curies":[{"name":"wp","href":"https:\/\/api.w.org\/{rel}","templated":true}]}}