{"id":77512,"date":"2025-07-14T15:07:50","date_gmt":"2025-07-14T12:07:50","guid":{"rendered":"https:\/\/demo8.ecube.lv\/sezona.lv\/products\/dunu-jaka-marmot-megawatt-jacket\/"},"modified":"2025-07-14T15:07:50","modified_gmt":"2025-07-14T12:07:50","slug":"dunu-jaka-marmot-megawatt-jacket","status":"publish","type":"product","link":"https:\/\/sezona.lv\/en\/products\/dunu-jaka-marmot-megawatt-jacket\/","title":{"rendered":"D\u016bnu jaka Marmot Megawatt Jacket"},"content":{"rendered":"<p align=\"justify\"><span style=\"font-size: x-small\">Dubult\u0101 d\u016bnu jaka! Megawatt jakai ir divk\u0101r&scaron;\u0101 siltin\u0101juma priek&scaron;roc\u012bbas aktivit\u0101t\u0113m aukst\u0101 laik\u0101. T\u0101 ir siltin\u0101ta ar Polartec Alpha siltin\u0101t\u0101ju, un torsa un kapuces da\u013c\u0101 t\u0101 papildus ir nosiltin\u0101ta ar augst\u0101k\u0101s kvalit\u0101tes 800 FP zosu d\u016bn\u0101m, kas ir apstr\u0101d\u0101tas ar Down Defender pretsamirk&scaron;ans tehnolo\u0123iju.&nbsp;<br \/><\/span><\/p>\n<p>&nbsp;<\/p>\n<p><span style=\"color: #800000;font-size: x-small\"><strong>Specifik\u0101cija:<\/strong><\/span><\/p>\n<p>&nbsp;<\/p>\n<p><span style=\"font-size: x-small\"><strong>Materi\u0101ls:<\/strong>&nbsp;Pertex Microlight&copy; 100% Nylon Triple Ripstop 1.2 oz\/yd<br \/><\/span><span style=\"font-size: x-small\"><strong>Oder\u0113jums:&nbsp;<\/strong>Pertex Microlight&copy; 100% Nylon Triple Ripstop 1.2 oz\/yd<br \/><\/span><span style=\"font-size: x-small\"><strong>Siltin\u0101jums:<\/strong>&nbsp;800 FP zosu d\u016bnas, Polartec Alpha&reg;&nbsp;<br \/><\/span><span style=\"font-size: x-small\"><strong>Muguras garums:&nbsp;<\/strong>69cm (M izm\u0113rs)<br \/><\/span><span style=\"font-size: x-small\"><strong>Piegriezums:<\/strong>&nbsp;Regular Fit<br \/><\/span><span style=\"font-size: x-small\"><strong>Svars:<\/strong>&nbsp;718 grami (M izm\u0113rs)<br \/><\/span><span style=\"font-size: x-small\"><strong>Kr\u0101sas:<\/strong>&nbsp;Za\u013ca, Zila, Pel\u0113ka, Melna<\/span><\/p>\n<p>&nbsp;<\/p>\n<p><span style=\"color: #800000;font-size: x-small\"><strong>Raksturojums:<\/strong><\/span><\/p>\n<p>&nbsp;<\/p>\n<p><span style=\"font-size: x-small\"><img loading=\"lazy\" decoding=\"async\" src=\"http:\/\/www.virsotne.lv\/userfiles\/image\/ahaa\/marmot_logo_aplisM.gif\" alt=\"\" width=\"15\" height=\"15\" \/>&nbsp;<strong>Polartec Alpha&reg;<\/strong>&nbsp;siltin\u0101jums<br \/><\/span><span style=\"font-size: x-small\"><img loading=\"lazy\" decoding=\"async\" src=\"http:\/\/www.virsotne.lv\/userfiles\/image\/ahaa\/marmot_logo_aplisM.gif\" alt=\"\" width=\"15\" height=\"15\" \/>&nbsp;<strong>800 FP zosu d\u016bnas&nbsp;<\/strong>ar&nbsp;<strong>Down Defender&trade;<\/strong><br \/><\/span><span style=\"font-size: x-small\"><img loading=\"lazy\" decoding=\"async\" src=\"http:\/\/www.virsotne.lv\/userfiles\/image\/ahaa\/marmot_logo_aplisM.gif\" alt=\"\" width=\"15\" height=\"15\" \/>&nbsp;Iek&scaron;kabata ar r\u0101v\u0113jsl\u0113dz\u0113ju<br \/><\/span><span style=\"font-size: x-small\"><img loading=\"lazy\" decoding=\"async\" src=\"http:\/\/www.virsotne.lv\/userfiles\/image\/ahaa\/marmot_logo_aplisM.gif\" alt=\"\" width=\"15\" height=\"15\" \/>&nbsp;Liela iek&scaron;kabata cepurei vai cimdiem<br \/><\/span><span style=\"font-size: x-small\"><img loading=\"lazy\" decoding=\"async\" src=\"http:\/\/www.virsotne.lv\/userfiles\/image\/ahaa\/marmot_logo_aplisM.gif\" alt=\"\" width=\"15\" height=\"15\" \/>&nbsp;<strong>Pack Pockets&trade;<\/strong>&nbsp;kabatas<br \/><\/span><span style=\"font-size: x-small\"><img loading=\"lazy\" decoding=\"async\" src=\"http:\/\/www.virsotne.lv\/userfiles\/image\/ahaa\/marmot_logo_aplisM.gif\" alt=\"\" width=\"15\" height=\"15\" \/>&nbsp;Ultraveigls&nbsp;<strong>Pertex&reg;<\/strong>&nbsp;Microlight audums<br \/><\/span><span style=\"font-size: x-small\"><img loading=\"lazy\" decoding=\"async\" src=\"http:\/\/www.virsotne.lv\/userfiles\/image\/ahaa\/marmot_logo_aplisM.gif\" alt=\"\" width=\"15\" height=\"15\" \/>&nbsp;Divvirzienu r\u0101v\u0113jsl\u0113dz\u0113js<\/span><\/p>\n","protected":false},"excerpt":{"rendered":"<p>Dubult\u0101 d\u016bnu jaka! Megawatt jakai ir divk\u0101r&scaron;\u0101 siltin\u0101juma priek&scaron;roc\u012bbas aktivit\u0101t\u0113m aukst\u0101 laik\u0101. T\u0101 ir siltin\u0101ta ar Polartec Alpha siltin\u0101t\u0101ju, un torsa un kapuces da\u013c\u0101 t\u0101 papildus ir nosiltin\u0101ta ar augst\u0101k\u0101s kvalit\u0101tes 800 FP zosu d\u016bn\u0101m, kas ir apstr\u0101d\u0101tas ar Down Defender pretsamirk&scaron;ans tehnolo\u0123iju.&nbsp; &nbsp; Specifik\u0101cija: &nbsp; Materi\u0101ls:&nbsp;Pertex Microlight&copy; 100% Nylon Triple Ripstop 1.2 oz\/ydOder\u0113jums:&nbsp;Pertex Microlight&copy; [&hellip;]<\/p>\n","protected":false},"featured_media":0,"template":"","meta":[],"product_brand":[908],"product_cat":[4619,4640,4713],"product_tag":[],"class_list":{"0":"post-77512","1":"product","2":"type-product","3":"status-publish","5":"product_brand-marmot","6":"product_cat-winter-clothes-recreation","7":"product_cat-recreation","8":"product_cat-down-jackets-winter-clothes-recreation","10":"first","11":"instock","12":"shipping-taxable","13":"purchasable","14":"product-type-simple"},"_links":{"self":[{"href":"https:\/\/sezona.lv\/en\/wp-json\/wp\/v2\/product\/77512","targetHints":{"allow":["GET"]}}],"collection":[{"href":"https:\/\/sezona.lv\/en\/wp-json\/wp\/v2\/product"}],"about":[{"href":"https:\/\/sezona.lv\/en\/wp-json\/wp\/v2\/types\/product"}],"wp:attachment":[{"href":"https:\/\/sezona.lv\/en\/wp-json\/wp\/v2\/media?parent=77512"}],"wp:term":[{"taxonomy":"product_brand","embeddable":true,"href":"https:\/\/sezona.lv\/en\/wp-json\/wp\/v2\/product_brand?post=77512"},{"taxonomy":"product_cat","embeddable":true,"href":"https:\/\/sezona.lv\/en\/wp-json\/wp\/v2\/product_cat?post=77512"},{"taxonomy":"product_tag","embeddable":true,"href":"https:\/\/sezona.lv\/en\/wp-json\/wp\/v2\/product_tag?post=77512"}],"curies":[{"name":"wp","href":"https:\/\/api.w.org\/{rel}","templated":true}]}}