{"id":77513,"date":"2025-07-14T15:07:51","date_gmt":"2025-07-14T12:07:51","guid":{"rendered":"https:\/\/demo8.ecube.lv\/sezona.lv\/products\/dunu-jaka-marmot-sieviesu-helsinki-coat\/"},"modified":"2025-07-14T15:07:51","modified_gmt":"2025-07-14T12:07:51","slug":"dunu-jaka-marmot-sieviesu-helsinki-coat","status":"publish","type":"product","link":"https:\/\/sezona.lv\/en\/products\/dunu-jaka-marmot-sieviesu-helsinki-coat\/","title":{"rendered":"D\u016bnu jaka Marmot sievie\u0161u Helsinki Coat"},"content":{"rendered":"<p align=\"justify\"><span style=\"font-size: x-small\">Viegla,&nbsp;<span style=\"color: #000000\">sievie&scaron;u piegriezuma<\/span>&nbsp;d\u016bnu pils\u0113tas jaka<\/span><span style=\"font-size: x-small\">. Pild\u012bta ar&nbsp;<strong>700 FP<\/strong>&nbsp;kvalit\u0101tes d\u016bn\u0101m, kas ir apstr\u0101d\u0101t\u0101s ar inovat\u012bvo&nbsp;<strong>Marmot Defender<\/strong>&nbsp;tehnolo\u0123u, kas ne\u013cauj d\u016bn\u0101m samirk l\u012bdz pat 20 mazg\u0101&scaron;anas reiz\u0113m. Jakas piegriezums eleganti izcels J\u016bsu augumu.<\/span><\/p>\n<p><span style=\"color: #800000;font-size: x-small\"><strong>Specifik\u0101cija:<\/strong><\/span><\/p>\n<p><span style=\"font-size: x-small\"><strong>Pamatmateri\u0101ls:<\/strong>&nbsp;<\/span><span style=\"font-size: x-small\">100% Nylon Ripstop 1.0 oz\/yd<\/span><span style=\"font-size: x-small\"><br \/><strong>Siltin\u0101juma materi\u0101ls:&nbsp;<\/strong>700 FP&nbsp;<span style=\"font-size: x-small\">d\u016bnas ar Defender apstr\u0101di<\/span><br \/><strong>Muguras garums:<\/strong>&nbsp;58.5 cm (M izm\u0113ram)<br \/><strong>Svars:<\/strong>&nbsp;652 grami<br \/><strong>Kr\u0101sas:&nbsp;<\/strong>melna<br \/><\/span><\/p>\n<p><span style=\"color: #800000;font-size: x-small\"><strong>Galven\u0101s \u012bpa&scaron;\u012bbas:<\/strong><\/span><\/p>\n<p align=\"justify\"><span style=\"font-size: x-small\">Ultralight Down-proof Fabric &#8211; Ultra viegls, d\u016bnu notur\u012bgs audums<br \/>700 Fill Power d\u016bnas &#8211;&nbsp;Sertific\u0113tas l\u0101b\u0101k\u0101s kvalit\u0101tes d\u016bnas ar Defender tehnolo\u0123iju<br \/>Regul\u0113jama kapuce ar d\u016bnu pild\u012bjumu<\/span><span style=\"font-size: x-small\">&nbsp;un m\u0101ksl\u012bgo ka\u017eoku<br \/>\u0100r\u0113j\u0101&nbsp;kabata uz kreis\u0101 pleca<\/span><span style=\"font-size: x-small\">&nbsp;&#8211;&nbsp;s\u012bku priek&scaron;metu izvieto&scaron;anai<br \/>S\u0101nu kabatas ar r\u0101v\u0113jsl\u0113dz\u0113ju un fl\u012bsa oder\u0113jumu &#8211; pat\u012bkami sasild\u012bs rokas<br \/>Elast\u012bga savilc\u0113jaukla&nbsp;jakas lejas da\u013c\u0101<br \/>Regul\u0113jamas Velcro&reg; aizdares elast\u012bgaj\u0101m piedurk\u0146u man\u017eet\u0113m &#8211; jakas regul\u0113&scaron;anai un kust\u012bbu br\u012bv\u012bbai<br \/>V\u0113ju aizturo&scaron;s p\u0101rliktnis zem priek&scaron;\u0113j\u0101 r\u0101v\u0113jsl\u0113dz\u0113js<\/span><\/p>\n","protected":false},"excerpt":{"rendered":"<p>Viegla,&nbsp;sievie&scaron;u piegriezuma&nbsp;d\u016bnu pils\u0113tas jaka. Pild\u012bta ar&nbsp;700 FP&nbsp;kvalit\u0101tes d\u016bn\u0101m, kas ir apstr\u0101d\u0101t\u0101s ar inovat\u012bvo&nbsp;Marmot Defender&nbsp;tehnolo\u0123u, kas ne\u013cauj d\u016bn\u0101m samirk l\u012bdz pat 20 mazg\u0101&scaron;anas reiz\u0113m. Jakas piegriezums eleganti izcels J\u016bsu augumu. Specifik\u0101cija: Pamatmateri\u0101ls:&nbsp;100% Nylon Ripstop 1.0 oz\/ydSiltin\u0101juma materi\u0101ls:&nbsp;700 FP&nbsp;d\u016bnas ar Defender apstr\u0101diMuguras garums:&nbsp;58.5 cm (M izm\u0113ram)Svars:&nbsp;652 gramiKr\u0101sas:&nbsp;melna Galven\u0101s \u012bpa&scaron;\u012bbas: Ultralight Down-proof Fabric &#8211; Ultra viegls, d\u016bnu notur\u012bgs [&hellip;]<\/p>\n","protected":false},"featured_media":0,"template":"","meta":[],"product_brand":[908],"product_cat":[4619,4640,4713],"product_tag":[],"class_list":{"0":"post-77513","1":"product","2":"type-product","3":"status-publish","5":"product_brand-marmot","6":"product_cat-winter-clothes-recreation","7":"product_cat-recreation","8":"product_cat-down-jackets-winter-clothes-recreation","10":"first","11":"instock","12":"shipping-taxable","13":"purchasable","14":"product-type-simple"},"_links":{"self":[{"href":"https:\/\/sezona.lv\/en\/wp-json\/wp\/v2\/product\/77513","targetHints":{"allow":["GET"]}}],"collection":[{"href":"https:\/\/sezona.lv\/en\/wp-json\/wp\/v2\/product"}],"about":[{"href":"https:\/\/sezona.lv\/en\/wp-json\/wp\/v2\/types\/product"}],"wp:attachment":[{"href":"https:\/\/sezona.lv\/en\/wp-json\/wp\/v2\/media?parent=77513"}],"wp:term":[{"taxonomy":"product_brand","embeddable":true,"href":"https:\/\/sezona.lv\/en\/wp-json\/wp\/v2\/product_brand?post=77513"},{"taxonomy":"product_cat","embeddable":true,"href":"https:\/\/sezona.lv\/en\/wp-json\/wp\/v2\/product_cat?post=77513"},{"taxonomy":"product_tag","embeddable":true,"href":"https:\/\/sezona.lv\/en\/wp-json\/wp\/v2\/product_tag?post=77513"}],"curies":[{"name":"wp","href":"https:\/\/api.w.org\/{rel}","templated":true}]}}