{"id":77515,"date":"2025-07-14T15:07:52","date_gmt":"2025-07-14T12:07:52","guid":{"rendered":"https:\/\/demo8.ecube.lv\/sezona.lv\/products\/dunu-jaka-marmot-guides-down-sweater\/"},"modified":"2025-07-14T15:07:52","modified_gmt":"2025-07-14T12:07:52","slug":"dunu-jaka-marmot-guides-down-sweater","status":"publish","type":"product","link":"https:\/\/sezona.lv\/en\/products\/dunu-jaka-marmot-guides-down-sweater\/","title":{"rendered":"D\u016bnu jaka Marmot Guides Down Sweater"},"content":{"rendered":"<p align=\"justify\"><span style=\"font-size: x-small\"><strong>Klasiska, lieliski sabalas\u0113ta d\u016bnu jaka<\/strong>. Silta un viegla. Ide\u0101ls ap\u0123\u0113rbs akt\u012bva cilv\u0113ka garderob\u0113. D\u016bnu jaka paredz\u0113ta gan nodarb\u012bb\u0101m dab\u0101, gan kalnu p\u0101rg\u0101jieniem, gan pils\u0113tas lieto&scaron;anai aukstos laika apst\u0101k\u013cos.<\/span><\/p>\n<p><span style=\"color: #800000;font-size: x-small\"><strong>Specifik\u0101cija:<\/strong><\/span><\/p>\n<p><span style=\"font-size: x-small\"><strong>Materi\u0101ls:&nbsp;<\/strong>100% Polyster DWR Ripstop<br \/><strong>Odere:<\/strong><\/span>&nbsp;<span style=\"font-size: x-small\">100% Polyester Embossed WR<br \/><strong>Siltin\u0101t\u0101js:<\/strong><\/span>&nbsp;<span style=\"font-size: x-small\">650 FP zosu d\u016bnas<br \/><strong>Svars:<\/strong><\/span>&nbsp;<span style=\"font-size: x-small\">589 grami<br \/><strong>Muguras garums:<\/strong>&nbsp;70cm (M izm\u0113ram)<br \/><strong>Kr\u0101sa:<\/strong><\/span>&nbsp;<span style=\"font-size: x-small\">tum&scaron;i zila, pel\u0113ka<\/span><\/p>\n<p><span style=\"color: #800000;font-size: x-small\"><strong>Galven\u0101s \u012bpa&scaron;\u012bbas:<\/strong><\/span><\/p>\n<p align=\"justify\"><span style=\"font-size: x-small\"><em><img decoding=\"async\" src=\"http:\/\/www.virsotne.lv\/images\/front\/precu_zimes\/marmot_logo_aplisM.gif\" alt=\"\" \/>&nbsp;Iek&scaron;kabata ar r\u0101v\u0113jsl\u0113dz\u0113ju &#8211;&nbsp;<\/em>\u013cauj sapakot jaku pa&scaron;as jakas kabat\u0101<br \/><em><img decoding=\"async\" src=\"http:\/\/www.virsotne.lv\/images\/front\/precu_zimes\/marmot_logo_aplisM.gif\" alt=\"\" \/>&nbsp;DriClime&reg; oder\u0113jums&nbsp;<\/em><\/span><span style=\"font-size: x-small\"><strong>&#8211;<\/strong>&nbsp;pat\u012bkami silts un pl\u016bksnains materi\u0101ls ap kaklu, seju un piedurk\u0146u man\u017eet\u0113m&nbsp;<br \/><img decoding=\"async\" src=\"http:\/\/www.virsotne.lv\/images\/front\/precu_zimes\/marmot_logo_aplisM.gif\" alt=\"\" \/>&nbsp;<em>S\u0101nu kabatas ar r\u0101v\u0113jsl\u0113dz\u0113ju un<\/em>&nbsp;<em>fl\u012bsa oder\u0113jumu &#8211;&nbsp;<\/em>pat\u012bkami sasild\u012bs rokas<br \/><img decoding=\"async\" src=\"http:\/\/www.virsotne.lv\/images\/front\/precu_zimes\/marmot_logo_aplisM.gif\" alt=\"\" \/>&nbsp;<em>Regul\u0113jamas Velcro aizdares elast\u012bgaj\u0101m piedurk\u0146u man\u017eet\u0113m<\/em>&nbsp;&#8211; jakas regul\u0113&scaron;anai un kust\u012bbu br\u012bv\u012bbai<br \/><img decoding=\"async\" src=\"http:\/\/www.virsotne.lv\/images\/front\/precu_zimes\/marmot_logo_aplisM.gif\" alt=\"\" \/>&nbsp;Elast\u012bga savilc\u0113jaukla jakas lejas da\u013c\u0101<br \/><img decoding=\"async\" src=\"http:\/\/www.virsotne.lv\/images\/front\/precu_zimes\/marmot_logo_aplisM.gif\" alt=\"\" \/>&nbsp;V\u0113ju aizsarg\u0101jo&scaron;s p\u0101rliktnis priek&scaron;\u0113jam r\u0101v\u0113jsl\u0113dz\u0113jam<\/span><\/p>\n","protected":false},"excerpt":{"rendered":"<p>Klasiska, lieliski sabalas\u0113ta d\u016bnu jaka. Silta un viegla. Ide\u0101ls ap\u0123\u0113rbs akt\u012bva cilv\u0113ka garderob\u0113. D\u016bnu jaka paredz\u0113ta gan nodarb\u012bb\u0101m dab\u0101, gan kalnu p\u0101rg\u0101jieniem, gan pils\u0113tas lieto&scaron;anai aukstos laika apst\u0101k\u013cos. Specifik\u0101cija: Materi\u0101ls:&nbsp;100% Polyster DWR RipstopOdere:&nbsp;100% Polyester Embossed WRSiltin\u0101t\u0101js:&nbsp;650 FP zosu d\u016bnasSvars:&nbsp;589 gramiMuguras garums:&nbsp;70cm (M izm\u0113ram)Kr\u0101sa:&nbsp;tum&scaron;i zila, pel\u0113ka Galven\u0101s \u012bpa&scaron;\u012bbas: &nbsp;Iek&scaron;kabata ar r\u0101v\u0113jsl\u0113dz\u0113ju &#8211;&nbsp;\u013cauj sapakot jaku pa&scaron;as jakas [&hellip;]<\/p>\n","protected":false},"featured_media":0,"template":"","meta":[],"product_brand":[908],"product_cat":[4619,4640,4713],"product_tag":[],"class_list":{"0":"post-77515","1":"product","2":"type-product","3":"status-publish","5":"product_brand-marmot","6":"product_cat-winter-clothes-recreation","7":"product_cat-recreation","8":"product_cat-down-jackets-winter-clothes-recreation","10":"first","11":"instock","12":"shipping-taxable","13":"purchasable","14":"product-type-simple"},"_links":{"self":[{"href":"https:\/\/sezona.lv\/en\/wp-json\/wp\/v2\/product\/77515","targetHints":{"allow":["GET"]}}],"collection":[{"href":"https:\/\/sezona.lv\/en\/wp-json\/wp\/v2\/product"}],"about":[{"href":"https:\/\/sezona.lv\/en\/wp-json\/wp\/v2\/types\/product"}],"wp:attachment":[{"href":"https:\/\/sezona.lv\/en\/wp-json\/wp\/v2\/media?parent=77515"}],"wp:term":[{"taxonomy":"product_brand","embeddable":true,"href":"https:\/\/sezona.lv\/en\/wp-json\/wp\/v2\/product_brand?post=77515"},{"taxonomy":"product_cat","embeddable":true,"href":"https:\/\/sezona.lv\/en\/wp-json\/wp\/v2\/product_cat?post=77515"},{"taxonomy":"product_tag","embeddable":true,"href":"https:\/\/sezona.lv\/en\/wp-json\/wp\/v2\/product_tag?post=77515"}],"curies":[{"name":"wp","href":"https:\/\/api.w.org\/{rel}","templated":true}]}}