{"id":77516,"date":"2025-07-14T15:07:53","date_gmt":"2025-07-14T12:07:53","guid":{"rendered":"https:\/\/demo8.ecube.lv\/sezona.lv\/products\/dunu-jaka-marmot-guides-down-hoody\/"},"modified":"2025-07-14T15:07:53","modified_gmt":"2025-07-14T12:07:53","slug":"dunu-jaka-marmot-guides-down-hoody","status":"publish","type":"product","link":"https:\/\/sezona.lv\/en\/products\/dunu-jaka-marmot-guides-down-hoody\/","title":{"rendered":"D\u016bnu jaka Marmot Guides Down Hoody"},"content":{"rendered":"<p align=\"justify\"><span style=\"font-size: x-small\">Lakoniska bet efekt\u012bva! T\u0101 var\u0113tu raksturot&nbsp;<strong>Marmot Guide Down Hoody<\/strong>&nbsp;d\u016bnu jaku. Pild\u012bta ar augt\u0101k\u0101 labuma&nbsp;<strong>700FP d\u016bn\u0101m<\/strong>, kuras ir apstr\u0101d\u0101tas ar&nbsp;<strong>Down Defender<\/strong>. &Scaron;is modelis ir \u013coti kompakts, bet tai pat laik\u0101 silts un komfortabls. &Scaron;o d\u016bnu jaku var salikt t\u0101s iek&scaron;kabat\u0101, t\u0101d\u0113j\u0101di ietaupot vietu som\u0101. Ide\u0101li piem\u0113rot kalnu t\u016brismam k\u0101 ar\u012b, pateicoties lakoniskajam dizainam, t\u0101 b\u016bs lieliska ar\u012b ikdien\u0101.<\/span><\/p>\n<p>&nbsp;<\/p>\n<p><span style=\"color: #800000\"><strong><span style=\"font-size: x-small\">Specifik\u0101cija:<\/span><\/strong><\/span><\/p>\n<p>&nbsp;<\/p>\n<p><span style=\"font-size: x-small\"><strong>Materi\u0101ls:&nbsp;<\/strong>100% Polyester Ripstop DWR 1.6 oz\/yd<br \/><strong>Odere:<\/strong>&nbsp;100% Polyester Embossed WR 1.8 oz\/yd<br \/><strong>Siltin\u0101t\u0101js:&nbsp;<\/strong>700 FP d\u016bnas ar Down Defender apstr\u0101di<br \/><strong>Muguras garums:<\/strong>&nbsp;72,5 cm (M izm\u0113ram)<br \/><strong>Piegriezums:<\/strong>&nbsp;Regular Fit<br \/><strong>Svars:<\/strong>&nbsp;657 grami<br \/><strong>Kr\u0101sa:<\/strong>&nbsp;Melna, Zila<\/span><\/p>\n<p>&nbsp;<\/p>\n<p><span style=\"color: #800000\"><strong><span style=\"font-size: x-small\">Raksturojums:<\/span><\/strong><\/span><\/p>\n<p>&nbsp;<\/p>\n<p><span style=\"font-size: x-small\"><img loading=\"lazy\" decoding=\"async\" src=\"http:\/\/www.virsotne.lv\/userfiles\/image\/ahaa\/marmot_logo_aplisM.gif\" alt=\"\" width=\"15\" height=\"15\" \/>&nbsp;700 FP d\u016bnas ar Down Defender apstr\u0101di<br \/><\/span><span style=\"font-size: x-small\"><img loading=\"lazy\" decoding=\"async\" src=\"http:\/\/www.virsotne.lv\/userfiles\/image\/ahaa\/marmot_logo_aplisM.gif\" alt=\"\" width=\"15\" height=\"15\" \/>&nbsp;Angel-Wing Movement piegriezums<br \/><\/span><span style=\"font-size: x-small\"><img loading=\"lazy\" decoding=\"async\" src=\"http:\/\/www.virsotne.lv\/userfiles\/image\/ahaa\/marmot_logo_aplisM.gif\" alt=\"\" width=\"15\" height=\"15\" \/>&nbsp;Pievienta kapuce ar augstu apkakli<br \/><\/span><span style=\"font-size: x-small\"><img loading=\"lazy\" decoding=\"async\" src=\"http:\/\/www.virsotne.lv\/userfiles\/image\/ahaa\/marmot_logo_aplisM.gif\" alt=\"\" width=\"15\" height=\"15\" \/>&nbsp;Iek&scaron;akabata ar r\u0101v\u0113jsl\u0113dz\u0113ju, kur\u0101 var ieloc\u012bt jaku<br \/><\/span><span style=\"font-size: x-small\"><img loading=\"lazy\" decoding=\"async\" src=\"http:\/\/www.virsotne.lv\/userfiles\/image\/ahaa\/marmot_logo_aplisM.gif\" alt=\"\" width=\"15\" height=\"15\" \/>&nbsp;V\u0113ja aizsegs r\u0101v\u0113jsl\u0113dz\u0113jam<br \/><\/span><span style=\"font-size: x-small\"><img loading=\"lazy\" decoding=\"async\" src=\"http:\/\/www.virsotne.lv\/userfiles\/image\/ahaa\/marmot_logo_aplisM.gif\" alt=\"\" width=\"15\" height=\"15\" \/>&nbsp;Kr\u016b&scaron;u kabata ar r\u0101v\u0113jsl\u0113dz\u0113ju<br \/><\/span><span style=\"font-size: x-small\"><img loading=\"lazy\" decoding=\"async\" src=\"http:\/\/www.virsotne.lv\/userfiles\/image\/ahaa\/marmot_logo_aplisM.gif\" alt=\"\" width=\"15\" height=\"15\" \/>&nbsp;S\u0101nu kabatas ar r\u0101v\u0113jsl\u0113dz\u0113ju un mikrofl\u012bsa oder\u0113jumu<\/span><\/p>\n","protected":false},"excerpt":{"rendered":"<p>Lakoniska bet efekt\u012bva! T\u0101 var\u0113tu raksturot&nbsp;Marmot Guide Down Hoody&nbsp;d\u016bnu jaku. Pild\u012bta ar augt\u0101k\u0101 labuma&nbsp;700FP d\u016bn\u0101m, kuras ir apstr\u0101d\u0101tas ar&nbsp;Down Defender. &Scaron;is modelis ir \u013coti kompakts, bet tai pat laik\u0101 silts un komfortabls. &Scaron;o d\u016bnu jaku var salikt t\u0101s iek&scaron;kabat\u0101, t\u0101d\u0113j\u0101di ietaupot vietu som\u0101. Ide\u0101li piem\u0113rot kalnu t\u016brismam k\u0101 ar\u012b, pateicoties lakoniskajam dizainam, t\u0101 b\u016bs lieliska [&hellip;]<\/p>\n","protected":false},"featured_media":0,"template":"","meta":[],"product_brand":[908],"product_cat":[4619,4640,4713],"product_tag":[],"class_list":{"0":"post-77516","1":"product","2":"type-product","3":"status-publish","5":"product_brand-marmot","6":"product_cat-winter-clothes-recreation","7":"product_cat-recreation","8":"product_cat-down-jackets-winter-clothes-recreation","10":"first","11":"instock","12":"shipping-taxable","13":"purchasable","14":"product-type-simple"},"_links":{"self":[{"href":"https:\/\/sezona.lv\/en\/wp-json\/wp\/v2\/product\/77516","targetHints":{"allow":["GET"]}}],"collection":[{"href":"https:\/\/sezona.lv\/en\/wp-json\/wp\/v2\/product"}],"about":[{"href":"https:\/\/sezona.lv\/en\/wp-json\/wp\/v2\/types\/product"}],"wp:attachment":[{"href":"https:\/\/sezona.lv\/en\/wp-json\/wp\/v2\/media?parent=77516"}],"wp:term":[{"taxonomy":"product_brand","embeddable":true,"href":"https:\/\/sezona.lv\/en\/wp-json\/wp\/v2\/product_brand?post=77516"},{"taxonomy":"product_cat","embeddable":true,"href":"https:\/\/sezona.lv\/en\/wp-json\/wp\/v2\/product_cat?post=77516"},{"taxonomy":"product_tag","embeddable":true,"href":"https:\/\/sezona.lv\/en\/wp-json\/wp\/v2\/product_tag?post=77516"}],"curies":[{"name":"wp","href":"https:\/\/api.w.org\/{rel}","templated":true}]}}