{"id":77517,"date":"2025-07-14T15:07:54","date_gmt":"2025-07-14T12:07:54","guid":{"rendered":"https:\/\/demo8.ecube.lv\/sezona.lv\/products\/dunu-jaka-marmot-zeus-jacket-13\/"},"modified":"2025-07-14T15:07:54","modified_gmt":"2025-07-14T12:07:54","slug":"dunu-jaka-marmot-zeus-jacket-13","status":"publish","type":"product","link":"https:\/\/sezona.lv\/en\/products\/dunu-jaka-marmot-zeus-jacket-13\/","title":{"rendered":"D\u016bnu jaka Marmot Zeus Jacket 13"},"content":{"rendered":"<p align=\"justify\"><span style=\"font-size: x-small\">ZEUS viegl\u0101 d\u016bnu jaka&nbsp;&#8211; nopietns ap\u0123\u0113rbs pils\u0113tas ziemai un ide\u0101ls ekip\u0113jums nopietn\u0101 ce\u013cojum\u0101. Jakas siltin\u0101juma sl\u0101nis ir&nbsp;<strong>augst\u0101k\u0101s kvalit\u0101tes zosu d\u016bnas ar&nbsp; r\u0101d\u012bt\u0101ju F.P. 800.<\/strong>&nbsp; Pateicoties t\u0101s mazajam svaram un pako&scaron;anas izm\u0113riem<strong>,<\/strong>&nbsp;to ir viegli un \u0113rti pa\u0137ert l\u012bdzi jebkur\u0101 ce\u013cojum\u0101. Paredz\u0113ta izmanto&scaron;anai<strong>gan k\u0101 siltin\u0101juma sl\u0101nis, gan virs\u0113jais ap\u0123\u0113rbs.&nbsp;<\/strong>Jaka \u0113rti spakojama vien\u0101 no s\u0101nu kabat\u0101m!<\/span><\/p>\n<p><span style=\"color: #800000;font-size: x-small\"><strong>Specifik\u0101cija:<\/strong><\/span><\/p>\n<p><span style=\"font-size: x-small\"><strong>Materi\u0101ls:&nbsp;<\/strong>100% Polyester DWR Mini Ripstop 1.2 oz\/yd&nbsp;<br \/><strong>Odere:<\/strong><\/span>&nbsp;<span style=\"font-size: x-small\">100% Polyester Embossed WR<br \/><strong>Siltin\u0101t\u0101js:<\/strong><\/span>&nbsp;<span style=\"font-size: x-small\">800 FP zosu d\u016bnas<br \/><strong>Svars:<\/strong><\/span>&nbsp;<span style=\"font-size: x-small\">408grami<br \/><strong>Muguras garums:<\/strong>&nbsp;69 cm (M izm\u0113ram)<br \/><strong>Kr\u0101sa:<\/strong><\/span>&nbsp;<span style=\"font-size: x-small\">Melna, zila<br \/><\/span><\/p>\n<p><span style=\"color: #800000;font-size: x-small\"><strong>Galven\u0101s \u012bpa&scaron;\u012bbas:<\/strong><\/span><\/p>\n<p align=\"left\"><span style=\"font-size: x-small\"><em>Ultralight Down-proof Fabric<\/em>&nbsp;&#8211; Ultra viegls, d\u016bnu notur\u012bgs audums<br \/><\/span><span style=\"font-size: x-small\"><em>800 Fill Power&nbsp;Zosu d\u016bnas &#8211;<\/em>&nbsp;Sertific\u0113tas l\u0101b\u0101k\u0101s kvalit\u0101tes d\u016bnas.<br \/><\/span><span style=\"font-size: x-small\"><em>S\u0101nu kabatas ar r\u0101v\u0113jsl\u0113dz\u0113ju un<\/em>&nbsp;<em>fl\u012bsa oder\u0113jumu &#8211;&nbsp;<\/em>pat\u012bkami sasild\u012bs rokas<br \/><\/span><span style=\"font-size: x-small\">Elast\u012bga savilc\u0113jaukla&nbsp;jakas lejas da\u013c\u0101<br \/><\/span><span style=\"font-size: x-small\">\u0112rti sapakojama vien\u0101 no jakas kabat\u0101m&nbsp;<br \/><\/span><span style=\"font-size: x-small\">V\u0113ju aizturo&scaron;s p\u0101rliktnis zem priek&scaron;\u0113j\u0101 r\u0101v\u0113jsl\u0113dz\u0113ja<br \/><\/span><span style=\"font-size: x-small\"><em>Angel-Wing Movement&trade;<\/em>&nbsp;&#8211; piegriezums nodro&scaron;ina piln\u012bgu kust\u012bbu br\u012bv\u012bbu, jakas piedurkn\u0113m neraujoties uz aug&scaron;u<\/span><\/p>\n","protected":false},"excerpt":{"rendered":"<p>ZEUS viegl\u0101 d\u016bnu jaka&nbsp;&#8211; nopietns ap\u0123\u0113rbs pils\u0113tas ziemai un ide\u0101ls ekip\u0113jums nopietn\u0101 ce\u013cojum\u0101. Jakas siltin\u0101juma sl\u0101nis ir&nbsp;augst\u0101k\u0101s kvalit\u0101tes zosu d\u016bnas ar&nbsp; r\u0101d\u012bt\u0101ju F.P. 800.&nbsp; Pateicoties t\u0101s mazajam svaram un pako&scaron;anas izm\u0113riem,&nbsp;to ir viegli un \u0113rti pa\u0137ert l\u012bdzi jebkur\u0101 ce\u013cojum\u0101. Paredz\u0113ta izmanto&scaron;anaigan k\u0101 siltin\u0101juma sl\u0101nis, gan virs\u0113jais ap\u0123\u0113rbs.&nbsp;Jaka \u0113rti spakojama vien\u0101 no s\u0101nu kabat\u0101m! Specifik\u0101cija: Materi\u0101ls:&nbsp;100% [&hellip;]<\/p>\n","protected":false},"featured_media":0,"template":"","meta":[],"product_brand":[908],"product_cat":[4619,4640,4713],"product_tag":[],"class_list":{"0":"post-77517","1":"product","2":"type-product","3":"status-publish","5":"product_brand-marmot","6":"product_cat-winter-clothes-recreation","7":"product_cat-recreation","8":"product_cat-down-jackets-winter-clothes-recreation","10":"first","11":"instock","12":"shipping-taxable","13":"purchasable","14":"product-type-simple"},"_links":{"self":[{"href":"https:\/\/sezona.lv\/en\/wp-json\/wp\/v2\/product\/77517","targetHints":{"allow":["GET"]}}],"collection":[{"href":"https:\/\/sezona.lv\/en\/wp-json\/wp\/v2\/product"}],"about":[{"href":"https:\/\/sezona.lv\/en\/wp-json\/wp\/v2\/types\/product"}],"wp:attachment":[{"href":"https:\/\/sezona.lv\/en\/wp-json\/wp\/v2\/media?parent=77517"}],"wp:term":[{"taxonomy":"product_brand","embeddable":true,"href":"https:\/\/sezona.lv\/en\/wp-json\/wp\/v2\/product_brand?post=77517"},{"taxonomy":"product_cat","embeddable":true,"href":"https:\/\/sezona.lv\/en\/wp-json\/wp\/v2\/product_cat?post=77517"},{"taxonomy":"product_tag","embeddable":true,"href":"https:\/\/sezona.lv\/en\/wp-json\/wp\/v2\/product_tag?post=77517"}],"curies":[{"name":"wp","href":"https:\/\/api.w.org\/{rel}","templated":true}]}}