{"id":77518,"date":"2025-07-14T15:07:55","date_gmt":"2025-07-14T12:07:55","guid":{"rendered":"https:\/\/demo8.ecube.lv\/sezona.lv\/products\/dunu-jaka-marmot-ama-dablam-jacket\/"},"modified":"2025-07-14T15:07:55","modified_gmt":"2025-07-14T12:07:55","slug":"dunu-jaka-marmot-ama-dablam-jacket","status":"publish","type":"product","link":"https:\/\/sezona.lv\/en\/products\/dunu-jaka-marmot-ama-dablam-jacket\/","title":{"rendered":"D\u016bnu jaka Marmot Ama Dablam Jacket"},"content":{"rendered":"<p align=\"justify\"><span style=\"font-size: x-small\">Ultra viegla d\u016bnu jaka.&nbsp;<strong>AMA DABLAM<\/strong>&nbsp;jakas konstrukcija un dizains turpina&nbsp;<strong>MARMOT&nbsp;<\/strong>izv\u0113l\u0113to kredo &#8211; vieglums un funkcionalit\u0101te. Maksim\u0101ls vieglums, minim\u0101ls pako&scaron;anas izm\u0113rs un maksim\u0101la siltumizol\u0101cija<\/span>&nbsp;<span style=\"font-size: x-small\">aukstos laika apst\u0101k\u013cos nodro&scaron;in\u0101s Jums komfortu gan pils\u0113tas apst\u0101k\u013cos, gan sare\u017e\u0123\u012btos piedz\u012bvojumos. Paredz\u0113ta izmanto&scaron;anai gan k\u0101 siltumizol\u0101cijas sl\u0101nis zem membr\u0101nu jak\u0101m, gan k\u0101 virs\u0113jais sl\u0101nis ap\u0123\u0113rb\u0101.<\/span><\/p>\n<p><span style=\"color: #800000;font-size: x-small\"><strong>Specifik\u0101cija:<\/strong><\/span><\/p>\n<p><span style=\"font-size: x-small\"><strong>Pamatmateri\u0101ls:<\/strong>&nbsp;100% Polyester DWR Ripstop<br \/><strong>Oder\u0113juma materi\u0101ls:<\/strong>&nbsp;100% Polyester Embossed WR<br \/><strong>Siltin\u0101juma materi\u0101ls:&nbsp;<\/strong>800 Fill Goose Down<br \/><strong>Svars:<\/strong>&nbsp;510 g<br \/><strong>Muguras izm\u0113rs:<\/strong>&nbsp;72,5 cm (M izm\u0113ram)<br \/><strong>Kr\u0101sas:&nbsp;<\/strong>sarkana, sal\u0101tza\u013ca, zila, pel\u0113ka, melna<br \/><\/span><\/p>\n<p><span style=\"color: #800000;font-size: x-small\"><strong>Galven\u0101s \u012bpa&scaron;\u012bbas:<\/strong><\/span><\/p>\n<p align=\"left\"><span style=\"font-size: x-small\"><em>Ultralight Down-proof Fabric<\/em>&nbsp;&#8211; Ultra viegls, d\u016bnu notur\u012bgs audums<br \/><em>800 Fill Power&nbsp;Zosu d\u016bnas &#8211;<\/em>&nbsp;Sertific\u0113tas l\u0101b\u0101k\u0101s kvalit\u0101tes d\u016bnas kuras iesp\u0113jamas, garant\u0113jot maksim\u0101lu siltumizol\u0101ciju d\u016bn\u0101m izple&scaron;oties pie minim\u0101la d\u016bnu apjoma<br \/>Liela, regul\u0113jama kapuce ar d\u016bnu pild\u012bjumu<br \/><em>Napoleon Chest Pocket<\/em>&nbsp;&#8211; Vertik\u0101la \u0101r\u0113j\u0101 kr\u016b&scaron;u kabata s\u012bku priek&scaron;metu izvieto&scaron;anai<br \/><em>Iek&scaron;kabata ar r\u0101v\u0113jsl\u0113dz\u0113ju &#8211;&nbsp;<\/em>\u013cauj sapakot jaku pa&scaron;as jakas kabat\u0101<br \/><em>S\u0101nu kabatas ar r\u0101v\u0113jsl\u0113dz\u0113ju un<\/em>&nbsp;<em>fl\u012bsa oder\u0113jumu &#8211;&nbsp;<\/em>pat\u012bkami sasild\u012bs rokas<br \/>Elast\u012bga savilc\u0113jaukla&nbsp;jakas lejas da\u013c\u0101<\/span><span style=\"font-size: x-small\"><br \/><em>Regul\u0113jamas Velcro&reg; aizdares elast\u012bgaj\u0101m piedurk\u0146u man\u017eet\u0113m<\/em>&nbsp;&#8211; jakas regul\u0113&scaron;anai un kust\u012bbu br\u012bv\u012bbai<\/span><br \/><span style=\"font-size: x-small\">V\u0113ju aizturo&scaron;s p\u0101rliktnis zem priek&scaron;\u0113j\u0101 r\u0101v\u0113jsl\u0113dz\u0113ja<br \/><em>Angel-Wing Movement&trade;<\/em>&nbsp;&#8211; piegriezums nodro&scaron;ina piln\u012bgu kust\u012bbu br\u012bv\u012bbu, jakas piedurkn\u0113m neraujoties uz aug&scaron;u<\/span><\/p>\n<div><span style=\"font-size: x-small\"><br \/><\/span><\/div>\n","protected":false},"excerpt":{"rendered":"<p>Ultra viegla d\u016bnu jaka.&nbsp;AMA DABLAM&nbsp;jakas konstrukcija un dizains turpina&nbsp;MARMOT&nbsp;izv\u0113l\u0113to kredo &#8211; vieglums un funkcionalit\u0101te. Maksim\u0101ls vieglums, minim\u0101ls pako&scaron;anas izm\u0113rs un maksim\u0101la siltumizol\u0101cija&nbsp;aukstos laika apst\u0101k\u013cos nodro&scaron;in\u0101s Jums komfortu gan pils\u0113tas apst\u0101k\u013cos, gan sare\u017e\u0123\u012btos piedz\u012bvojumos. Paredz\u0113ta izmanto&scaron;anai gan k\u0101 siltumizol\u0101cijas sl\u0101nis zem membr\u0101nu jak\u0101m, gan k\u0101 virs\u0113jais sl\u0101nis ap\u0123\u0113rb\u0101. Specifik\u0101cija: Pamatmateri\u0101ls:&nbsp;100% Polyester DWR RipstopOder\u0113juma materi\u0101ls:&nbsp;100% Polyester Embossed [&hellip;]<\/p>\n","protected":false},"featured_media":0,"template":"","meta":[],"product_brand":[908],"product_cat":[4619,4640,4713],"product_tag":[],"class_list":{"0":"post-77518","1":"product","2":"type-product","3":"status-publish","5":"product_brand-marmot","6":"product_cat-winter-clothes-recreation","7":"product_cat-recreation","8":"product_cat-down-jackets-winter-clothes-recreation","10":"first","11":"instock","12":"shipping-taxable","13":"purchasable","14":"product-type-simple"},"_links":{"self":[{"href":"https:\/\/sezona.lv\/en\/wp-json\/wp\/v2\/product\/77518","targetHints":{"allow":["GET"]}}],"collection":[{"href":"https:\/\/sezona.lv\/en\/wp-json\/wp\/v2\/product"}],"about":[{"href":"https:\/\/sezona.lv\/en\/wp-json\/wp\/v2\/types\/product"}],"wp:attachment":[{"href":"https:\/\/sezona.lv\/en\/wp-json\/wp\/v2\/media?parent=77518"}],"wp:term":[{"taxonomy":"product_brand","embeddable":true,"href":"https:\/\/sezona.lv\/en\/wp-json\/wp\/v2\/product_brand?post=77518"},{"taxonomy":"product_cat","embeddable":true,"href":"https:\/\/sezona.lv\/en\/wp-json\/wp\/v2\/product_cat?post=77518"},{"taxonomy":"product_tag","embeddable":true,"href":"https:\/\/sezona.lv\/en\/wp-json\/wp\/v2\/product_tag?post=77518"}],"curies":[{"name":"wp","href":"https:\/\/api.w.org\/{rel}","templated":true}]}}