{"id":77520,"date":"2025-07-14T15:07:56","date_gmt":"2025-07-14T12:07:56","guid":{"rendered":"https:\/\/demo8.ecube.lv\/sezona.lv\/products\/dunu-jaka-marmot-sieviesu-sling-shot-jacket-11\/"},"modified":"2025-07-14T15:07:56","modified_gmt":"2025-07-14T12:07:56","slug":"dunu-jaka-marmot-sieviesu-sling-shot-jacket-11","status":"publish","type":"product","link":"https:\/\/sezona.lv\/en\/products\/dunu-jaka-marmot-sieviesu-sling-shot-jacket-11\/","title":{"rendered":"D\u016bnu jaka Marmot sievie\u0161u Sling Shot Jacket 11"},"content":{"rendered":"<p align=\"justify\"><span style=\"font-size: x-small\">Multifunkcion\u0101la, elpojo&scaron;a, \u016bdensdro&scaron;a un super silta,&nbsp;<\/span><span style=\"color: #000000;font-size: x-small\"><strong>sievie&scaron;u piegriezuma<\/strong><\/span><span style=\"font-size: x-small\">&nbsp;d\u016bnu jaka. Perfekta jaka akt\u012bvai laika pavad\u012b&scaron;anai \u0101rpus m\u0101jas. Ar &scaron;o jaku J\u016bs b\u016bsiet pasarg\u0101ta no aukstuma un v\u0113ja ar\u012b slapja sniega apst\u0101k\u013cos. Paredz\u0113ta gan nodarb\u012bb\u0101m kalnos, gan pils\u0113tas apst\u0101k\u013ciem.<\/span><\/p>\n<p><span style=\"color: #800000;font-size: x-small\"><strong>Specifik\u0101cija:<\/strong><\/span><\/p>\n<p align=\"justify\"><span style=\"font-size: x-small\"><strong>Materi\u0101ls:&nbsp;<\/strong><\/span><span style=\"font-size: x-small\">MemBrain&reg; 2L 100% Nylon 3.0 oz\/yd<br \/><strong>Pastiprin\u0101jumi:<span style=\"font-size: x-small\">&nbsp;<\/span><\/strong><\/span><span style=\"font-size: x-small\">MemBrain&reg; 2L 100% Nylon Oxford 5.1 oz\/yd&nbsp;<br \/><strong>Odere:<\/strong><\/span>&nbsp;<span style=\"font-size: x-small\">100% Polyester Embossed WR<br \/><strong>Siltin\u0101t\u0101js:<\/strong><\/span>&nbsp;<span style=\"font-size: x-small\">650 FP zosu d\u016bnas<br \/><strong>Muguras garums:<\/strong>&nbsp;67,3cm (M izm\u0113ram)<br \/><strong>Svars:<\/strong><\/span>&nbsp;<span style=\"font-size: x-small\">876 grami<br \/><strong>Kr\u0101sa:<\/strong><\/span>&nbsp;<span style=\"font-size: x-small\">gai&scaron;i zila<br \/><\/span><\/p>\n<p align=\"justify\"><span style=\"color: #800000;font-size: x-small\"><strong>Raksturojums:<\/strong><\/span><\/p>\n<p align=\"justify\"><span style=\"font-size: x-small\"><em>Marmot MemBrain&reg; Waterproof\/Breathable Fabric<\/em>&nbsp;&#8211; \u016adensdro&scaron;s, elpojo&scaron;s membr\u0101nas audums<br \/><\/span><span style=\"font-size: x-small\">Ar r\u0101v\u0113jsl\u0113dz\u0113ju no\u0146emama liela kapuce, kura regul\u0113jama ar elast\u012bgu auklu<br \/><\/span><span style=\"font-size: x-small\">Iek&scaron;\u0113j\u0101 kabata ar r\u0101v\u0113jsl\u0113dz\u0113ju &#8211; s\u012bku aksesu\u0101ru uzglab\u0101&scaron;anai<br \/><\/span><span style=\"font-size: x-small\">S\u0101nu kabatas ar r\u0101v\u0113jsl\u0113dz\u0113jiem un m\u012bkstu iek&scaron;\u0113jo fl\u012bsu &#8211; roku sasild\u012b&scaron;anai<br \/><\/span><span style=\"font-size: x-small\">Regul\u0113jamas&nbsp;<em>Velcro&reg;\/Elastic Cuffs<\/em>&nbsp;&#8211; elast\u012bgas piedurk\u0146u man\u017eetes apr\u012bkotas ar klip&scaron;iem<br \/><\/span><span style=\"font-size: x-small\">Apak&scaron;mal\u0101 elast\u012bgi sv\u0101rci\u0146i, kuri ne\u013cauj sniegam un v\u0113jam pak\u013c\u016bt zem jakas<br \/><\/span><span style=\"font-size: x-small\">Elast\u012bga savilc\u0113jaukla apak&scaron;mal\u0101 &#8211; pasarg\u0101s no skarbiem v\u0113jiem<br \/><\/span><span style=\"font-size: x-small\"><em>Angel-Wing Movement&trade;<\/em>&nbsp;&#8211; nodro&scaron;ina rok\u0101m piln\u012bgu kust\u012bbu br\u012bv\u012bbu, jaka neraujas uz aug&scaron;u<br \/><\/span><span style=\"font-size: x-small\">\u012apa&scaron;s sievie&scaron;u piegriezums izcels augumu.<\/span><\/p>\n","protected":false},"excerpt":{"rendered":"<p>Multifunkcion\u0101la, elpojo&scaron;a, \u016bdensdro&scaron;a un super silta,&nbsp;sievie&scaron;u piegriezuma&nbsp;d\u016bnu jaka. Perfekta jaka akt\u012bvai laika pavad\u012b&scaron;anai \u0101rpus m\u0101jas. Ar &scaron;o jaku J\u016bs b\u016bsiet pasarg\u0101ta no aukstuma un v\u0113ja ar\u012b slapja sniega apst\u0101k\u013cos. Paredz\u0113ta gan nodarb\u012bb\u0101m kalnos, gan pils\u0113tas apst\u0101k\u013ciem. Specifik\u0101cija: Materi\u0101ls:&nbsp;MemBrain&reg; 2L 100% Nylon 3.0 oz\/ydPastiprin\u0101jumi:&nbsp;MemBrain&reg; 2L 100% Nylon Oxford 5.1 oz\/yd&nbsp;Odere:&nbsp;100% Polyester Embossed WRSiltin\u0101t\u0101js:&nbsp;650 FP zosu d\u016bnasMuguras [&hellip;]<\/p>\n","protected":false},"featured_media":0,"template":"","meta":[],"product_brand":[908],"product_cat":[4619,4640,4713],"product_tag":[],"class_list":{"0":"post-77520","1":"product","2":"type-product","3":"status-publish","5":"product_brand-marmot","6":"product_cat-winter-clothes-recreation","7":"product_cat-recreation","8":"product_cat-down-jackets-winter-clothes-recreation","10":"first","11":"instock","12":"shipping-taxable","13":"purchasable","14":"product-type-simple"},"_links":{"self":[{"href":"https:\/\/sezona.lv\/en\/wp-json\/wp\/v2\/product\/77520","targetHints":{"allow":["GET"]}}],"collection":[{"href":"https:\/\/sezona.lv\/en\/wp-json\/wp\/v2\/product"}],"about":[{"href":"https:\/\/sezona.lv\/en\/wp-json\/wp\/v2\/types\/product"}],"wp:attachment":[{"href":"https:\/\/sezona.lv\/en\/wp-json\/wp\/v2\/media?parent=77520"}],"wp:term":[{"taxonomy":"product_brand","embeddable":true,"href":"https:\/\/sezona.lv\/en\/wp-json\/wp\/v2\/product_brand?post=77520"},{"taxonomy":"product_cat","embeddable":true,"href":"https:\/\/sezona.lv\/en\/wp-json\/wp\/v2\/product_cat?post=77520"},{"taxonomy":"product_tag","embeddable":true,"href":"https:\/\/sezona.lv\/en\/wp-json\/wp\/v2\/product_tag?post=77520"}],"curies":[{"name":"wp","href":"https:\/\/api.w.org\/{rel}","templated":true}]}}