{"id":77522,"date":"2025-07-14T15:07:58","date_gmt":"2025-07-14T12:07:58","guid":{"rendered":"https:\/\/demo8.ecube.lv\/sezona.lv\/products\/dunu-jaka-marmot-greenland-baffled-jacket\/"},"modified":"2025-07-14T15:07:58","modified_gmt":"2025-07-14T12:07:58","slug":"dunu-jaka-marmot-greenland-baffled-jacket","status":"publish","type":"product","link":"https:\/\/sezona.lv\/en\/products\/dunu-jaka-marmot-greenland-baffled-jacket\/","title":{"rendered":"D\u016bnu jaka Marmot Greenland Baffled Jacket"},"content":{"rendered":"<p align=\"justify\"><span style=\"font-size: x-small\"><strong>\u013boti viegla un silta d\u016bnu jaka.<\/strong>&nbsp;Augstas kvalit\u0101tes zosu d\u016bnas, silt\u0101s &scaron;uves, lielas kabatas, kuras \u013cauj pa\u0146emt l\u012bdz nepiecie&scaron;amo apr\u012bkojumu. Paredz\u0113ta gan lieto&scaron;anai eksped\u012bcij\u0101s, gan sadz\u012bves apst\u0101k\u013cos skarb\u0101 laik\u0101.<\/span><\/p>\n<p><span style=\"color: #800000;font-size: x-small\"><strong>Specifik\u0101cija:<\/strong><\/span><\/p>\n<p><span style=\"font-size: x-small\"><strong>Pamatmateri\u0101ls:<\/strong>&nbsp;Gridlock 1.2 oz 100% Polyester DWR<br \/><strong>Oder\u0113juma materi\u0101ls:<\/strong><\/span>&nbsp;<span style=\"font-size: x-small\">Halo 100% Nylon WR<br \/><strong>Siltin\u0101juma materi\u0101ls:&nbsp;<\/strong><\/span><span style=\"font-size: x-small\">800+ Fill Goose Down<br \/><strong>Muguras garums:<\/strong>&nbsp;73,7 cm (M izm\u0113ram)<br \/><strong>Svars:<\/strong><\/span>&nbsp;<span style=\"font-size: x-small\">765 g<br \/><strong>Kr\u0101sas:&nbsp;<\/strong><\/span><span style=\"font-size: x-small\">Melna, sarkana ar dzeltenu, zila ar za\u013cu, zila ar oran\u017eu<br \/><\/span><\/p>\n<p align=\"left\"><span style=\"color: #800000;font-size: x-small\"><strong>Galven\u0101s \u012bpa&scaron;\u012bbas:<\/strong><\/span><\/p>\n<p align=\"left\"><span style=\"font-size: x-small\"><img decoding=\"async\" src=\"http:\/\/www.virsotne.lv\/images\/front\/precu_zimes\/marmot_logo_aplisM.gif\" alt=\"\" \/>&nbsp;Lielas iek&scaron;\u0113j\u0101s kabatas ar r\u0101v\u0113jsl\u0113dz\u0113jiem<\/span>&nbsp;<span style=\"font-size: x-small\"><br \/><img decoding=\"async\" src=\"http:\/\/www.virsotne.lv\/images\/front\/precu_zimes\/marmot_logo_aplisM.gif\" alt=\"\" \/><\/span>&nbsp;<span style=\"font-size: x-small\">800 Fill Power Goose Down &#8211; Lab\u0101k\u0101s zosu d\u016bnas, kuras ir pieejamas. Nodro&scaron;ina maksim\u0101lu siltumizol\u0101ciju ar minim\u0101lu svaru un maksim\u0101l\u0101m d\u016bnu izple&scaron;an\u0101s sp\u0113j\u0101m.<strong><br \/><img decoding=\"async\" src=\"http:\/\/www.virsotne.lv\/images\/front\/precu_zimes\/marmot_logo_aplisM.gif\" alt=\"\" \/>&nbsp;&#8220;Silt\u0101s &scaron;uves&#8221;&nbsp;<\/strong>maksim\u0101lai d\u016bnu p\u0101rvieto&scaron;an\u0101s&nbsp;kontrolei pa izstr\u0101d\u0101jumu<strong><br \/><img decoding=\"async\" src=\"http:\/\/www.virsotne.lv\/images\/front\/precu_zimes\/marmot_logo_aplisM.gif\" alt=\"\" \/>&nbsp;<\/strong>Iek&scaron;\u0113j\u0101 kabata \u016bdens pudelei vai fotoapar\u0101tam &#8211; izvietota maksim\u0101li tuvu \u0137ermenim&nbsp;lai&nbsp;samazin\u0101tu sasal&scaron;anas risku<br \/><img decoding=\"async\" src=\"http:\/\/www.virsotne.lv\/images\/front\/precu_zimes\/marmot_logo_aplisM.gif\" alt=\"\" \/><\/span>&nbsp;<span style=\"font-size: x-small\">Pie&scaron;\u016bta kapuce ar regul\u0113jo&scaron;o auklu &#8211; nodro&scaron;ina papildus siltumu sejas da\u013c\u0101<\/span><span style=\"font-size: x-small\"><br \/><img decoding=\"async\" src=\"http:\/\/www.virsotne.lv\/images\/front\/precu_zimes\/marmot_logo_aplisM.gif\" alt=\"\" \/><\/span>&nbsp;<span style=\"font-size: x-small\">Angel-Wing Movement&trade; &#8211; anatomisks piegriezums, maksim\u0101lai kust\u012bbu br\u012bv\u012bbai<\/span><br \/><span style=\"font-size: x-small\"><img decoding=\"async\" src=\"http:\/\/www.virsotne.lv\/images\/front\/precu_zimes\/marmot_logo_aplisM.gif\" alt=\"\" \/><\/span>&nbsp;<span style=\"font-size: x-small\">S\u0101nu kabatas ar r\u0101v\u0113jsl\u0113dz\u0113jiem &#8211; ar pat\u012bkamu iek&scaron;\u0113jo sl\u0101ni roku sasild\u012b&scaron;anai<br \/><img decoding=\"async\" src=\"http:\/\/www.virsotne.lv\/images\/front\/precu_zimes\/marmot_logo_aplisM.gif\" alt=\"\" \/><\/span>&nbsp;<span style=\"font-size: x-small\">Ar d\u016bn\u0101m pild\u012bts centr\u0101l\u0101 r\u0101v\u0113jsl\u0113dz\u0113ja p\u0101rliktnis &#8211; maksim\u0101lai siltumizol\u0101cijai<br \/><img decoding=\"async\" src=\"http:\/\/www.virsotne.lv\/images\/front\/precu_zimes\/marmot_logo_aplisM.gif\" alt=\"\" \/>&nbsp;Regul\u0113jamas&nbsp;Velcro&reg;\/Elastic man\u017eetes &#8211; klip&scaron;i kombin\u0101cij\u0101 ar&nbsp;Elastic \u0113rtai piedurk\u0146u regul\u0113&scaron;ani<br \/><img decoding=\"async\" src=\"http:\/\/www.virsotne.lv\/images\/front\/precu_zimes\/marmot_logo_aplisM.gif\" alt=\"\" \/><\/span>&nbsp;<span style=\"font-size: x-small\">Iek&scaron;kabata ar r\u0101v\u0113jsl\u0113dz\u0113ju &#8211; paredz\u0113ta, lai taj\u0101 var\u0113tu sapakot jaku<\/span><\/p>\n","protected":false},"excerpt":{"rendered":"<p>\u013boti viegla un silta d\u016bnu jaka.&nbsp;Augstas kvalit\u0101tes zosu d\u016bnas, silt\u0101s &scaron;uves, lielas kabatas, kuras \u013cauj pa\u0146emt l\u012bdz nepiecie&scaron;amo apr\u012bkojumu. Paredz\u0113ta gan lieto&scaron;anai eksped\u012bcij\u0101s, gan sadz\u012bves apst\u0101k\u013cos skarb\u0101 laik\u0101. Specifik\u0101cija: Pamatmateri\u0101ls:&nbsp;Gridlock 1.2 oz 100% Polyester DWROder\u0113juma materi\u0101ls:&nbsp;Halo 100% Nylon WRSiltin\u0101juma materi\u0101ls:&nbsp;800+ Fill Goose DownMuguras garums:&nbsp;73,7 cm (M izm\u0113ram)Svars:&nbsp;765 gKr\u0101sas:&nbsp;Melna, sarkana ar dzeltenu, zila ar za\u013cu, zila [&hellip;]<\/p>\n","protected":false},"featured_media":0,"template":"","meta":[],"product_brand":[908],"product_cat":[4619,4640,4713],"product_tag":[],"class_list":{"0":"post-77522","1":"product","2":"type-product","3":"status-publish","5":"product_brand-marmot","6":"product_cat-winter-clothes-recreation","7":"product_cat-recreation","8":"product_cat-down-jackets-winter-clothes-recreation","10":"first","11":"instock","12":"shipping-taxable","13":"purchasable","14":"product-type-simple"},"_links":{"self":[{"href":"https:\/\/sezona.lv\/en\/wp-json\/wp\/v2\/product\/77522","targetHints":{"allow":["GET"]}}],"collection":[{"href":"https:\/\/sezona.lv\/en\/wp-json\/wp\/v2\/product"}],"about":[{"href":"https:\/\/sezona.lv\/en\/wp-json\/wp\/v2\/types\/product"}],"wp:attachment":[{"href":"https:\/\/sezona.lv\/en\/wp-json\/wp\/v2\/media?parent=77522"}],"wp:term":[{"taxonomy":"product_brand","embeddable":true,"href":"https:\/\/sezona.lv\/en\/wp-json\/wp\/v2\/product_brand?post=77522"},{"taxonomy":"product_cat","embeddable":true,"href":"https:\/\/sezona.lv\/en\/wp-json\/wp\/v2\/product_cat?post=77522"},{"taxonomy":"product_tag","embeddable":true,"href":"https:\/\/sezona.lv\/en\/wp-json\/wp\/v2\/product_tag?post=77522"}],"curies":[{"name":"wp","href":"https:\/\/api.w.org\/{rel}","templated":true}]}}