{"id":77524,"date":"2025-07-14T15:07:59","date_gmt":"2025-07-14T12:07:59","guid":{"rendered":"https:\/\/demo8.ecube.lv\/sezona.lv\/products\/parka-marmot-hampton-jacket-2\/"},"modified":"2025-07-14T15:07:59","modified_gmt":"2025-07-14T12:07:59","slug":"parka-marmot-hampton-jacket-2","status":"publish","type":"product","link":"https:\/\/sezona.lv\/en\/products\/parka-marmot-hampton-jacket-2\/","title":{"rendered":"Parka Marmot Hampton Jacket"},"content":{"rendered":"<p align=\"justify\"><span style=\"font-size: x-small\">Marmot Hampton Parka, jeb pagarin\u0101t\u0101 tipa jaka b\u016bs ide\u0101li piem\u0113rota ziem\u012bg\u0101m pastaig\u0101m, k\u0101 ar\u012b pilst\u0113tvidei. Jak\u0101 ir iestr\u0101d\u0101ta Marmot&nbsp;<strong>MemBrain&reg;<\/strong>&nbsp;membr\u0101na, kas par\u016bp\u0113sies par to, lai pat visslikt\u0101kajos laka apst\u0101k\u013cos, kad ir liels v\u0113j&scaron;s un nokri&scaron;\u0146i, valk\u0101t\u0101js justos komfortabli. Piedev\u0101m jaka ir nosiltin\u0101ta ar \u012bpa&scaron;i atlas\u012bt\u0101m&nbsp;<strong>700 s\u0113rijas&nbsp; d\u016bn\u0101m<\/strong>. D\u016bnas ir apstr\u0101d\u0101tas ar Mamot&nbsp;<strong>Down Deffender<\/strong>&nbsp;tehnolo\u0123iju, t\u0101d\u0101 veid\u0101 nodro&scaron;inot maksim\u0101lu siltumu, k\u0101 ar\u012b paildzinot izstr\u0101d\u0101juma kalpo&scaron;anas laiku. Jakai ir vair\u0101kas \u0101r\u0113j\u0101s un iek&scaron;\u0113j\u0101s kabatas, l\u012bdz ar to atrad\u012bsies vieta ne tikai atsl\u0113g\u0101m un viedt\u0101lrunim, bet ar\u012b citiem noder\u012bgiem un ikdieni&scaron;\u0137iem s\u012bkumiem.&nbsp;<strong>Hamton Parka viennoz\u012bm\u012bgi ir &scaron;\u012bs ziemas lab\u0101k\u0101 izv\u0113le pras\u012bgam pils\u0113tniekam.<\/strong><br \/><\/span><\/p>\n<p align=\"justify\"><span style=\"color: #800000;font-size: x-small\"><strong>Specifik\u0101cija:<\/strong><\/span><\/p>\n<p align=\"justify\"><span style=\"font-size: x-small\"><strong>Materi\u0101ls:<\/strong>&nbsp;MemBrain&reg; 49% Nylon, 33% Polyester, 18% Cotton Plain Weave 6.8 oz\/yd&nbsp;<br \/><\/span><span style=\"font-size: x-small\"><strong>Membr\u0101na:<\/strong>&nbsp;Marmot&reg; MemBrain&reg;<br \/><strong>Siltin\u0101jums:&nbsp;<\/strong>700 Fill Power Down<br \/><strong>Svars:<\/strong>&nbsp;1451 grami<\/span><\/p>\n","protected":false},"excerpt":{"rendered":"<p>Marmot Hampton Parka, jeb pagarin\u0101t\u0101 tipa jaka b\u016bs ide\u0101li piem\u0113rota ziem\u012bg\u0101m pastaig\u0101m, k\u0101 ar\u012b pilst\u0113tvidei. Jak\u0101 ir iestr\u0101d\u0101ta Marmot&nbsp;MemBrain&reg;&nbsp;membr\u0101na, kas par\u016bp\u0113sies par to, lai pat visslikt\u0101kajos laka apst\u0101k\u013cos, kad ir liels v\u0113j&scaron;s un nokri&scaron;\u0146i, valk\u0101t\u0101js justos komfortabli. Piedev\u0101m jaka ir nosiltin\u0101ta ar \u012bpa&scaron;i atlas\u012bt\u0101m&nbsp;700 s\u0113rijas&nbsp; d\u016bn\u0101m. D\u016bnas ir apstr\u0101d\u0101tas ar Mamot&nbsp;Down Deffender&nbsp;tehnolo\u0123iju, t\u0101d\u0101 veid\u0101 nodro&scaron;inot [&hellip;]<\/p>\n","protected":false},"featured_media":0,"template":"","meta":[],"product_brand":[908],"product_cat":[4619,4640,4713],"product_tag":[],"class_list":{"0":"post-77524","1":"product","2":"type-product","3":"status-publish","5":"product_brand-marmot","6":"product_cat-winter-clothes-recreation","7":"product_cat-recreation","8":"product_cat-down-jackets-winter-clothes-recreation","10":"first","11":"instock","12":"shipping-taxable","13":"purchasable","14":"product-type-simple"},"_links":{"self":[{"href":"https:\/\/sezona.lv\/en\/wp-json\/wp\/v2\/product\/77524","targetHints":{"allow":["GET"]}}],"collection":[{"href":"https:\/\/sezona.lv\/en\/wp-json\/wp\/v2\/product"}],"about":[{"href":"https:\/\/sezona.lv\/en\/wp-json\/wp\/v2\/types\/product"}],"wp:attachment":[{"href":"https:\/\/sezona.lv\/en\/wp-json\/wp\/v2\/media?parent=77524"}],"wp:term":[{"taxonomy":"product_brand","embeddable":true,"href":"https:\/\/sezona.lv\/en\/wp-json\/wp\/v2\/product_brand?post=77524"},{"taxonomy":"product_cat","embeddable":true,"href":"https:\/\/sezona.lv\/en\/wp-json\/wp\/v2\/product_cat?post=77524"},{"taxonomy":"product_tag","embeddable":true,"href":"https:\/\/sezona.lv\/en\/wp-json\/wp\/v2\/product_tag?post=77524"}],"curies":[{"name":"wp","href":"https:\/\/api.w.org\/{rel}","templated":true}]}}