{"id":77525,"date":"2025-07-14T15:08:00","date_gmt":"2025-07-14T12:08:00","guid":{"rendered":"https:\/\/demo8.ecube.lv\/sezona.lv\/products\/marmot-variant-hoody-sieviesu-jaka\/"},"modified":"2025-07-14T15:08:00","modified_gmt":"2025-07-14T12:08:00","slug":"marmot-variant-hoody-sieviesu-jaka","status":"publish","type":"product","link":"https:\/\/sezona.lv\/en\/products\/marmot-variant-hoody-sieviesu-jaka\/","title":{"rendered":"Marmot Variant Hoody sievie\u0161u jaka"},"content":{"rendered":"<p align=\"justify\"><span style=\"font-size: x-small\">Viegla un silta sievie&scaron;u jaci\u0146a ar kapuci no&nbsp;<strong>Polartec&reg; Power Stretch&reg;<\/strong>&nbsp;auduma ar&nbsp;<strong>Marmot Thermal R<\/strong>siltin\u0101t\u0101ju kr\u016b&scaron;u da\u013c\u0101. Jakai ir atl\u0113tisks piegriezums. T\u0101 ir ide\u0101li piem\u0113rot sl\u0113po&scaron;anai, p\u0101rg\u0101jieniem, trekingam. Bet to tikpat labi var valk\u0101t ar\u012b v\u0113s\u0101k\u0101s dien\u0101s ikdien\u0101.<br \/><\/span><\/p>\n<p><span style=\"color: #800000;font-size: x-small\"><strong>Specifik\u0101cija:<\/strong><\/span><\/p>\n<p><span style=\"font-size: x-small\"><strong>Kr\u016b&scaron;u da\u013cas materi\u0101ls:<\/strong>&nbsp;100% Nylon Ripstop DWR 0.9 oz\/yd<br \/><strong>Materi\u0101ls:<\/strong><\/span>&nbsp;<span style=\"font-size: x-small\">Polartec&reg;Power Stretch&reg; 88% Polyester, 12% Elastane 6.8 oz\/yd<br \/><strong>Siltin\u0101t\u0101js:<\/strong><\/span>&nbsp;<span style=\"font-size: x-small\">Thermal R<br \/><strong>Muguras garums:<\/strong><\/span>&nbsp;<span style=\"font-size: x-small\">65cm (M izm\u0113ram)<br \/><strong>Svars:<\/strong><\/span>&nbsp;<span style=\"font-size: x-small\">370 grami<br \/><strong>Kr\u0101sa:&nbsp;<\/strong>Palt\u012bna, Dzeletna, Viol\u0113ts<br \/><\/span><\/p>\n<p><span style=\"color: #800000;font-size: x-small\"><strong>Raksturojums:<\/strong><\/span><\/p>\n<p><span style=\"font-size: x-small\"><img loading=\"lazy\" decoding=\"async\" src=\"http:\/\/www.virsotne.lv\/userfiles\/image\/ahaa\/marmot_logo_aplisM.gif\" alt=\"\" width=\"15\" height=\"15\" \/>&nbsp;Viegla un silta<br \/><img loading=\"lazy\" decoding=\"async\" src=\"http:\/\/www.virsotne.lv\/userfiles\/image\/ahaa\/marmot_logo_aplisM.gif\" alt=\"\" width=\"15\" height=\"15\" \/>&nbsp;Siltin\u0101ta kr\u016b&scaron;u da\u013ca un apkakle&nbsp;<br \/><img loading=\"lazy\" decoding=\"async\" src=\"http:\/\/www.virsotne.lv\/userfiles\/image\/ahaa\/marmot_logo_aplisM.gif\" alt=\"\" width=\"15\" height=\"15\" \/>&nbsp;\u012ak&scaron;\u0137u caurumi<br \/><img loading=\"lazy\" decoding=\"async\" src=\"http:\/\/www.virsotne.lv\/userfiles\/image\/ahaa\/marmot_logo_aplisM.gif\" alt=\"\" width=\"15\" height=\"15\" \/><\/span>&nbsp;<span style=\"font-size: x-small\">Sievie&scaron;u piegriezums<br \/><img loading=\"lazy\" decoding=\"async\" src=\"http:\/\/www.virsotne.lv\/userfiles\/image\/ahaa\/marmot_logo_aplisM.gif\" alt=\"\" width=\"15\" height=\"15\" \/><\/span>&nbsp;<span style=\"font-size: x-small\">Atsarojo&scaron;i logotipi<\/span><\/p>\n","protected":false},"excerpt":{"rendered":"<p>Viegla un silta sievie&scaron;u jaci\u0146a ar kapuci no&nbsp;Polartec&reg; Power Stretch&reg;&nbsp;auduma ar&nbsp;Marmot Thermal Rsiltin\u0101t\u0101ju kr\u016b&scaron;u da\u013c\u0101. Jakai ir atl\u0113tisks piegriezums. T\u0101 ir ide\u0101li piem\u0113rot sl\u0113po&scaron;anai, p\u0101rg\u0101jieniem, trekingam. Bet to tikpat labi var valk\u0101t ar\u012b v\u0113s\u0101k\u0101s dien\u0101s ikdien\u0101. Specifik\u0101cija: Kr\u016b&scaron;u da\u013cas materi\u0101ls:&nbsp;100% Nylon Ripstop DWR 0.9 oz\/ydMateri\u0101ls:&nbsp;Polartec&reg;Power Stretch&reg; 88% Polyester, 12% Elastane 6.8 oz\/ydSiltin\u0101t\u0101js:&nbsp;Thermal RMuguras garums:&nbsp;65cm (M [&hellip;]<\/p>\n","protected":false},"featured_media":0,"template":"","meta":[],"product_brand":[908],"product_cat":[4619,4640,4715],"product_tag":[],"class_list":{"0":"post-77525","1":"product","2":"type-product","3":"status-publish","5":"product_brand-marmot","6":"product_cat-winter-clothes-recreation","7":"product_cat-recreation","8":"product_cat-synthetic-jackets-winter-clothes-recreation","10":"first","11":"instock","12":"shipping-taxable","13":"purchasable","14":"product-type-simple"},"_links":{"self":[{"href":"https:\/\/sezona.lv\/en\/wp-json\/wp\/v2\/product\/77525","targetHints":{"allow":["GET"]}}],"collection":[{"href":"https:\/\/sezona.lv\/en\/wp-json\/wp\/v2\/product"}],"about":[{"href":"https:\/\/sezona.lv\/en\/wp-json\/wp\/v2\/types\/product"}],"wp:attachment":[{"href":"https:\/\/sezona.lv\/en\/wp-json\/wp\/v2\/media?parent=77525"}],"wp:term":[{"taxonomy":"product_brand","embeddable":true,"href":"https:\/\/sezona.lv\/en\/wp-json\/wp\/v2\/product_brand?post=77525"},{"taxonomy":"product_cat","embeddable":true,"href":"https:\/\/sezona.lv\/en\/wp-json\/wp\/v2\/product_cat?post=77525"},{"taxonomy":"product_tag","embeddable":true,"href":"https:\/\/sezona.lv\/en\/wp-json\/wp\/v2\/product_tag?post=77525"}],"curies":[{"name":"wp","href":"https:\/\/api.w.org\/{rel}","templated":true}]}}