{"id":77526,"date":"2025-07-14T15:08:01","date_gmt":"2025-07-14T12:08:01","guid":{"rendered":"https:\/\/demo8.ecube.lv\/sezona.lv\/products\/marmot-isotherm-hoody-jaka\/"},"modified":"2025-07-14T15:08:01","modified_gmt":"2025-07-14T12:08:01","slug":"marmot-isotherm-hoody-jaka","status":"publish","type":"product","link":"https:\/\/sezona.lv\/en\/products\/marmot-isotherm-hoody-jaka\/","title":{"rendered":"Marmot Isotherm Hoody jaka"},"content":{"rendered":"<p align=\"justify\"><span style=\"font-size: x-small\">Nodarbojies ar aktivit\u0101t\u0113m aukst\u0101 laik\u0101 un v\u0113lies kaut ko vieglu bet siltu?&nbsp;<strong>Polartec&reg; Alpha&reg;<\/strong>&nbsp;siltin\u0101jums ir tie&scaron;i tas kas ir nepiecie&scaron;ams.&nbsp;<strong>Marmot Isotherm Hoody<\/strong>&nbsp;ir ide\u0101la jaka ziemas p\u0101rg\u0101jieniem, alp\u012bnismam, sl\u0113po&scaron;anai un daudz\u0101m cit\u0101m aktivit\u0101t\u0113m aukstaj\u0101 gadalaik\u0101. Jaka ir veidota no&nbsp;<strong>Pertex 20D<\/strong>&nbsp;auduma, kas ir ultra viegls, bet tia pat laik\u0101 iztur\u012bgs un mitruma atgr\u016bdo&scaron;s. Stiprin\u0101tas plecu un piedurk\u0146u da\u013cas ar softshell audumu.<\/span><\/p>\n<p>&nbsp;<\/p>\n<p><span style=\"color: #800000;font-size: x-small\"><strong>Specifik\u0101cija:<\/strong><\/span><\/p>\n<p>&nbsp;<\/p>\n<p><span style=\"font-size: x-small\"><strong>Materi\u0101ls:&nbsp;<\/strong>Pertex Quantum&copy; 100% Nylon Mini Shadow Ripstop 1.0 oz\/yd<br \/><\/span><span style=\"font-size: x-small\"><strong>Ielaidumi:<\/strong>&nbsp;86% Polyester, 14% Elastane Plain Weave Stretch 4.5 oz\/ yd<br \/><\/span><span style=\"font-size: x-small\"><strong>Siltin\u0101jums:<\/strong>&nbsp;Polartec&reg; Alpha&reg;<br \/><\/span><span style=\"font-size: x-small\"><strong>Piegriezums:<\/strong>&nbsp;Regular Fit<br \/><\/span><span style=\"font-size: x-small\"><strong>Muguras garums:&nbsp;<\/strong>71 cm<br \/><\/span><span style=\"font-size: x-small\"><strong>Svars:&nbsp;<\/strong>477 grami<br \/><\/span><span style=\"font-size: x-small\"><strong>Kr\u0101sa:&nbsp;<\/strong>Melna<\/span><\/p>\n<p>&nbsp;<\/p>\n<p><span style=\"color: #800000;font-size: x-small\"><strong>Raksturojums:<\/strong><\/span><\/p>\n<p>&nbsp;<\/p>\n<p><span style=\"font-size: x-small\"><img loading=\"lazy\" decoding=\"async\" src=\"http:\/\/www.virsotne.lv\/userfiles\/image\/ahaa\/marmot_logo_aplisM.gif\" alt=\"\" width=\"15\" height=\"15\" \/>&nbsp;20D Pertex Quantum Audums<br \/><\/span><span style=\"font-size: x-small\"><img loading=\"lazy\" decoding=\"async\" src=\"http:\/\/www.virsotne.lv\/userfiles\/image\/ahaa\/marmot_logo_aplisM.gif\" alt=\"\" width=\"15\" height=\"15\" \/>&nbsp;Angel-Wing Movement piegriezums<br \/><\/span><span style=\"font-size: x-small\"><img loading=\"lazy\" decoding=\"async\" src=\"http:\/\/www.virsotne.lv\/userfiles\/image\/ahaa\/marmot_logo_aplisM.gif\" alt=\"\" width=\"15\" height=\"15\" \/>&nbsp;Polartec Alpha siltin\u0101jums<br \/><\/span><span style=\"font-size: x-small\"><img loading=\"lazy\" decoding=\"async\" src=\"http:\/\/www.virsotne.lv\/userfiles\/image\/ahaa\/marmot_logo_aplisM.gif\" alt=\"\" width=\"15\" height=\"15\" \/>&nbsp;Softshell auduma plecu un piedurk\u0146u da\u013ca<br \/><\/span><span style=\"font-size: x-small\"><img loading=\"lazy\" decoding=\"async\" src=\"http:\/\/www.virsotne.lv\/userfiles\/image\/ahaa\/marmot_logo_aplisM.gif\" alt=\"\" width=\"15\" height=\"15\" \/>&nbsp;Kr\u016b&scaron;u kabata ar r\u0101v\u0113jsl\u0113dz\u0113ju<br \/><\/span><span style=\"font-size: x-small\"><img loading=\"lazy\" decoding=\"async\" src=\"http:\/\/www.virsotne.lv\/userfiles\/image\/ahaa\/marmot_logo_aplisM.gif\" alt=\"\" width=\"15\" height=\"15\" \/>&nbsp;Savilc\u0113jaukla apak&scaron;\u0101<\/span><\/p>\n","protected":false},"excerpt":{"rendered":"<p>Nodarbojies ar aktivit\u0101t\u0113m aukst\u0101 laik\u0101 un v\u0113lies kaut ko vieglu bet siltu?&nbsp;Polartec&reg; Alpha&reg;&nbsp;siltin\u0101jums ir tie&scaron;i tas kas ir nepiecie&scaron;ams.&nbsp;Marmot Isotherm Hoody&nbsp;ir ide\u0101la jaka ziemas p\u0101rg\u0101jieniem, alp\u012bnismam, sl\u0113po&scaron;anai un daudz\u0101m cit\u0101m aktivit\u0101t\u0113m aukstaj\u0101 gadalaik\u0101. Jaka ir veidota no&nbsp;Pertex 20D&nbsp;auduma, kas ir ultra viegls, bet tia pat laik\u0101 iztur\u012bgs un mitruma atgr\u016bdo&scaron;s. Stiprin\u0101tas plecu un piedurk\u0146u da\u013cas [&hellip;]<\/p>\n","protected":false},"featured_media":0,"template":"","meta":[],"product_brand":[908],"product_cat":[4619,4640,4715],"product_tag":[],"class_list":{"0":"post-77526","1":"product","2":"type-product","3":"status-publish","5":"product_brand-marmot","6":"product_cat-winter-clothes-recreation","7":"product_cat-recreation","8":"product_cat-synthetic-jackets-winter-clothes-recreation","10":"first","11":"instock","12":"shipping-taxable","13":"purchasable","14":"product-type-simple"},"_links":{"self":[{"href":"https:\/\/sezona.lv\/en\/wp-json\/wp\/v2\/product\/77526","targetHints":{"allow":["GET"]}}],"collection":[{"href":"https:\/\/sezona.lv\/en\/wp-json\/wp\/v2\/product"}],"about":[{"href":"https:\/\/sezona.lv\/en\/wp-json\/wp\/v2\/types\/product"}],"wp:attachment":[{"href":"https:\/\/sezona.lv\/en\/wp-json\/wp\/v2\/media?parent=77526"}],"wp:term":[{"taxonomy":"product_brand","embeddable":true,"href":"https:\/\/sezona.lv\/en\/wp-json\/wp\/v2\/product_brand?post=77526"},{"taxonomy":"product_cat","embeddable":true,"href":"https:\/\/sezona.lv\/en\/wp-json\/wp\/v2\/product_cat?post=77526"},{"taxonomy":"product_tag","embeddable":true,"href":"https:\/\/sezona.lv\/en\/wp-json\/wp\/v2\/product_tag?post=77526"}],"curies":[{"name":"wp","href":"https:\/\/api.w.org\/{rel}","templated":true}]}}