{"id":77527,"date":"2025-07-14T15:08:01","date_gmt":"2025-07-14T12:08:01","guid":{"rendered":"https:\/\/demo8.ecube.lv\/sezona.lv\/products\/marmot-calen-hoody-jaka\/"},"modified":"2025-07-14T15:08:01","modified_gmt":"2025-07-14T12:08:01","slug":"marmot-calen-hoody-jaka","status":"publish","type":"product","link":"https:\/\/sezona.lv\/en\/products\/marmot-calen-hoody-jaka\/","title":{"rendered":"Marmot Calen Hoody jaka"},"content":{"rendered":"<p align=\"justify\"><span style=\"font-size: x-small\">Siltums bez tilpuma! T\u0101 ir jaun\u0101&nbsp;<strong>Marmot Celen Hoody<\/strong>&nbsp;jaka, kas tagad ir pild\u012bta ar jauno&nbsp;<strong>Primaloft&reg; Black<\/strong>sint\u0113tisko siltin\u0101t\u0101ju, kas ir par 60% izgatavots no p\u0101rstr\u0101d\u0101tiem materi\u0101liem. Jakas virspuse ir darin\u0101ta no<strong>RipStop<\/strong>&nbsp;neilona, kas ir ar\u012b \u016bdens atgr\u016bdo&scaron;s. Lieliska jaka rudens un pavasara ikdienai. K\u0101 ar\u012b lieti noder\u0113s kalnu p\u0101rg\u0101jieniem k\u0101 siltin\u0101juma sl\u0101nis.<\/span><\/p>\n<p>&nbsp;<\/p>\n<p><span style=\"color: #800000;font-size: x-small\"><strong>Specifik\u0101cija:<\/strong><\/span><\/p>\n<p>&nbsp;<\/p>\n<p><span style=\"font-size: x-small\"><strong>Materi\u0101ls:&nbsp;<\/strong>100% Nylon Ripstop 1.2 oz\/yd<br \/><\/span><span style=\"font-size: x-small\"><strong>Oder\u0113jums:&nbsp;<\/strong>100% Polyester DWR 1.8 oz\/yd<br \/><\/span><span style=\"font-size: x-small\"><strong>Siltin\u0101jums:<\/strong>&nbsp;Primaloft&reg; Black<br \/><\/span><span style=\"font-size: x-small\"><strong>Piegriezums:<\/strong>&nbsp;Regular Fit<br \/><\/span><span style=\"font-size: x-small\"><strong>Muguras garums:<\/strong>&nbsp;71 cm (M izm\u0113ram)<br \/><\/span><span style=\"font-size: x-small\"><strong>Svars:<\/strong>&nbsp;640 grami<\/span><\/p>\n<p>&nbsp;<\/p>\n<p><span style=\"color: #800000;font-size: x-small\"><strong>Raksturojums:<\/strong><\/span><\/p>\n<p>&nbsp;<\/p>\n<p><span style=\"font-size: x-small\"><img loading=\"lazy\" decoding=\"async\" src=\"http:\/\/www.virsotne.lv\/userfiles\/image\/ahaa\/marmot_logo_aplisM.gif\" alt=\"\" width=\"15\" height=\"15\" \/>&nbsp;Angel-Wing Movement piegriezums<br \/><\/span><span style=\"font-size: x-small\"><img loading=\"lazy\" decoding=\"async\" src=\"http:\/\/www.virsotne.lv\/userfiles\/image\/ahaa\/marmot_logo_aplisM.gif\" alt=\"\" width=\"15\" height=\"15\" \/>&nbsp;Liela iek&scaron;kabata cimdiem vai cepurei<br \/><\/span><span style=\"font-size: x-small\"><img loading=\"lazy\" decoding=\"async\" src=\"http:\/\/www.virsotne.lv\/userfiles\/image\/ahaa\/marmot_logo_aplisM.gif\" alt=\"\" width=\"15\" height=\"15\" \/>&nbsp;Iek&scaron;kabata ar r\u0101v\u0113jsl\u0113dz\u0113ju<br \/><\/span><span style=\"font-size: x-small\"><img loading=\"lazy\" decoding=\"async\" src=\"http:\/\/www.virsotne.lv\/userfiles\/image\/ahaa\/marmot_logo_aplisM.gif\" alt=\"\" width=\"15\" height=\"15\" \/>&nbsp;Primaloft&reg; Black siltin\u0101t\u0101js<br \/><\/span><span style=\"font-size: x-small\"><img loading=\"lazy\" decoding=\"async\" src=\"http:\/\/www.virsotne.lv\/userfiles\/image\/ahaa\/marmot_logo_aplisM.gif\" alt=\"\" width=\"15\" height=\"15\" \/>&nbsp;Kr\u016b&scaron;u kabata<\/span><\/p>\n","protected":false},"excerpt":{"rendered":"<p>Siltums bez tilpuma! T\u0101 ir jaun\u0101&nbsp;Marmot Celen Hoody&nbsp;jaka, kas tagad ir pild\u012bta ar jauno&nbsp;Primaloft&reg; Blacksint\u0113tisko siltin\u0101t\u0101ju, kas ir par 60% izgatavots no p\u0101rstr\u0101d\u0101tiem materi\u0101liem. Jakas virspuse ir darin\u0101ta noRipStop&nbsp;neilona, kas ir ar\u012b \u016bdens atgr\u016bdo&scaron;s. Lieliska jaka rudens un pavasara ikdienai. K\u0101 ar\u012b lieti noder\u0113s kalnu p\u0101rg\u0101jieniem k\u0101 siltin\u0101juma sl\u0101nis. &nbsp; Specifik\u0101cija: &nbsp; Materi\u0101ls:&nbsp;100% Nylon Ripstop [&hellip;]<\/p>\n","protected":false},"featured_media":0,"template":"","meta":[],"product_brand":[908],"product_cat":[4619,4640,4715],"product_tag":[],"class_list":{"0":"post-77527","1":"product","2":"type-product","3":"status-publish","5":"product_brand-marmot","6":"product_cat-winter-clothes-recreation","7":"product_cat-recreation","8":"product_cat-synthetic-jackets-winter-clothes-recreation","10":"first","11":"instock","12":"shipping-taxable","13":"purchasable","14":"product-type-simple"},"_links":{"self":[{"href":"https:\/\/sezona.lv\/en\/wp-json\/wp\/v2\/product\/77527","targetHints":{"allow":["GET"]}}],"collection":[{"href":"https:\/\/sezona.lv\/en\/wp-json\/wp\/v2\/product"}],"about":[{"href":"https:\/\/sezona.lv\/en\/wp-json\/wp\/v2\/types\/product"}],"wp:attachment":[{"href":"https:\/\/sezona.lv\/en\/wp-json\/wp\/v2\/media?parent=77527"}],"wp:term":[{"taxonomy":"product_brand","embeddable":true,"href":"https:\/\/sezona.lv\/en\/wp-json\/wp\/v2\/product_brand?post=77527"},{"taxonomy":"product_cat","embeddable":true,"href":"https:\/\/sezona.lv\/en\/wp-json\/wp\/v2\/product_cat?post=77527"},{"taxonomy":"product_tag","embeddable":true,"href":"https:\/\/sezona.lv\/en\/wp-json\/wp\/v2\/product_tag?post=77527"}],"curies":[{"name":"wp","href":"https:\/\/api.w.org\/{rel}","templated":true}]}}