{"id":77529,"date":"2025-07-14T15:08:04","date_gmt":"2025-07-14T12:08:04","guid":{"rendered":"https:\/\/demo8.ecube.lv\/sezona.lv\/products\/marmot-estes-hoody-jaka\/"},"modified":"2025-07-14T15:08:04","modified_gmt":"2025-07-14T12:08:04","slug":"marmot-estes-hoody-jaka","status":"publish","type":"product","link":"https:\/\/sezona.lv\/en\/products\/marmot-estes-hoody-jaka\/","title":{"rendered":"Marmot Estes Hoody jaka"},"content":{"rendered":"<p align=\"justify\"><span style=\"font-size: x-small\">Viegla un p\u0101rdom\u0101ta softshell tipa jaka no elpojo&scaron;a auduma.&nbsp;<strong>Marmot Estes Hoody<\/strong>&nbsp;jaka ir lielisks risin\u0101jums pavasara p\u0101rg\u0101jieniem ar main\u012bgu v\u0113ja un nokri&scaron;\u0146u daudzumu. \u0100tri \u017e\u016bsto&scaron;ais un v\u0113ja notur\u012bgais audums b\u016bs komfortabls g\u0101jiena laik\u0101. \u0112rti izvietot\u0101s&nbsp;<strong>Pack Pockets&trade;<\/strong>&nbsp;kabatas netrauc\u0113s piek\u013c\u016bt to saturam, kad b\u016bs aizspr\u0101dz\u0113ta mugursomas gurnu lence. P\u0101rdom\u0101tais piegriezums \u013caus br\u012bvi kust\u0113ties ar\u012b k\u0101pjot klint\u012bs. Lieliska ar\u012b vasaras vakaros, kad fl\u012bsis ir par daudz bet krekls ir par maz.<\/span><\/p>\n<p>&nbsp;<\/p>\n<p><span style=\"color: #800000;font-size: x-small\"><strong>Specifik\u0101cija:<\/strong><\/span><\/p>\n<p>&nbsp;<\/p>\n<p><span style=\"font-size: x-small\"><strong>Materi\u0101ls:&nbsp;<\/strong>Softshell Double Weave 90% Polyester, 10% Elastane Stretch 7.0 oz\/yd<br \/><\/span><span style=\"font-size: x-small\"><strong>Muguras garums:&nbsp;<\/strong>73,5cm (M izm\u0113ram)<br \/><\/span><span style=\"font-size: x-small\"><strong>Svars:<\/strong>&nbsp;575 grami<br \/><\/span><span style=\"font-size: x-small\"><strong>Kr\u0101sa:<\/strong>&nbsp;za\u013ca, oran\u017ea<\/span><\/p>\n<p>&nbsp;<\/p>\n<p><span style=\"color: #800000;font-size: x-small\"><strong>Galven\u0101s \u012bpa&scaron;\u012bbas:<\/strong><\/span><\/p>\n<p>&nbsp;<\/p>\n<p><span style=\"font-size: x-small\"><img loading=\"lazy\" decoding=\"async\" src=\"http:\/\/www.virsotne.lv\/userfiles\/image\/ahaa\/marmot_logo_aplisM.gif\" alt=\"\" width=\"15\" height=\"15\" \/>&nbsp;\u016adens atrg\u016bdo&scaron;s un elpojo&scaron;s audums<br \/><\/span><span style=\"font-size: x-small\"><img loading=\"lazy\" decoding=\"async\" src=\"http:\/\/www.virsotne.lv\/userfiles\/image\/ahaa\/marmot_logo_aplisM.gif\" alt=\"\" width=\"15\" height=\"15\" \/>&nbsp;<strong>PackPockets&trade;<\/strong>&nbsp;kabatas<br \/><\/span><span style=\"font-size: x-small\"><img loading=\"lazy\" decoding=\"async\" src=\"http:\/\/www.virsotne.lv\/userfiles\/image\/ahaa\/marmot_logo_aplisM.gif\" alt=\"\" width=\"15\" height=\"15\" \/>&nbsp;Ik&scaron;kabata ar r\u0101v\u0113jsl\u0113z\u0113ju un caurumu austi\u0146u vadam<br \/><\/span><span style=\"font-size: x-small\"><img loading=\"lazy\" decoding=\"async\" src=\"http:\/\/www.virsotne.lv\/userfiles\/image\/ahaa\/marmot_logo_aplisM.gif\" alt=\"\" width=\"15\" height=\"15\" \/>&nbsp;\u010cetros virzienos staip\u012bgs&nbsp;<strong>Marmot M3 Softshell<\/strong>&nbsp;audums<\/span><\/p>\n","protected":false},"excerpt":{"rendered":"<p>Viegla un p\u0101rdom\u0101ta softshell tipa jaka no elpojo&scaron;a auduma.&nbsp;Marmot Estes Hoody&nbsp;jaka ir lielisks risin\u0101jums pavasara p\u0101rg\u0101jieniem ar main\u012bgu v\u0113ja un nokri&scaron;\u0146u daudzumu. \u0100tri \u017e\u016bsto&scaron;ais un v\u0113ja notur\u012bgais audums b\u016bs komfortabls g\u0101jiena laik\u0101. \u0112rti izvietot\u0101s&nbsp;Pack Pockets&trade;&nbsp;kabatas netrauc\u0113s piek\u013c\u016bt to saturam, kad b\u016bs aizspr\u0101dz\u0113ta mugursomas gurnu lence. P\u0101rdom\u0101tais piegriezums \u013caus br\u012bvi kust\u0113ties ar\u012b k\u0101pjot klint\u012bs. Lieliska ar\u012b [&hellip;]<\/p>\n","protected":false},"featured_media":0,"template":"","meta":[],"product_brand":[908],"product_cat":[4619,4640,4716],"product_tag":[],"class_list":{"0":"post-77529","1":"product","2":"type-product","3":"status-publish","5":"product_brand-marmot","6":"product_cat-winter-clothes-recreation","7":"product_cat-recreation","8":"product_cat-softshell-jackets-winter-clothes-recreation","10":"first","11":"instock","12":"shipping-taxable","13":"purchasable","14":"product-type-simple"},"_links":{"self":[{"href":"https:\/\/sezona.lv\/en\/wp-json\/wp\/v2\/product\/77529","targetHints":{"allow":["GET"]}}],"collection":[{"href":"https:\/\/sezona.lv\/en\/wp-json\/wp\/v2\/product"}],"about":[{"href":"https:\/\/sezona.lv\/en\/wp-json\/wp\/v2\/types\/product"}],"wp:attachment":[{"href":"https:\/\/sezona.lv\/en\/wp-json\/wp\/v2\/media?parent=77529"}],"wp:term":[{"taxonomy":"product_brand","embeddable":true,"href":"https:\/\/sezona.lv\/en\/wp-json\/wp\/v2\/product_brand?post=77529"},{"taxonomy":"product_cat","embeddable":true,"href":"https:\/\/sezona.lv\/en\/wp-json\/wp\/v2\/product_cat?post=77529"},{"taxonomy":"product_tag","embeddable":true,"href":"https:\/\/sezona.lv\/en\/wp-json\/wp\/v2\/product_tag?post=77529"}],"curies":[{"name":"wp","href":"https:\/\/api.w.org\/{rel}","templated":true}]}}