{"id":77530,"date":"2025-07-14T15:08:05","date_gmt":"2025-07-14T12:08:05","guid":{"rendered":"https:\/\/demo8.ecube.lv\/sezona.lv\/products\/marmot-vertical-jacket-jaka\/"},"modified":"2025-07-14T15:08:05","modified_gmt":"2025-07-14T12:08:05","slug":"marmot-vertical-jacket-jaka","status":"publish","type":"product","link":"https:\/\/sezona.lv\/en\/products\/marmot-vertical-jacket-jaka\/","title":{"rendered":"Marmot Vertical Jacket jaka"},"content":{"rendered":"<p align=\"justify\"><span style=\"font-size: x-small\">Izcila windstoper tipa v\u012brie&scaron;u jaka no&nbsp;<strong>Marmot M1<\/strong>&nbsp;<strong>Softshell&nbsp;<\/strong>auduma. Jakai ir no\u0146emama kapuce. Padus\u0113s ir r\u0101v\u0113jsl\u0113dz\u0113ji lab\u0101kai ventil\u0101cijai. \u013boti erganomisks piegriezums un funkcionalit\u0101te \u013cauj &scaron;o jaku izmantot jebkur\u0101s aktivit\u0101t\u0113s. Pateicoties no\u0146emamai sniega kliti\u0146ai &scaron;o jaku var izmantot ar\u012b k\u0101 sl\u0113po&scaron;anas vai ski-touring jaku. Ide\u0101li piem\u0113rota alp\u012bnism\u0101, treking\u0101, p\u0101rg\u0101jienos k\u0101 ar\u012b ikdien\u0101.&nbsp;<br \/><\/span><\/p>\n<p align=\"left\"><span style=\"color: #800000;font-size: x-small\"><strong>Specifik\u0101cija:<\/strong><\/span><\/p>\n<p align=\"left\"><span style=\"font-size: x-small\"><strong>Materi\u0101ls:&nbsp;<\/strong><\/span><span style=\"font-size: x-small\">Softshell WPB 88% Nylon, 12% Elastane 9.2 oz\/yd<\/span><span style=\"font-size: x-small\"><br \/><strong>Muguras garums:<\/strong>&nbsp;72,5cm (M izm\u0113ram)<br \/><strong>Svars:&nbsp;<\/strong><\/span><span style=\"font-size: x-small\">969 grami<br \/><strong>Kr\u0101sa:<\/strong>&nbsp;<\/span><span style=\"font-size: x-small\">melna, zila<br \/><\/span><\/p>\n<p align=\"left\"><span style=\"color: #800000;font-size: x-small\"><strong>Raksturojums:<\/strong><\/span><\/p>\n<p align=\"left\"><span style=\"font-size: x-small\"><img decoding=\"async\" src=\"http:\/\/www.virsotne.lv\/images\/front\/veikals\/apgerbs\/polartec_jakas\/marmot_logo_aplisM.gif\" alt=\"\" \/>&nbsp;<\/span><span style=\"font-size: x-small\">Piedurk\u0146u man\u017eetes regul\u0113jamas ar&nbsp;<strong>Velcro&reg;<\/strong><br \/><img decoding=\"async\" src=\"http:\/\/www.virsotne.lv\/images\/front\/veikals\/apgerbs\/polartec_jakas\/marmot_logo_aplisM.gif\" alt=\"\" \/>&nbsp;<\/span><span style=\"font-size: x-small\">Elast\u012bga, regul\u0113jo&scaron;a aukla jakas apak&scaron;da\u013c\u0101<br \/><\/span><span style=\"font-size: x-small\"><img decoding=\"async\" src=\"http:\/\/www.virsotne.lv\/images\/front\/veikals\/apgerbs\/polartec_jakas\/marmot_logo_aplisM.gif\" alt=\"\" \/>&nbsp;<\/span><span style=\"font-size: x-small\">Iek&scaron;kabata ar r\u0101v\u0113jsl\u0113dz\u0113ju, s\u012bkiem priek&scaron;metiem un aksesu\u0101riem<\/span><span style=\"font-size: x-small\"><br \/><\/span><span style=\"font-size: x-small\"><span style=\"font-size: x-small\"><img decoding=\"async\" src=\"http:\/\/www.virsotne.lv\/images\/front\/veikals\/apgerbs\/polartec_jakas\/marmot_logo_aplisM.gif\" alt=\"\" \/>&nbsp;<\/span><span style=\"font-size: x-small\">Rokas kabati\u0146a sl\u0113po&scaron;ana \u010dipam vai e-talonam \ud83d\ude42<br \/><\/span><\/span><span style=\"font-size: x-small\"><span style=\"font-size: x-small\"><span style=\"font-size: x-small\"><img decoding=\"async\" src=\"http:\/\/www.virsotne.lv\/images\/front\/veikals\/apgerbs\/polartec_jakas\/marmot_logo_aplisM.gif\" alt=\"\" \/>&nbsp;<\/span><span style=\"font-size: x-small\">Padu&scaron;u r\u0101v\u0113jsl\u0113dz\u0113ju papildus ventil\u0101cijai<\/span><\/span><br \/><\/span><span style=\"font-size: x-small\"><img decoding=\"async\" src=\"http:\/\/www.virsotne.lv\/images\/front\/veikals\/apgerbs\/polartec_jakas\/marmot_logo_aplisM.gif\" alt=\"\" \/>&nbsp;<\/span><span style=\"font-size: x-small\">S\u0101nu kabatas ar r\u0101v\u0113jsl\u0113dz\u0113jiem un no m\u012bksta auduma, roku sild\u012b&scaron;anai<br \/><img decoding=\"async\" src=\"http:\/\/www.virsotne.lv\/images\/front\/veikals\/apgerbs\/polartec_jakas\/marmot_logo_aplisM.gif\" alt=\"\" \/>&nbsp;No\u0146emama sniega kleiti\u0146a<\/span><span style=\"font-size: x-small\"><br \/><img decoding=\"async\" src=\"http:\/\/www.virsotne.lv\/images\/front\/veikals\/apgerbs\/polartec_jakas\/marmot_logo_aplisM.gif\" alt=\"\" \/>&nbsp;<\/span><span style=\"font-size: x-small\">Ar r\u0101v\u0113jsl\u0113dz\u0113ju no\u0146emama kapuce<br \/><img decoding=\"async\" src=\"http:\/\/www.virsotne.lv\/images\/front\/veikals\/apgerbs\/polartec_jakas\/marmot_logo_aplisM.gif\" alt=\"\" \/>&nbsp;<\/span><span style=\"font-size: x-small\">\u016adens un v\u0113ja iztur\u012bgs audums<\/span><\/p>\n","protected":false},"excerpt":{"rendered":"<p>Izcila windstoper tipa v\u012brie&scaron;u jaka no&nbsp;Marmot M1&nbsp;Softshell&nbsp;auduma. Jakai ir no\u0146emama kapuce. Padus\u0113s ir r\u0101v\u0113jsl\u0113dz\u0113ji lab\u0101kai ventil\u0101cijai. \u013boti erganomisks piegriezums un funkcionalit\u0101te \u013cauj &scaron;o jaku izmantot jebkur\u0101s aktivit\u0101t\u0113s. Pateicoties no\u0146emamai sniega kliti\u0146ai &scaron;o jaku var izmantot ar\u012b k\u0101 sl\u0113po&scaron;anas vai ski-touring jaku. Ide\u0101li piem\u0113rota alp\u012bnism\u0101, treking\u0101, p\u0101rg\u0101jienos k\u0101 ar\u012b ikdien\u0101.&nbsp; Specifik\u0101cija: Materi\u0101ls:&nbsp;Softshell WPB 88% Nylon, 12% [&hellip;]<\/p>\n","protected":false},"featured_media":0,"template":"","meta":[],"product_brand":[908],"product_cat":[4619,4640,4716],"product_tag":[],"class_list":{"0":"post-77530","1":"product","2":"type-product","3":"status-publish","5":"product_brand-marmot","6":"product_cat-winter-clothes-recreation","7":"product_cat-recreation","8":"product_cat-softshell-jackets-winter-clothes-recreation","10":"first","11":"instock","12":"shipping-taxable","13":"purchasable","14":"product-type-simple"},"_links":{"self":[{"href":"https:\/\/sezona.lv\/en\/wp-json\/wp\/v2\/product\/77530","targetHints":{"allow":["GET"]}}],"collection":[{"href":"https:\/\/sezona.lv\/en\/wp-json\/wp\/v2\/product"}],"about":[{"href":"https:\/\/sezona.lv\/en\/wp-json\/wp\/v2\/types\/product"}],"wp:attachment":[{"href":"https:\/\/sezona.lv\/en\/wp-json\/wp\/v2\/media?parent=77530"}],"wp:term":[{"taxonomy":"product_brand","embeddable":true,"href":"https:\/\/sezona.lv\/en\/wp-json\/wp\/v2\/product_brand?post=77530"},{"taxonomy":"product_cat","embeddable":true,"href":"https:\/\/sezona.lv\/en\/wp-json\/wp\/v2\/product_cat?post=77530"},{"taxonomy":"product_tag","embeddable":true,"href":"https:\/\/sezona.lv\/en\/wp-json\/wp\/v2\/product_tag?post=77530"}],"curies":[{"name":"wp","href":"https:\/\/api.w.org\/{rel}","templated":true}]}}