{"id":77531,"date":"2025-07-14T15:08:06","date_gmt":"2025-07-14T12:08:06","guid":{"rendered":"https:\/\/demo8.ecube.lv\/sezona.lv\/products\/marmot-tempo-hoody-sieviesu-jaka\/"},"modified":"2025-07-14T15:08:06","modified_gmt":"2025-07-14T12:08:06","slug":"marmot-tempo-hoody-sieviesu-jaka","status":"publish","type":"product","link":"https:\/\/sezona.lv\/en\/products\/marmot-tempo-hoody-sieviesu-jaka\/","title":{"rendered":"Marmot Tempo Hoody sievie\u0161u jaka"},"content":{"rendered":"<p align=\"justify\"><span style=\"font-size: x-small\">Sievie&scaron;u piegriezuma softshell jaka. Perfekts sl\u0101nis ruden\u012b un pavasar\u012b, kad komforts ir priorit\u0101te. Viegla un elast\u012bga jaci\u0146a ir tie&scaron;i tas ko vajag. \u016adens atgr\u016bdo&scaron;s, v\u0113ja notur\u012bgs un elpojo&scaron;s materi\u0101ls tikai papildina jakas komfortu. Jaka ir ide\u0101li piem\u0113rota klin&scaron;u k\u0101p&scaron;anai, velobrauk&scaron;anai k\u0101 ar\u012b p\u0101rg\u0101jieniem un ikdienai.<\/span><\/p>\n<p><span style=\"color: #800000;font-size: x-small\"><strong>Specifik\u0101cija:<\/strong><\/span><\/p>\n<p><span style=\"font-size: x-small\"><strong>Materi\u0101ls:&nbsp;<\/strong>Softshell Double Weave 90% Polyester 10% Elastane Stretch 7.3 oz\/yd<br \/><strong>Muguras garums:<\/strong><\/span>&nbsp;<span style=\"font-size: x-small\">6<span style=\"font-size: x-small\">4<\/span>cm (M izm\u0113ram)<br \/><strong>Svars:<\/strong><\/span>&nbsp;<span style=\"font-size: x-small\">476 grami<br \/><strong>Kr\u0101sa:<\/strong><\/span>&nbsp;<span style=\"font-size: x-small\">viol\u0113ta<\/span><\/p>\n<p><span style=\"color: #800000;font-size: x-small\"><strong>Galven\u0101s \u012bpa&scaron;\u012bbas:<\/strong><\/span><\/p>\n<p><span style=\"font-size: x-small\"><img decoding=\"async\" src=\"http:\/\/www.virsotne.lv\/images\/front\/veikals\/apgerbs\/polartec_jakas\/marmot_logo_aplisM.gif\" alt=\"\" \/>&nbsp;\u016adens atgr\u016bdo&scaron;s un elpojo&scaron;s materi\u0101ls<br \/><img decoding=\"async\" src=\"http:\/\/www.virsotne.lv\/images\/front\/veikals\/apgerbs\/polartec_jakas\/marmot_logo_aplisM.gif\" alt=\"\" \/><\/span>&nbsp;<span style=\"font-size: x-small\">Atstarojo&scaron;i logotipi<br \/><img decoding=\"async\" src=\"http:\/\/www.virsotne.lv\/images\/front\/veikals\/apgerbs\/polartec_jakas\/marmot_logo_aplisM.gif\" alt=\"\" \/><\/span>&nbsp;<span style=\"font-size: x-small\"><strong>Angel-Wing Movement&trade;&nbsp;<\/strong>piegriezums \u013caus br\u012bvi kust\u0113ties<br \/><img decoding=\"async\" src=\"http:\/\/www.virsotne.lv\/images\/front\/veikals\/apgerbs\/polartec_jakas\/marmot_logo_aplisM.gif\" alt=\"\" \/>&nbsp;Sievie&scaron;u piegriezums<\/span><\/p>\n","protected":false},"excerpt":{"rendered":"<p>Sievie&scaron;u piegriezuma softshell jaka. Perfekts sl\u0101nis ruden\u012b un pavasar\u012b, kad komforts ir priorit\u0101te. Viegla un elast\u012bga jaci\u0146a ir tie&scaron;i tas ko vajag. \u016adens atgr\u016bdo&scaron;s, v\u0113ja notur\u012bgs un elpojo&scaron;s materi\u0101ls tikai papildina jakas komfortu. Jaka ir ide\u0101li piem\u0113rota klin&scaron;u k\u0101p&scaron;anai, velobrauk&scaron;anai k\u0101 ar\u012b p\u0101rg\u0101jieniem un ikdienai. Specifik\u0101cija: Materi\u0101ls:&nbsp;Softshell Double Weave 90% Polyester 10% Elastane Stretch 7.3 [&hellip;]<\/p>\n","protected":false},"featured_media":0,"template":"","meta":[],"product_brand":[908],"product_cat":[4619,4640,4716],"product_tag":[],"class_list":{"0":"post-77531","1":"product","2":"type-product","3":"status-publish","5":"product_brand-marmot","6":"product_cat-winter-clothes-recreation","7":"product_cat-recreation","8":"product_cat-softshell-jackets-winter-clothes-recreation","10":"first","11":"instock","12":"shipping-taxable","13":"purchasable","14":"product-type-simple"},"_links":{"self":[{"href":"https:\/\/sezona.lv\/en\/wp-json\/wp\/v2\/product\/77531","targetHints":{"allow":["GET"]}}],"collection":[{"href":"https:\/\/sezona.lv\/en\/wp-json\/wp\/v2\/product"}],"about":[{"href":"https:\/\/sezona.lv\/en\/wp-json\/wp\/v2\/types\/product"}],"wp:attachment":[{"href":"https:\/\/sezona.lv\/en\/wp-json\/wp\/v2\/media?parent=77531"}],"wp:term":[{"taxonomy":"product_brand","embeddable":true,"href":"https:\/\/sezona.lv\/en\/wp-json\/wp\/v2\/product_brand?post=77531"},{"taxonomy":"product_cat","embeddable":true,"href":"https:\/\/sezona.lv\/en\/wp-json\/wp\/v2\/product_cat?post=77531"},{"taxonomy":"product_tag","embeddable":true,"href":"https:\/\/sezona.lv\/en\/wp-json\/wp\/v2\/product_tag?post=77531"}],"curies":[{"name":"wp","href":"https:\/\/api.w.org\/{rel}","templated":true}]}}