{"id":77532,"date":"2025-07-14T15:08:07","date_gmt":"2025-07-14T12:08:07","guid":{"rendered":"https:\/\/demo8.ecube.lv\/sezona.lv\/products\/marmot-pingora-bikses\/"},"modified":"2025-07-14T15:08:07","modified_gmt":"2025-07-14T12:08:07","slug":"marmot-pingora-bikses","status":"publish","type":"product","link":"https:\/\/sezona.lv\/en\/products\/marmot-pingora-bikses\/","title":{"rendered":"Marmot Pingora bikses"},"content":{"rendered":"<p align=\"justify\"><span style=\"font-size: x-small\">Tehnisks outdoor bikses no viegla un nodilumiztur\u012bga&nbsp;<strong>Schoeller&reg;&nbsp;<\/strong>auduma. &Scaron;\u012b elpojo&scaron;\u0101s un v\u0113ja notur\u012bg\u0101s bikses ir k\u0101 rad\u012btas trekingam un klin&scaron;u k\u0101p&scaron;anai. Artikul\u0113ti ce\u013cgali un pastiprin\u0101jumi padara &scaron;\u012bs bikses par \u012bpa&scaron;i \u0113rt\u0101m un iztur\u012bg\u0101m.<\/span><\/p>\n<p><span style=\"color: #800000;font-size: x-small\"><strong>Specifik\u0101cija:<\/strong><\/span><\/p>\n<p><span style=\"font-size: x-small\"><strong>Pamatmateri\u0101ls:<\/strong>&nbsp;Schoeller&reg; Softshell Double Weave 73% Nylon, 22% Polyester, 5% Elastane 4.4 oz\/ yd<br \/><\/span><span style=\"font-size: x-small\"><strong>Pastiprin\u0101jumi:<\/strong>&nbsp;Softshell Double Weave 53% Nylon, 36% Polyester, 12% Elastane Stretch 5.6 oz\/yd<br \/><\/span><span style=\"font-size: x-small\"><strong>Piegriezums:<\/strong>&nbsp;Regular Fit<br \/><\/span><span style=\"font-size: x-small\"><strong>Svars:<\/strong>&nbsp;343 grami<\/span><span style=\"font-size: x-small\"><br \/><\/span><\/p>\n<p><span style=\"font-size: x-small\"><strong><span style=\"color: #800000\">Raksturojums:<\/span><\/strong><\/span><\/p>\n<p><span style=\"font-size: x-small\"><img loading=\"lazy\" decoding=\"async\" src=\"http:\/\/www.virsotne.lv\/userfiles\/image\/ahaa\/marmot_logo_aplisM.gif\" alt=\"\" width=\"15\" height=\"15\" \/>&nbsp;Schoeller&reg; audums<br \/><\/span><span style=\"font-size: x-small\"><img loading=\"lazy\" decoding=\"async\" src=\"http:\/\/www.virsotne.lv\/userfiles\/image\/ahaa\/marmot_logo_aplisM.gif\" alt=\"\" width=\"15\" height=\"15\" \/>&nbsp;\u016adens atgr\u016bsto&scaron;s un super elpojo&scaron;s audums<br \/><\/span><span style=\"font-size: x-small\"><img loading=\"lazy\" decoding=\"async\" src=\"http:\/\/www.virsotne.lv\/userfiles\/image\/ahaa\/marmot_logo_aplisM.gif\" alt=\"\" width=\"15\" height=\"15\" \/>&nbsp;Kabatas ar r\u0101v\u0113jsl\u0113dz\u0113jiem<br \/><\/span><span style=\"font-size: x-small\"><img loading=\"lazy\" decoding=\"async\" src=\"http:\/\/www.virsotne.lv\/userfiles\/image\/ahaa\/marmot_logo_aplisM.gif\" alt=\"\" width=\"15\" height=\"15\" \/>&nbsp;Pastiprin\u0101jumi s\u0113\u017eamviet\u0101 un ce\u013cgalos<br \/><\/span><span style=\"font-size: x-small\"><img loading=\"lazy\" decoding=\"async\" src=\"http:\/\/www.virsotne.lv\/userfiles\/image\/ahaa\/marmot_logo_aplisM.gif\" alt=\"\" width=\"15\" height=\"15\" \/>&nbsp;Pot\u012b&scaron;u r\u0101v\u0113jsl\u0113dz\u0113ji<br \/><\/span><span style=\"font-size: x-small\"><img loading=\"lazy\" decoding=\"async\" src=\"http:\/\/www.virsotne.lv\/userfiles\/image\/ahaa\/marmot_logo_aplisM.gif\" alt=\"\" width=\"15\" height=\"15\" \/>&nbsp;Jostas cilpas<br \/><\/span><span style=\"font-size: x-small\"><img loading=\"lazy\" decoding=\"async\" src=\"http:\/\/www.virsotne.lv\/userfiles\/image\/ahaa\/marmot_logo_aplisM.gif\" alt=\"\" width=\"15\" height=\"15\" \/>&nbsp;Artikul\u0113ti ce\u013cgali<\/span><\/p>\n","protected":false},"excerpt":{"rendered":"<p>Tehnisks outdoor bikses no viegla un nodilumiztur\u012bga&nbsp;Schoeller&reg;&nbsp;auduma. &Scaron;\u012b elpojo&scaron;\u0101s un v\u0113ja notur\u012bg\u0101s bikses ir k\u0101 rad\u012btas trekingam un klin&scaron;u k\u0101p&scaron;anai. Artikul\u0113ti ce\u013cgali un pastiprin\u0101jumi padara &scaron;\u012bs bikses par \u012bpa&scaron;i \u0113rt\u0101m un iztur\u012bg\u0101m. Specifik\u0101cija: Pamatmateri\u0101ls:&nbsp;Schoeller&reg; Softshell Double Weave 73% Nylon, 22% Polyester, 5% Elastane 4.4 oz\/ ydPastiprin\u0101jumi:&nbsp;Softshell Double Weave 53% Nylon, 36% Polyester, 12% Elastane Stretch [&hellip;]<\/p>\n","protected":false},"featured_media":0,"template":"","meta":[],"product_brand":[908],"product_cat":[4619,4640,4717],"product_tag":[],"class_list":{"0":"post-77532","1":"product","2":"type-product","3":"status-publish","5":"product_brand-marmot","6":"product_cat-winter-clothes-recreation","7":"product_cat-recreation","8":"product_cat-softshell-pants-winter-clothes-recreation","10":"first","11":"instock","12":"shipping-taxable","13":"purchasable","14":"product-type-simple"},"_links":{"self":[{"href":"https:\/\/sezona.lv\/en\/wp-json\/wp\/v2\/product\/77532","targetHints":{"allow":["GET"]}}],"collection":[{"href":"https:\/\/sezona.lv\/en\/wp-json\/wp\/v2\/product"}],"about":[{"href":"https:\/\/sezona.lv\/en\/wp-json\/wp\/v2\/types\/product"}],"wp:attachment":[{"href":"https:\/\/sezona.lv\/en\/wp-json\/wp\/v2\/media?parent=77532"}],"wp:term":[{"taxonomy":"product_brand","embeddable":true,"href":"https:\/\/sezona.lv\/en\/wp-json\/wp\/v2\/product_brand?post=77532"},{"taxonomy":"product_cat","embeddable":true,"href":"https:\/\/sezona.lv\/en\/wp-json\/wp\/v2\/product_cat?post=77532"},{"taxonomy":"product_tag","embeddable":true,"href":"https:\/\/sezona.lv\/en\/wp-json\/wp\/v2\/product_tag?post=77532"}],"curies":[{"name":"wp","href":"https:\/\/api.w.org\/{rel}","templated":true}]}}