{"id":77534,"date":"2025-07-14T15:08:09","date_gmt":"2025-07-14T12:08:09","guid":{"rendered":"https:\/\/demo8.ecube.lv\/sezona.lv\/products\/marmot-ridgewood-insulated-bikses\/"},"modified":"2025-07-14T15:08:09","modified_gmt":"2025-07-14T12:08:09","slug":"marmot-ridgewood-insulated-bikses","status":"publish","type":"product","link":"https:\/\/sezona.lv\/en\/products\/marmot-ridgewood-insulated-bikses\/","title":{"rendered":"Marmot Ridgewood Insulated bikses"},"content":{"rendered":"<p align=\"justify\"><span style=\"font-size: x-small\">Visiem ir nepiecie&scaron;ams \u0113rts siltin\u0101jums aukstaj\u0101m rudens un ziemas dien\u0101m. Tie&scaron;i t\u0101dam tika rad\u012btas<strong>Ridgewood Insulated Pant<\/strong>&nbsp;bikses ar sint\u0113tisk\u0101 siltin\u0101juma oderi. Viegls, elpojo&scaron;s un nodilumiztur\u012bgs neilons padara &scaron;\u012bs bikses par lielisk\u0101m ar\u012b ikdien\u0101. M\u012bksta&nbsp;<strong>DriClime<\/strong>&nbsp;odere vidukl\u012b nodro&scaron;in\u0101s papildus komfortu. Lieliskas bikses ziemas ikdienai vai pastaig\u0101m ar suni.<\/span><\/p>\n<p><span style=\"font-size: x-small\"><strong><span style=\"color: #800000\">Specifik\u0101cija:<\/span><\/strong><\/span><\/p>\n<p><span style=\"font-size: x-small\"><strong>Materi\u0101ls:&nbsp;<\/strong>100% Nylon Peached DWR 5.5 oz\/yd<br \/><\/span><span style=\"font-size: x-small\"><strong>Piegriezums:<\/strong>&nbsp;Relaxed Fit<br \/><\/span><span style=\"font-size: x-small\"><strong>Siltin\u0101jums:&nbsp;<\/strong>Thermal R<br \/><\/span><span style=\"font-size: x-small\"><strong>Siltin\u0101juma daudzums:&nbsp;<\/strong>40 grami<br \/><\/span><span style=\"font-size: x-small\"><strong>Svars:&nbsp;<\/strong>586 grami<\/span><\/p>\n<p><span style=\"font-size: x-small\"><strong><span style=\"color: #800000\">Raksturojums:<\/span><\/strong><\/span><\/p>\n<p><span style=\"font-size: x-small\"><img loading=\"lazy\" decoding=\"async\" src=\"http:\/\/www.virsotne.lv\/userfiles\/image\/ahaa\/marmot_logo_aplisM.gif\" alt=\"\" width=\"15\" height=\"15\" \/>&nbsp;Viegls nodilumiztur\u012bgs neilons<br \/><img loading=\"lazy\" decoding=\"async\" src=\"http:\/\/www.virsotne.lv\/userfiles\/image\/ahaa\/marmot_logo_aplisM.gif\" alt=\"\" width=\"15\" height=\"15\" \/>&nbsp;Thermla R siltin\u0101t\u0101js<br \/><img loading=\"lazy\" decoding=\"async\" src=\"http:\/\/www.virsotne.lv\/userfiles\/image\/ahaa\/marmot_logo_aplisM.gif\" alt=\"\" width=\"15\" height=\"15\" \/>&nbsp;Ultravioleto staru aizsardz\u012bba UPF 50<br \/><img loading=\"lazy\" decoding=\"async\" src=\"http:\/\/www.virsotne.lv\/userfiles\/image\/ahaa\/marmot_logo_aplisM.gif\" alt=\"\" width=\"15\" height=\"15\" \/>&nbsp;S\u0101nu kabatas ar r\u0101v\u0113jsl\u0113dz\u0113jiem<br \/><img loading=\"lazy\" decoding=\"async\" src=\"http:\/\/www.virsotne.lv\/userfiles\/image\/ahaa\/marmot_logo_aplisM.gif\" alt=\"\" width=\"15\" height=\"15\" \/>&nbsp;Aizmugur\u0113j\u0101 kabata ar Velcro aizdari<br \/><img loading=\"lazy\" decoding=\"async\" src=\"http:\/\/www.virsotne.lv\/userfiles\/image\/ahaa\/marmot_logo_aplisM.gif\" alt=\"\" width=\"15\" height=\"15\" \/>&nbsp;DWR \u016bdens atgr\u016bdo&scaron;\u0101 p\u0113capst\u0101de<\/span><\/p>\n","protected":false},"excerpt":{"rendered":"<p>Visiem ir nepiecie&scaron;ams \u0113rts siltin\u0101jums aukstaj\u0101m rudens un ziemas dien\u0101m. Tie&scaron;i t\u0101dam tika rad\u012btasRidgewood Insulated Pant&nbsp;bikses ar sint\u0113tisk\u0101 siltin\u0101juma oderi. Viegls, elpojo&scaron;s un nodilumiztur\u012bgs neilons padara &scaron;\u012bs bikses par lielisk\u0101m ar\u012b ikdien\u0101. M\u012bksta&nbsp;DriClime&nbsp;odere vidukl\u012b nodro&scaron;in\u0101s papildus komfortu. Lieliskas bikses ziemas ikdienai vai pastaig\u0101m ar suni. Specifik\u0101cija: Materi\u0101ls:&nbsp;100% Nylon Peached DWR 5.5 oz\/ydPiegriezums:&nbsp;Relaxed FitSiltin\u0101jums:&nbsp;Thermal RSiltin\u0101juma daudzums:&nbsp;40 [&hellip;]<\/p>\n","protected":false},"featured_media":0,"template":"","meta":[],"product_brand":[908],"product_cat":[4619,4640,4717],"product_tag":[],"class_list":{"0":"post-77534","1":"product","2":"type-product","3":"status-publish","5":"product_brand-marmot","6":"product_cat-winter-clothes-recreation","7":"product_cat-recreation","8":"product_cat-softshell-pants-winter-clothes-recreation","10":"first","11":"instock","12":"shipping-taxable","13":"purchasable","14":"product-type-simple"},"_links":{"self":[{"href":"https:\/\/sezona.lv\/en\/wp-json\/wp\/v2\/product\/77534","targetHints":{"allow":["GET"]}}],"collection":[{"href":"https:\/\/sezona.lv\/en\/wp-json\/wp\/v2\/product"}],"about":[{"href":"https:\/\/sezona.lv\/en\/wp-json\/wp\/v2\/types\/product"}],"wp:attachment":[{"href":"https:\/\/sezona.lv\/en\/wp-json\/wp\/v2\/media?parent=77534"}],"wp:term":[{"taxonomy":"product_brand","embeddable":true,"href":"https:\/\/sezona.lv\/en\/wp-json\/wp\/v2\/product_brand?post=77534"},{"taxonomy":"product_cat","embeddable":true,"href":"https:\/\/sezona.lv\/en\/wp-json\/wp\/v2\/product_cat?post=77534"},{"taxonomy":"product_tag","embeddable":true,"href":"https:\/\/sezona.lv\/en\/wp-json\/wp\/v2\/product_tag?post=77534"}],"curies":[{"name":"wp","href":"https:\/\/api.w.org\/{rel}","templated":true}]}}