{"id":77535,"date":"2025-07-14T15:08:09","date_gmt":"2025-07-14T12:08:09","guid":{"rendered":"https:\/\/demo8.ecube.lv\/sezona.lv\/products\/marmot-highland-sieviesu-bikses\/"},"modified":"2025-07-14T15:08:09","modified_gmt":"2025-07-14T12:08:09","slug":"marmot-highland-sieviesu-bikses","status":"publish","type":"product","link":"https:\/\/sezona.lv\/en\/products\/marmot-highland-sieviesu-bikses\/","title":{"rendered":"Marmot Highland sievie\u0161u bikses"},"content":{"rendered":"<p align=\"justify\"><span style=\"font-size: x-small\">Sievie&scaron;u softshell bikses&nbsp;<strong>Wm&#8217;s Higland Pant<\/strong>&nbsp;ir \u013coti funkcion\u0101las un pla&scaron;a pielietojuma trekinga bikses. Izgatavotas no staip\u012bga, v\u0113ja notur\u012bga un \u016bdens atgr\u016bdu&scaron;a auduma. Pateicoties nodilumiztur\u012bgajam auduma, pastiprin\u0101jumiem un tehniskajam piegriezumam, ar &scaron;\u012bm biks\u0113m j\u016bs varat r\u0101pties kokos vai klint\u012bs, doties p\u0101rg\u0101jienos vai vienk\u0101r&scaron;i pavad\u012bt akt\u012bvi savu br\u012bvo laiku.<\/span><\/p>\n<p>&nbsp;<\/p>\n<p><span style=\"font-size: x-small\"><strong><span style=\"color: #800000\">Specifik\u0101cija:<\/span><\/strong><br \/><\/span><span style=\"font-size: x-small\"><br \/><\/span><span style=\"font-size: x-small\"><strong>Materi\u0101ls:<\/strong>&nbsp;Softshell Double Weave 95% Nylon, 5% Elastane 5.6 oz\/yd<br \/><\/span><span style=\"font-size: x-small\"><strong>Pastiprin\u0101jumi:<\/strong>&nbsp;Softshell Double Weave 50% Nylon, 43% Polyester, 7% Elastane 8.1 oz\/yd<br \/><\/span><span style=\"font-size: x-small\"><strong>Svars:<\/strong>&nbsp;439 grami<br \/><\/span><span style=\"font-size: x-small\"><strong>Kr\u0101sa:<\/strong>&nbsp;pel\u0113ka<\/span><\/p>\n<p>&nbsp;<\/p>\n<p><span style=\"font-size: x-small\"><strong><span style=\"color: #800000\">Raksturojums:<\/span><\/strong><\/span><\/p>\n<p>&nbsp;<\/p>\n<p><span style=\"font-size: x-small\"><img loading=\"lazy\" decoding=\"async\" src=\"http:\/\/www.virsotne.lv\/userfiles\/image\/ahaa\/marmot_logo_aplisM.gif\" alt=\"\" width=\"15\" height=\"15\" \/>&nbsp;Zil\u0101s z\u012bmes apstiprin\u0101ts audums<br \/><\/span><span style=\"font-size: x-small\"><img loading=\"lazy\" decoding=\"async\" src=\"http:\/\/www.virsotne.lv\/userfiles\/image\/ahaa\/marmot_logo_aplisM.gif\" alt=\"\" width=\"15\" height=\"15\" \/>&nbsp;Vid\u0113ja biezuma staip\u012bgs audums<br \/><\/span><span style=\"font-size: x-small\"><img loading=\"lazy\" decoding=\"async\" src=\"http:\/\/www.virsotne.lv\/userfiles\/image\/ahaa\/marmot_logo_aplisM.gif\" alt=\"\" width=\"15\" height=\"15\" \/>&nbsp;Ultravioleto staru aizsardz\u012bba&nbsp;<strong>UPF 50<br \/><\/strong><img loading=\"lazy\" decoding=\"async\" src=\"http:\/\/www.virsotne.lv\/userfiles\/image\/ahaa\/marmot_logo_aplisM.gif\" alt=\"\" width=\"15\" height=\"15\" \/>&nbsp;Nodilumiztur\u012bgs neilona audums<br \/><\/span><span style=\"font-size: x-small\"><img loading=\"lazy\" decoding=\"async\" src=\"http:\/\/www.virsotne.lv\/userfiles\/image\/ahaa\/marmot_logo_aplisM.gif\" alt=\"\" width=\"15\" height=\"15\" \/>&nbsp;Pastiprin\u0101tas nodilumiztur\u012bbas uz&scaron;uves<br \/><\/span><span style=\"font-size: x-small\"><img loading=\"lazy\" decoding=\"async\" src=\"http:\/\/www.virsotne.lv\/userfiles\/image\/ahaa\/marmot_logo_aplisM.gif\" alt=\"\" width=\"15\" height=\"15\" \/>&nbsp;\u0100tri \u017e\u016bsto&scaron;s un mitruma izvado&scaron;s audums<br \/><\/span><span style=\"font-size: x-small\"><img loading=\"lazy\" decoding=\"async\" src=\"http:\/\/www.virsotne.lv\/userfiles\/image\/ahaa\/marmot_logo_aplisM.gif\" alt=\"\" width=\"15\" height=\"15\" \/>&nbsp;<strong>DWR&nbsp;<\/strong>\u016bdens atgr\u016bdo&scaron;s p\u0101rkl\u0101jums<br \/><\/span><span style=\"font-size: x-small\"><img loading=\"lazy\" decoding=\"async\" src=\"http:\/\/www.virsotne.lv\/userfiles\/image\/ahaa\/marmot_logo_aplisM.gif\" alt=\"\" width=\"15\" height=\"15\" \/>&nbsp;S\u0101nu kabatas ar r\u0101v\u0113jsl\u0113dz\u0113jiem<br \/><\/span><span style=\"font-size: x-small\"><img loading=\"lazy\" decoding=\"async\" src=\"http:\/\/www.virsotne.lv\/userfiles\/image\/ahaa\/marmot_logo_aplisM.gif\" alt=\"\" width=\"15\" height=\"15\" \/>&nbsp;Pastiprin\u0101tas v\u012b\u013cu apmales<br \/><\/span><span style=\"font-size: x-small\"><img loading=\"lazy\" decoding=\"async\" src=\"http:\/\/www.virsotne.lv\/userfiles\/image\/ahaa\/marmot_logo_aplisM.gif\" alt=\"\" width=\"15\" height=\"15\" \/>&nbsp;Jostas savilc\u0113jaukla<br \/><\/span><span style=\"font-size: x-small\"><img loading=\"lazy\" decoding=\"async\" src=\"http:\/\/www.virsotne.lv\/userfiles\/image\/ahaa\/marmot_logo_aplisM.gif\" alt=\"\" width=\"15\" height=\"15\" \/>&nbsp;Sievie&scaron;u piegriezums<\/span><\/p>\n","protected":false},"excerpt":{"rendered":"<p>Sievie&scaron;u softshell bikses&nbsp;Wm&#8217;s Higland Pant&nbsp;ir \u013coti funkcion\u0101las un pla&scaron;a pielietojuma trekinga bikses. Izgatavotas no staip\u012bga, v\u0113ja notur\u012bga un \u016bdens atgr\u016bdu&scaron;a auduma. Pateicoties nodilumiztur\u012bgajam auduma, pastiprin\u0101jumiem un tehniskajam piegriezumam, ar &scaron;\u012bm biks\u0113m j\u016bs varat r\u0101pties kokos vai klint\u012bs, doties p\u0101rg\u0101jienos vai vienk\u0101r&scaron;i pavad\u012bt akt\u012bvi savu br\u012bvo laiku. &nbsp; Specifik\u0101cija:Materi\u0101ls:&nbsp;Softshell Double Weave 95% Nylon, 5% Elastane 5.6 [&hellip;]<\/p>\n","protected":false},"featured_media":0,"template":"","meta":[],"product_brand":[908],"product_cat":[4619,4640,4717],"product_tag":[],"class_list":{"0":"post-77535","1":"product","2":"type-product","3":"status-publish","5":"product_brand-marmot","6":"product_cat-winter-clothes-recreation","7":"product_cat-recreation","8":"product_cat-softshell-pants-winter-clothes-recreation","10":"first","11":"instock","12":"shipping-taxable","13":"purchasable","14":"product-type-simple"},"_links":{"self":[{"href":"https:\/\/sezona.lv\/en\/wp-json\/wp\/v2\/product\/77535","targetHints":{"allow":["GET"]}}],"collection":[{"href":"https:\/\/sezona.lv\/en\/wp-json\/wp\/v2\/product"}],"about":[{"href":"https:\/\/sezona.lv\/en\/wp-json\/wp\/v2\/types\/product"}],"wp:attachment":[{"href":"https:\/\/sezona.lv\/en\/wp-json\/wp\/v2\/media?parent=77535"}],"wp:term":[{"taxonomy":"product_brand","embeddable":true,"href":"https:\/\/sezona.lv\/en\/wp-json\/wp\/v2\/product_brand?post=77535"},{"taxonomy":"product_cat","embeddable":true,"href":"https:\/\/sezona.lv\/en\/wp-json\/wp\/v2\/product_cat?post=77535"},{"taxonomy":"product_tag","embeddable":true,"href":"https:\/\/sezona.lv\/en\/wp-json\/wp\/v2\/product_tag?post=77535"}],"curies":[{"name":"wp","href":"https:\/\/api.w.org\/{rel}","templated":true}]}}