{"id":77536,"date":"2025-07-14T15:08:11","date_gmt":"2025-07-14T12:08:11","guid":{"rendered":"https:\/\/demo8.ecube.lv\/sezona.lv\/products\/marmot-approach-bikses\/"},"modified":"2025-07-14T15:08:11","modified_gmt":"2025-07-14T12:08:11","slug":"marmot-approach-bikses","status":"publish","type":"product","link":"https:\/\/sezona.lv\/en\/products\/marmot-approach-bikses\/","title":{"rendered":"Marmot Approach bikses"},"content":{"rendered":"<p align=\"justify\"><span style=\"font-size: x-small\">Ultra vieglas un pl\u0101nas v\u012brie&scaron;u softshell tipa bikses. \u0100tri \u017eusto&scaron;as un super elpojo&scaron;as. \u010cetros virzienos staip\u012bgais audums neierobe\u017eos ne vienu kust\u012bbu. Iede\u0101li piem\u0113rotas skrie&scaron;anai, klin&scaron;u k\u0101p&scaron;anai, t\u016brismam un cit\u0101m aktivit\u0101t\u0113m.<\/span><\/p>\n<p><span style=\"color: #800000;font-size: x-small\"><strong>Specifik\u0101cija:<\/strong><\/span><\/p>\n<p><span style=\"font-size: x-small\"><strong>Materi\u0101ls:<\/strong>&nbsp;87% Nylon, 13% Elastane Plain Weave Stretch 3.0 oz\/yd<br \/><strong>Svars:<\/strong>&nbsp;224 grami<br \/><strong>Kr\u0101sa:<\/strong>&nbsp;pel\u0113kas, zilas<br \/><\/span><\/p>\n<p><span style=\"color: #800000;font-size: x-small\"><strong>Raksturojums:<\/strong><\/span><\/p>\n<p><span style=\"font-size: x-small\"><img loading=\"lazy\" decoding=\"async\" src=\"http:\/\/www.virsotne.lv\/userfiles\/image\/ahaa\/marmot_logo_aplisM.gif\" alt=\"\" width=\"15\" height=\"15\" \/>&nbsp;\u016adens atgr\u016bdo&scaron;as-DWR, un elpojo&scaron;as<br \/><img loading=\"lazy\" decoding=\"async\" src=\"http:\/\/www.virsotne.lv\/userfiles\/image\/ahaa\/marmot_logo_aplisM.gif\" alt=\"\" width=\"15\" height=\"15\" \/>&nbsp;Elast\u012bgas &#8211; ide\u0101las airobisk\u0101m aktivit\u0101t\u0113m<br \/><img loading=\"lazy\" decoding=\"async\" src=\"http:\/\/www.virsotne.lv\/userfiles\/image\/ahaa\/marmot_logo_aplisM.gif\" alt=\"\" width=\"15\" height=\"15\" \/>&nbsp;Sa&scaron;aurin\u0101ti stari ar r\u0101v\u0113jsl\u0113dz\u0113jiem<br \/><img loading=\"lazy\" decoding=\"async\" src=\"http:\/\/www.virsotne.lv\/userfiles\/image\/ahaa\/marmot_logo_aplisM.gif\" alt=\"\" width=\"15\" height=\"15\" \/>&nbsp;Anatomisks piegriezums<br \/><\/span><span style=\"font-size: x-small\"><img loading=\"lazy\" decoding=\"async\" src=\"http:\/\/www.virsotne.lv\/userfiles\/image\/ahaa\/marmot_logo_aplisM.gif\" alt=\"\" width=\"15\" height=\"15\" \/>&nbsp;Ultravioleto staru aizsardz\u012bba UPF30<\/span><\/p>\n","protected":false},"excerpt":{"rendered":"<p>Ultra vieglas un pl\u0101nas v\u012brie&scaron;u softshell tipa bikses. \u0100tri \u017eusto&scaron;as un super elpojo&scaron;as. \u010cetros virzienos staip\u012bgais audums neierobe\u017eos ne vienu kust\u012bbu. Iede\u0101li piem\u0113rotas skrie&scaron;anai, klin&scaron;u k\u0101p&scaron;anai, t\u016brismam un cit\u0101m aktivit\u0101t\u0113m. Specifik\u0101cija: Materi\u0101ls:&nbsp;87% Nylon, 13% Elastane Plain Weave Stretch 3.0 oz\/ydSvars:&nbsp;224 gramiKr\u0101sa:&nbsp;pel\u0113kas, zilas Raksturojums: &nbsp;\u016adens atgr\u016bdo&scaron;as-DWR, un elpojo&scaron;as&nbsp;Elast\u012bgas &#8211; ide\u0101las airobisk\u0101m aktivit\u0101t\u0113m&nbsp;Sa&scaron;aurin\u0101ti stari ar r\u0101v\u0113jsl\u0113dz\u0113jiem&nbsp;Anatomisks piegriezums&nbsp;Ultravioleto [&hellip;]<\/p>\n","protected":false},"featured_media":0,"template":"","meta":[],"product_brand":[908],"product_cat":[4619,4640,4717],"product_tag":[],"class_list":{"0":"post-77536","1":"product","2":"type-product","3":"status-publish","5":"product_brand-marmot","6":"product_cat-winter-clothes-recreation","7":"product_cat-recreation","8":"product_cat-softshell-pants-winter-clothes-recreation","10":"first","11":"instock","12":"shipping-taxable","13":"purchasable","14":"product-type-simple"},"_links":{"self":[{"href":"https:\/\/sezona.lv\/en\/wp-json\/wp\/v2\/product\/77536","targetHints":{"allow":["GET"]}}],"collection":[{"href":"https:\/\/sezona.lv\/en\/wp-json\/wp\/v2\/product"}],"about":[{"href":"https:\/\/sezona.lv\/en\/wp-json\/wp\/v2\/types\/product"}],"wp:attachment":[{"href":"https:\/\/sezona.lv\/en\/wp-json\/wp\/v2\/media?parent=77536"}],"wp:term":[{"taxonomy":"product_brand","embeddable":true,"href":"https:\/\/sezona.lv\/en\/wp-json\/wp\/v2\/product_brand?post=77536"},{"taxonomy":"product_cat","embeddable":true,"href":"https:\/\/sezona.lv\/en\/wp-json\/wp\/v2\/product_cat?post=77536"},{"taxonomy":"product_tag","embeddable":true,"href":"https:\/\/sezona.lv\/en\/wp-json\/wp\/v2\/product_tag?post=77536"}],"curies":[{"name":"wp","href":"https:\/\/api.w.org\/{rel}","templated":true}]}}