{"id":77537,"date":"2025-07-14T15:08:12","date_gmt":"2025-07-14T12:08:12","guid":{"rendered":"https:\/\/demo8.ecube.lv\/sezona.lv\/products\/marmot-orion-bikses\/"},"modified":"2025-07-14T15:08:12","modified_gmt":"2025-07-14T12:08:12","slug":"marmot-orion-bikses","status":"publish","type":"product","link":"https:\/\/sezona.lv\/en\/products\/marmot-orion-bikses\/","title":{"rendered":"Marmot Orion bikses"},"content":{"rendered":"<p align=\"justify\"><span style=\"font-size: x-small\">\u013boti \u0113rtas un siltas softshell tipa bikses. Izgatavotas no sataip\u012bga, v\u0113ja aizturo&scaron;a un \u016bdens artgr\u016bdo&scaron;a materi\u0101la. Lieliskas ziemas p\u0101rg\u0101jienos un kalnu trekingam aukst\u0101 laik\u0101.<br \/><\/span><\/p>\n<p>&nbsp;<\/p>\n<p><span style=\"color: #800000;font-size: x-small\"><strong>Specifik\u0101cija:<\/strong><\/span><\/p>\n<p>&nbsp;<\/p>\n<p><span style=\"font-size: x-small\"><strong>Materi\u0101ls:<\/strong>&nbsp;Softshell Double Weave 90% Nylon 10% Elastane Stretch 6.3 oz\/yd<br \/><strong>Pastiprin<\/strong><span style=\"font-size: x-small\"><strong>\u0101jumi:<\/strong>&nbsp;<\/span>Softshell Double Weave 54% Polyester 40% Nylon 6% Elastane Stretch 6.5 oz\/yd<br \/><\/span><span style=\"font-size: x-small\"><strong>Svars:<\/strong>&nbsp;420 grami<br \/><\/span><span style=\"font-size: x-small\"><strong>Kr\u0101sa:<\/strong>&nbsp;melna, pel\u0113ka<br \/><\/span><\/p>\n<p>&nbsp;<\/p>\n<p><span style=\"color: #800000;font-size: x-small\"><strong>Raksturojums:<\/strong><\/span><\/p>\n<p>&nbsp;<\/p>\n<p><span style=\"font-size: x-small\"><img loading=\"lazy\" decoding=\"async\" src=\"http:\/\/www.virsotne.lv\/userfiles\/image\/ahaa\/marmot_logo_aplisM.gif\" alt=\"\" width=\"15\" height=\"15\" \/>&nbsp;\u016adens atrgudo&scaron;s un elpojo&scaron;s materi\u0101ls<br \/><\/span><span style=\"font-size: x-small\"><img loading=\"lazy\" decoding=\"async\" src=\"http:\/\/www.virsotne.lv\/userfiles\/image\/ahaa\/marmot_logo_aplisM.gif\" alt=\"\" width=\"15\" height=\"15\" \/>&nbsp;V\u0113ja notur\u012bgas un siltas<br \/><\/span><span style=\"font-size: x-small\"><img loading=\"lazy\" decoding=\"async\" src=\"http:\/\/www.virsotne.lv\/userfiles\/image\/ahaa\/marmot_logo_aplisM.gif\" alt=\"\" width=\"15\" height=\"15\" \/>&nbsp;Kabatas ar r\u0101v\u0113jsl\u0113dz\u0113jiem<br \/><\/span><span style=\"font-size: x-small\"><img loading=\"lazy\" decoding=\"async\" src=\"http:\/\/www.virsotne.lv\/userfiles\/image\/ahaa\/marmot_logo_aplisM.gif\" alt=\"\" width=\"15\" height=\"15\" \/>&nbsp;Anatomiski ce\u013cgali<br \/><\/span><span style=\"font-size: x-small\"><img loading=\"lazy\" decoding=\"async\" src=\"http:\/\/www.virsotne.lv\/userfiles\/image\/ahaa\/marmot_logo_aplisM.gif\" alt=\"\" width=\"15\" height=\"15\" \/>&nbsp;Atl\u0113tisks piegriezums<\/span><\/p>\n","protected":false},"excerpt":{"rendered":"<p>\u013boti \u0113rtas un siltas softshell tipa bikses. Izgatavotas no sataip\u012bga, v\u0113ja aizturo&scaron;a un \u016bdens artgr\u016bdo&scaron;a materi\u0101la. Lieliskas ziemas p\u0101rg\u0101jienos un kalnu trekingam aukst\u0101 laik\u0101. &nbsp; Specifik\u0101cija: &nbsp; Materi\u0101ls:&nbsp;Softshell Double Weave 90% Nylon 10% Elastane Stretch 6.3 oz\/ydPastiprin\u0101jumi:&nbsp;Softshell Double Weave 54% Polyester 40% Nylon 6% Elastane Stretch 6.5 oz\/ydSvars:&nbsp;420 gramiKr\u0101sa:&nbsp;melna, pel\u0113ka &nbsp; Raksturojums: &nbsp; &nbsp;\u016adens atrgudo&scaron;s [&hellip;]<\/p>\n","protected":false},"featured_media":0,"template":"","meta":[],"product_brand":[908],"product_cat":[4619,4640,4717],"product_tag":[],"class_list":{"0":"post-77537","1":"product","2":"type-product","3":"status-publish","5":"product_brand-marmot","6":"product_cat-winter-clothes-recreation","7":"product_cat-recreation","8":"product_cat-softshell-pants-winter-clothes-recreation","10":"first","11":"instock","12":"shipping-taxable","13":"purchasable","14":"product-type-simple"},"_links":{"self":[{"href":"https:\/\/sezona.lv\/en\/wp-json\/wp\/v2\/product\/77537","targetHints":{"allow":["GET"]}}],"collection":[{"href":"https:\/\/sezona.lv\/en\/wp-json\/wp\/v2\/product"}],"about":[{"href":"https:\/\/sezona.lv\/en\/wp-json\/wp\/v2\/types\/product"}],"wp:attachment":[{"href":"https:\/\/sezona.lv\/en\/wp-json\/wp\/v2\/media?parent=77537"}],"wp:term":[{"taxonomy":"product_brand","embeddable":true,"href":"https:\/\/sezona.lv\/en\/wp-json\/wp\/v2\/product_brand?post=77537"},{"taxonomy":"product_cat","embeddable":true,"href":"https:\/\/sezona.lv\/en\/wp-json\/wp\/v2\/product_cat?post=77537"},{"taxonomy":"product_tag","embeddable":true,"href":"https:\/\/sezona.lv\/en\/wp-json\/wp\/v2\/product_tag?post=77537"}],"curies":[{"name":"wp","href":"https:\/\/api.w.org\/{rel}","templated":true}]}}