{"id":77538,"date":"2025-07-14T15:08:13","date_gmt":"2025-07-14T12:08:13","guid":{"rendered":"https:\/\/demo8.ecube.lv\/sezona.lv\/products\/marmot-pro-tour-sieviesu-bikses\/"},"modified":"2025-07-14T15:08:13","modified_gmt":"2025-07-14T12:08:13","slug":"marmot-pro-tour-sieviesu-bikses","status":"publish","type":"product","link":"https:\/\/sezona.lv\/en\/products\/marmot-pro-tour-sieviesu-bikses\/","title":{"rendered":"Marmot Pro Tour sievie\u0161u bikses"},"content":{"rendered":"<p align=\"justify\"><span style=\"font-size: x-small\">\u0112rtas un siltas sievie&scaron;u softshell bikses no&nbsp;<strong>Polartec&reg; Power Shield&reg; O2<\/strong>&nbsp;auduma. V\u0113ja notur\u012bgas, \u016bdens atgr\u016bdu&scaron;as, elast\u012bgas un \u013coti vieglas. &Scaron;is modelis ir ide\u0101li piem\u0113rots ziemas p\u0101rg\u0101jieniem, sl\u0113po&scaron;anai, alp\u012bnismam un ski-touringam.&nbsp;<br \/><\/span><\/p>\n<p><span style=\"color: #800000;font-size: x-small\"><strong>Specifik\u0101cija:<\/strong><\/span><\/p>\n<p><span style=\"font-size: x-small\"><strong>Materi\u0101ls:&nbsp;<\/strong>Polartec&reg;Power Shield&reg; 88% Nylon, 12% Elastane 6.1 oz\/yd,&nbsp;&nbsp;<strong><br \/>Ielaidumi:<\/strong>&nbsp;Softshell Double Weave 50% Nylon, 43% Polyester, 7% Elastane 8.1 oz\/yd&nbsp;<strong><br \/>Svars:<\/strong>&nbsp;530 grami (M izm\u0113ram)<br \/><\/span><span style=\"font-size: x-small\"><strong>Kr\u0101sa:<\/strong>&nbsp;melna<\/span><\/p>\n<p><span style=\"color: #800000;font-size: x-small\"><strong>Raksturojums:<\/strong><\/span><\/p>\n<p><span style=\"font-size: x-small\"><img loading=\"lazy\" decoding=\"async\" src=\"http:\/\/www.virsotne.lv\/userfiles\/image\/ahaa\/marmot_logo_aplisM.gif\" alt=\"\" width=\"15\" height=\"15\" \/>&nbsp;V\u0113ja notur\u012bgs un silts Polartec&reg; Powershield&reg; 02&nbsp; audums<br \/><\/span><span style=\"font-size: x-small\"><img loading=\"lazy\" decoding=\"async\" src=\"http:\/\/www.virsotne.lv\/userfiles\/image\/ahaa\/marmot_logo_aplisM.gif\" alt=\"\" width=\"15\" height=\"15\" \/>&nbsp;No\u0146emamas &scaron;trumbantes&nbsp;<br \/><\/span><span style=\"font-size: x-small\"><img loading=\"lazy\" decoding=\"async\" src=\"http:\/\/www.virsotne.lv\/userfiles\/image\/ahaa\/marmot_logo_aplisM.gif\" alt=\"\" width=\"15\" height=\"15\" \/>&nbsp;Kabatas ar r\u0101v\u0113jsl\u0113dz\u0113jiem<br \/><\/span><span style=\"font-size: x-small\"><img loading=\"lazy\" decoding=\"async\" src=\"http:\/\/www.virsotne.lv\/userfiles\/image\/ahaa\/marmot_logo_aplisM.gif\" alt=\"\" width=\"15\" height=\"15\" \/>&nbsp;Ie&scaron;\u016btas getras un pastipirn\u0101jmi pot\u012b&scaron;u da\u013c\u0101<br \/><\/span><span style=\"font-size: x-small\"><img loading=\"lazy\" decoding=\"async\" src=\"http:\/\/www.virsotne.lv\/userfiles\/image\/ahaa\/marmot_logo_aplisM.gif\" alt=\"\" width=\"15\" height=\"15\" \/>&nbsp;Anatomisks sievie&scaron;u piegriezums<\/span><\/p>\n","protected":false},"excerpt":{"rendered":"<p>\u0112rtas un siltas sievie&scaron;u softshell bikses no&nbsp;Polartec&reg; Power Shield&reg; O2&nbsp;auduma. V\u0113ja notur\u012bgas, \u016bdens atgr\u016bdu&scaron;as, elast\u012bgas un \u013coti vieglas. &Scaron;is modelis ir ide\u0101li piem\u0113rots ziemas p\u0101rg\u0101jieniem, sl\u0113po&scaron;anai, alp\u012bnismam un ski-touringam.&nbsp; Specifik\u0101cija: Materi\u0101ls:&nbsp;Polartec&reg;Power Shield&reg; 88% Nylon, 12% Elastane 6.1 oz\/yd,&nbsp;&nbsp;Ielaidumi:&nbsp;Softshell Double Weave 50% Nylon, 43% Polyester, 7% Elastane 8.1 oz\/yd&nbsp;Svars:&nbsp;530 grami (M izm\u0113ram)Kr\u0101sa:&nbsp;melna Raksturojums: &nbsp;V\u0113ja notur\u012bgs un [&hellip;]<\/p>\n","protected":false},"featured_media":0,"template":"","meta":[],"product_brand":[908],"product_cat":[4619,4640,4717],"product_tag":[],"class_list":{"0":"post-77538","1":"product","2":"type-product","3":"status-publish","5":"product_brand-marmot","6":"product_cat-winter-clothes-recreation","7":"product_cat-recreation","8":"product_cat-softshell-pants-winter-clothes-recreation","10":"first","11":"instock","12":"shipping-taxable","13":"purchasable","14":"product-type-simple"},"_links":{"self":[{"href":"https:\/\/sezona.lv\/en\/wp-json\/wp\/v2\/product\/77538","targetHints":{"allow":["GET"]}}],"collection":[{"href":"https:\/\/sezona.lv\/en\/wp-json\/wp\/v2\/product"}],"about":[{"href":"https:\/\/sezona.lv\/en\/wp-json\/wp\/v2\/types\/product"}],"wp:attachment":[{"href":"https:\/\/sezona.lv\/en\/wp-json\/wp\/v2\/media?parent=77538"}],"wp:term":[{"taxonomy":"product_brand","embeddable":true,"href":"https:\/\/sezona.lv\/en\/wp-json\/wp\/v2\/product_brand?post=77538"},{"taxonomy":"product_cat","embeddable":true,"href":"https:\/\/sezona.lv\/en\/wp-json\/wp\/v2\/product_cat?post=77538"},{"taxonomy":"product_tag","embeddable":true,"href":"https:\/\/sezona.lv\/en\/wp-json\/wp\/v2\/product_tag?post=77538"}],"curies":[{"name":"wp","href":"https:\/\/api.w.org\/{rel}","templated":true}]}}