{"id":77541,"date":"2025-07-14T15:08:15","date_gmt":"2025-07-14T12:08:15","guid":{"rendered":"https:\/\/demo8.ecube.lv\/sezona.lv\/products\/krekls-marmot-jasper-flannel-ls\/"},"modified":"2025-07-14T15:08:15","modified_gmt":"2025-07-14T12:08:15","slug":"krekls-marmot-jasper-flannel-ls","status":"publish","type":"product","link":"https:\/\/sezona.lv\/en\/products\/krekls-marmot-jasper-flannel-ls\/","title":{"rendered":"Krekls Marmot Jasper Flannel LS"},"content":{"rendered":"<p align=\"justify\"><span style=\"font-size: x-small\">Ikdienas flane\u013ca krekls&nbsp;<strong>Jasper Flannel<\/strong>&nbsp;ar uzlabot\u0101m tehniskaj\u0101m \u012bpa&scaron;\u012bb\u0101m. T\u0101s ir izgatavots no kokvilnas un&nbsp;<strong>CoolMax&reg;<\/strong>&nbsp;auduma miks\u0113juma, kas pie&scaron;\u0137ir &scaron;im flanelim vieglumu, m\u012bkstumu un nevainojamu elpo&scaron;anu un \u017e\u016b&scaron;anas \u0101trumu. Tas ir teicams krekls, turk\u0101t ar ultravioleto staru aizsardz\u012bbu&nbsp;<strong>UPF50<\/strong>.&nbsp;<\/span><\/p>\n<p>&nbsp;<\/p>\n<p><span style=\"color: #800000;font-size: x-small\"><strong>Speciik\u0101cija:<\/strong><\/span><\/p>\n<p>&nbsp;<\/p>\n<p><span style=\"font-size: x-small\"><strong>Pamatmateri\u0101ls:<\/strong>&nbsp;57% Cotton, 43% COOLMAX&reg; Twill Flannel 4.1 oz\/ yd<br \/><\/span><span style=\"font-size: x-small\"><strong>Piegriezums:<\/strong>&nbsp;Semi-Fitted<br \/><\/span><span style=\"font-size: x-small\"><strong>Svars:&nbsp;<\/strong>309 grami<\/span><\/p>\n<p>&nbsp;<\/p>\n<p><span style=\"font-size: x-small\"><strong><span style=\"color: #800000\">Raksturojums:<\/span><\/strong><\/span><\/p>\n<p>&nbsp;<\/p>\n<p><span style=\"font-size: x-small\"><img loading=\"lazy\" decoding=\"async\" src=\"http:\/\/www.virsotne.lv\/userfiles\/image\/ahaa\/marmot_logo_aplisM.gif\" alt=\"\" width=\"15\" height=\"15\" \/>&nbsp;\u0100tri \u017e\u016bsto&scaron;s<br \/><\/span><span style=\"font-size: x-small\"><img loading=\"lazy\" decoding=\"async\" src=\"http:\/\/www.virsotne.lv\/userfiles\/image\/ahaa\/marmot_logo_aplisM.gif\" alt=\"\" width=\"15\" height=\"15\" \/>&nbsp;Ultravioleto staru aizsardz\u012bba UPF 50<br \/><\/span><span style=\"font-size: x-small\"><img loading=\"lazy\" decoding=\"async\" src=\"http:\/\/www.virsotne.lv\/userfiles\/image\/ahaa\/marmot_logo_aplisM.gif\" alt=\"\" width=\"15\" height=\"15\" \/>&nbsp;Pagarin\u0101ta mugurpuse<br \/><\/span><span style=\"font-size: x-small\"><img loading=\"lazy\" decoding=\"async\" src=\"http:\/\/www.virsotne.lv\/userfiles\/image\/ahaa\/marmot_logo_aplisM.gif\" alt=\"\" width=\"15\" height=\"15\" \/>&nbsp;Vid\u0113ja piegrizuma flane\u013ca audums<br \/><\/span><span style=\"font-size: x-small\"><img loading=\"lazy\" decoding=\"async\" src=\"http:\/\/www.virsotne.lv\/userfiles\/image\/ahaa\/marmot_logo_aplisM.gif\" alt=\"\" width=\"15\" height=\"15\" \/>&nbsp;Iztur\u012bgas plakan\u0101s v\u012bles<\/span><\/p>\n","protected":false},"excerpt":{"rendered":"<p>Ikdienas flane\u013ca krekls&nbsp;Jasper Flannel&nbsp;ar uzlabot\u0101m tehniskaj\u0101m \u012bpa&scaron;\u012bb\u0101m. T\u0101s ir izgatavots no kokvilnas un&nbsp;CoolMax&reg;&nbsp;auduma miks\u0113juma, kas pie&scaron;\u0137ir &scaron;im flanelim vieglumu, m\u012bkstumu un nevainojamu elpo&scaron;anu un \u017e\u016b&scaron;anas \u0101trumu. Tas ir teicams krekls, turk\u0101t ar ultravioleto staru aizsardz\u012bbu&nbsp;UPF50.&nbsp; &nbsp; Speciik\u0101cija: &nbsp; Pamatmateri\u0101ls:&nbsp;57% Cotton, 43% COOLMAX&reg; Twill Flannel 4.1 oz\/ ydPiegriezums:&nbsp;Semi-FittedSvars:&nbsp;309 grami &nbsp; Raksturojums: &nbsp; &nbsp;\u0100tri \u017e\u016bsto&scaron;s&nbsp;Ultravioleto staru aizsardz\u012bba [&hellip;]<\/p>\n","protected":false},"featured_media":0,"template":"","meta":[],"product_brand":[908],"product_cat":[4619,4640,4914],"product_tag":[],"class_list":{"0":"post-77541","1":"product","2":"type-product","3":"status-publish","5":"product_brand-marmot","6":"product_cat-winter-clothes-recreation","7":"product_cat-recreation","8":"product_cat-polartec-fleece-jackets-winter-clothes-recreation","10":"first","11":"instock","12":"shipping-taxable","13":"purchasable","14":"product-type-simple"},"_links":{"self":[{"href":"https:\/\/sezona.lv\/en\/wp-json\/wp\/v2\/product\/77541","targetHints":{"allow":["GET"]}}],"collection":[{"href":"https:\/\/sezona.lv\/en\/wp-json\/wp\/v2\/product"}],"about":[{"href":"https:\/\/sezona.lv\/en\/wp-json\/wp\/v2\/types\/product"}],"wp:attachment":[{"href":"https:\/\/sezona.lv\/en\/wp-json\/wp\/v2\/media?parent=77541"}],"wp:term":[{"taxonomy":"product_brand","embeddable":true,"href":"https:\/\/sezona.lv\/en\/wp-json\/wp\/v2\/product_brand?post=77541"},{"taxonomy":"product_cat","embeddable":true,"href":"https:\/\/sezona.lv\/en\/wp-json\/wp\/v2\/product_cat?post=77541"},{"taxonomy":"product_tag","embeddable":true,"href":"https:\/\/sezona.lv\/en\/wp-json\/wp\/v2\/product_tag?post=77541"}],"curies":[{"name":"wp","href":"https:\/\/api.w.org\/{rel}","templated":true}]}}