{"id":77542,"date":"2025-07-14T15:08:16","date_gmt":"2025-07-14T12:08:16","guid":{"rendered":"https:\/\/demo8.ecube.lv\/sezona.lv\/products\/jaka-marmot-caldus\/"},"modified":"2025-07-14T15:08:16","modified_gmt":"2025-07-14T12:08:16","slug":"jaka-marmot-caldus","status":"publish","type":"product","link":"https:\/\/sezona.lv\/en\/products\/jaka-marmot-caldus\/","title":{"rendered":"Jaka Marmot Caldus"},"content":{"rendered":"<p><span style=\"font-size: x-small\">Viegls un silts d\u017eemperis &#8211; jaka, ar pagarin\u0101t\u0101m piedurkn\u0113m un \u012bk&scaron;\u0137a caurumu. \u013boti \u0113rta akrob\u0101tisk\u0101m aktivit\u0101t\u0113m, skrie&scaron;anai un cit\u0101m akt\u012bv\u0101m nodarb\u0113m. Mitruma izvado&scaron;ais audums novad\u012bs sviedrus<\/span><\/p>\n<p>&nbsp;<\/p>\n<p><span style=\"color: #800000;font-size: x-small\"><strong>Specifik\u0101cija:<\/strong><\/span><\/p>\n<p>&nbsp;<\/p>\n<p><span style=\"font-size: x-small\"><strong>Materi\u0101ls:&nbsp;<\/strong>93% Polyester, 7% Elastane Jersey Grid Fleece 6.8 oz\/yd<strong><br \/>Muguras garums:&nbsp;<\/strong>70 cm (M izm\u0113ram)<br \/><strong>Svars:&nbsp;<\/strong>303 grami<br \/><\/span><span style=\"font-size: x-small\"><strong>Kr\u0101sa:<\/strong>&nbsp;s\u016bnu za\u013ca<br \/><\/span><\/p>\n<p>&nbsp;<\/p>\n<p><span style=\"color: #800000;font-size: x-small\"><strong>Raksturojums:<\/strong><\/span><\/p>\n<p><span style=\"font-size: x-small\"><strong><img loading=\"lazy\" decoding=\"async\" src=\"http:\/\/www.virsotne.lv\/userfiles\/image\/ahaa\/marmot_logo_aplisM.gif\" alt=\"\" width=\"15\" height=\"15\" \/>&nbsp;<\/strong>Viegls un silts<strong><br \/><img loading=\"lazy\" decoding=\"async\" src=\"http:\/\/www.virsotne.lv\/userfiles\/image\/ahaa\/marmot_logo_aplisM.gif\" alt=\"\" width=\"15\" height=\"15\" \/>&nbsp;<\/strong>Plakano v\u012b\u013cu konstrukcija<\/span><span style=\"font-size: x-small\"><strong><br \/><img loading=\"lazy\" decoding=\"async\" src=\"http:\/\/www.virsotne.lv\/userfiles\/image\/ahaa\/marmot_logo_aplisM.gif\" alt=\"\" width=\"15\" height=\"15\" \/><\/strong>&nbsp;\u012ak&scaron;\u0137u caurumi<strong><br \/><img loading=\"lazy\" decoding=\"async\" src=\"http:\/\/www.virsotne.lv\/userfiles\/image\/ahaa\/marmot_logo_aplisM.gif\" alt=\"\" width=\"15\" height=\"15\" \/><\/strong>&nbsp;Atl\u0113tisks piegriezums<\/span><\/p>\n","protected":false},"excerpt":{"rendered":"<p>Viegls un silts d\u017eemperis &#8211; jaka, ar pagarin\u0101t\u0101m piedurkn\u0113m un \u012bk&scaron;\u0137a caurumu. \u013boti \u0113rta akrob\u0101tisk\u0101m aktivit\u0101t\u0113m, skrie&scaron;anai un cit\u0101m akt\u012bv\u0101m nodarb\u0113m. Mitruma izvado&scaron;ais audums novad\u012bs sviedrus &nbsp; Specifik\u0101cija: &nbsp; Materi\u0101ls:&nbsp;93% Polyester, 7% Elastane Jersey Grid Fleece 6.8 oz\/ydMuguras garums:&nbsp;70 cm (M izm\u0113ram)Svars:&nbsp;303 gramiKr\u0101sa:&nbsp;s\u016bnu za\u013ca &nbsp; Raksturojums: &nbsp;Viegls un silts&nbsp;Plakano v\u012b\u013cu konstrukcija&nbsp;\u012ak&scaron;\u0137u caurumi&nbsp;Atl\u0113tisks piegriezums<\/p>\n","protected":false},"featured_media":0,"template":"","meta":[],"product_brand":[908],"product_cat":[4619,4640,4914],"product_tag":[],"class_list":{"0":"post-77542","1":"product","2":"type-product","3":"status-publish","5":"product_brand-marmot","6":"product_cat-winter-clothes-recreation","7":"product_cat-recreation","8":"product_cat-polartec-fleece-jackets-winter-clothes-recreation","10":"first","11":"instock","12":"shipping-taxable","13":"purchasable","14":"product-type-simple"},"_links":{"self":[{"href":"https:\/\/sezona.lv\/en\/wp-json\/wp\/v2\/product\/77542","targetHints":{"allow":["GET"]}}],"collection":[{"href":"https:\/\/sezona.lv\/en\/wp-json\/wp\/v2\/product"}],"about":[{"href":"https:\/\/sezona.lv\/en\/wp-json\/wp\/v2\/types\/product"}],"wp:attachment":[{"href":"https:\/\/sezona.lv\/en\/wp-json\/wp\/v2\/media?parent=77542"}],"wp:term":[{"taxonomy":"product_brand","embeddable":true,"href":"https:\/\/sezona.lv\/en\/wp-json\/wp\/v2\/product_brand?post=77542"},{"taxonomy":"product_cat","embeddable":true,"href":"https:\/\/sezona.lv\/en\/wp-json\/wp\/v2\/product_cat?post=77542"},{"taxonomy":"product_tag","embeddable":true,"href":"https:\/\/sezona.lv\/en\/wp-json\/wp\/v2\/product_tag?post=77542"}],"curies":[{"name":"wp","href":"https:\/\/api.w.org\/{rel}","templated":true}]}}