{"id":77543,"date":"2025-07-14T15:08:16","date_gmt":"2025-07-14T12:08:16","guid":{"rendered":"https:\/\/demo8.ecube.lv\/sezona.lv\/products\/jaka-marmot-sieviesu-flashpoint-1-2-zip\/"},"modified":"2025-07-14T15:08:16","modified_gmt":"2025-07-14T12:08:16","slug":"jaka-marmot-sieviesu-flashpoint-1-2-zip","status":"publish","type":"product","link":"https:\/\/sezona.lv\/en\/products\/jaka-marmot-sieviesu-flashpoint-1-2-zip\/","title":{"rendered":"Jaka Marmot sievie\u0161u Flashpoint 1\/2 Zip"},"content":{"rendered":"<div>\n<p align=\"justify\"><span style=\"font-size: x-small\">Viegla, multifunkcion\u0101la&nbsp;<strong>sievie&scaron;u<\/strong>&nbsp;jaka no&nbsp;<strong>Polartec&reg; Clasic 100 Micro<\/strong>&nbsp;auduma.&nbsp;Izmantojama gan k\u0101 virsjaka, gan siltumizol\u0113jo&scaron;s sl\u0101nis ap\u0123\u0113rb\u0101. Ide\u0101la lieto&scaron;anai pavasara un rudens&nbsp;pastaig\u0101m, p\u0101rg\u0101jieniem, klin&scaron;u k\u0101p&scaron;anai, alp\u012bnismam, ziemas sporta veidiem, pils\u0113tas apst\u0101k\u013ciem.<br \/><\/span><\/p>\n<p><span style=\"color: #800000;font-size: x-small\"><strong>Specifik\u0101cija:<\/strong><\/span><\/p>\n<\/div>\n<p>&nbsp;<\/p>\n<p><span style=\"font-size: x-small\"><strong>Materi\u0101ls:<\/strong>&nbsp;Polartec&reg;Classic 100 100% Polyester Micro Fleece 4.6 oz\/yd<br \/><\/span><span style=\"font-size: x-small\"><strong>Muguras garums:<\/strong>&nbsp;66cm (M izm\u0113ram)<br \/><\/span><span style=\"font-size: x-small\"><strong>Svars:<\/strong>&nbsp;224 grami<br \/><\/span><span style=\"font-size: x-small\"><strong>Kr\u0101sa:&nbsp;<\/strong>dzeltena, viol\u0113ta, balta<br \/><\/span><\/p>\n<p>&nbsp;<\/p>\n<p><span style=\"color: #800000;font-size: x-small\"><strong>Galven\u0101s \u012bpa&scaron;\u012bbas:<\/strong><\/span><\/p>\n<p>&nbsp;<\/p>\n<p><span style=\"font-size: x-small\"><img decoding=\"async\" src=\"http:\/\/www.virsotne.lv\/images\/front\/veikals\/apgerbs\/polartec_jakas\/marmot_logo_aplisM.gif\" alt=\"\" \/>&nbsp;Elast\u012bga, regul\u0113jo&scaron;a&nbsp;aukla jakas apak&scaron;da\u013c\u0101&nbsp;<br \/><\/span><span style=\"font-size: x-small\"><img decoding=\"async\" src=\"http:\/\/www.virsotne.lv\/images\/front\/veikals\/apgerbs\/polartec_jakas\/marmot_logo_aplisM.gif\" alt=\"\" \/>&nbsp;V\u0113ju aizturo&scaron;s atloks aiz priek&scaron;\u0113j\u0101 r\u0101v\u0113jsl\u0113dz\u0113ja<br \/><\/span><span style=\"font-size: x-small\"><img decoding=\"async\" src=\"http:\/\/www.virsotne.lv\/images\/front\/veikals\/apgerbs\/polartec_jakas\/marmot_logo_aplisM.gif\" alt=\"\" \/>&nbsp;S\u0101nu kabatas ar r\u0101v\u0113jsl\u0113dz\u0113jiem, kas izgatavotas no m\u012bksta auduma, roku sild\u012b&scaron;anai<br \/><\/span><span style=\"font-size: x-small\"><img decoding=\"async\" src=\"http:\/\/www.virsotne.lv\/images\/front\/veikals\/apgerbs\/polartec_jakas\/marmot_logo_aplisM.gif\" alt=\"\" \/>&nbsp;Sievie&scaron;u piegriezums<\/span><\/p>\n","protected":false},"excerpt":{"rendered":"<p>Viegla, multifunkcion\u0101la&nbsp;sievie&scaron;u&nbsp;jaka no&nbsp;Polartec&reg; Clasic 100 Micro&nbsp;auduma.&nbsp;Izmantojama gan k\u0101 virsjaka, gan siltumizol\u0113jo&scaron;s sl\u0101nis ap\u0123\u0113rb\u0101. Ide\u0101la lieto&scaron;anai pavasara un rudens&nbsp;pastaig\u0101m, p\u0101rg\u0101jieniem, klin&scaron;u k\u0101p&scaron;anai, alp\u012bnismam, ziemas sporta veidiem, pils\u0113tas apst\u0101k\u013ciem. Specifik\u0101cija: &nbsp; Materi\u0101ls:&nbsp;Polartec&reg;Classic 100 100% Polyester Micro Fleece 4.6 oz\/ydMuguras garums:&nbsp;66cm (M izm\u0113ram)Svars:&nbsp;224 gramiKr\u0101sa:&nbsp;dzeltena, viol\u0113ta, balta &nbsp; Galven\u0101s \u012bpa&scaron;\u012bbas: &nbsp; &nbsp;Elast\u012bga, regul\u0113jo&scaron;a&nbsp;aukla jakas apak&scaron;da\u013c\u0101&nbsp;&nbsp;V\u0113ju aizturo&scaron;s atloks aiz priek&scaron;\u0113j\u0101 [&hellip;]<\/p>\n","protected":false},"featured_media":0,"template":"","meta":[],"product_brand":[908],"product_cat":[4619,4640,4914],"product_tag":[],"class_list":{"0":"post-77543","1":"product","2":"type-product","3":"status-publish","5":"product_brand-marmot","6":"product_cat-winter-clothes-recreation","7":"product_cat-recreation","8":"product_cat-polartec-fleece-jackets-winter-clothes-recreation","10":"first","11":"instock","12":"shipping-taxable","13":"purchasable","14":"product-type-simple"},"_links":{"self":[{"href":"https:\/\/sezona.lv\/en\/wp-json\/wp\/v2\/product\/77543","targetHints":{"allow":["GET"]}}],"collection":[{"href":"https:\/\/sezona.lv\/en\/wp-json\/wp\/v2\/product"}],"about":[{"href":"https:\/\/sezona.lv\/en\/wp-json\/wp\/v2\/types\/product"}],"wp:attachment":[{"href":"https:\/\/sezona.lv\/en\/wp-json\/wp\/v2\/media?parent=77543"}],"wp:term":[{"taxonomy":"product_brand","embeddable":true,"href":"https:\/\/sezona.lv\/en\/wp-json\/wp\/v2\/product_brand?post=77543"},{"taxonomy":"product_cat","embeddable":true,"href":"https:\/\/sezona.lv\/en\/wp-json\/wp\/v2\/product_cat?post=77543"},{"taxonomy":"product_tag","embeddable":true,"href":"https:\/\/sezona.lv\/en\/wp-json\/wp\/v2\/product_tag?post=77543"}],"curies":[{"name":"wp","href":"https:\/\/api.w.org\/{rel}","templated":true}]}}