{"id":77545,"date":"2025-07-14T15:08:20","date_gmt":"2025-07-14T12:08:20","guid":{"rendered":"https:\/\/demo8.ecube.lv\/sezona.lv\/products\/jaka-marmot-reactor-hoody\/"},"modified":"2025-07-14T15:08:20","modified_gmt":"2025-07-14T12:08:20","slug":"jaka-marmot-reactor-hoody","status":"publish","type":"product","link":"https:\/\/sezona.lv\/en\/products\/jaka-marmot-reactor-hoody\/","title":{"rendered":"Jaka Marmot Reactor Hoody"},"content":{"rendered":"<p align=\"justify\"><span style=\"font-size: x-small\">Viegla, multifunkcion\u0101la jaka ar kapuci no&nbsp;<strong>Polartec&reg; Clasic 100 Micro<\/strong>&nbsp;auduma. Izmantojama gan k\u0101 virsjaka, gan siltumizol\u0113jo&scaron;s sl\u0101nis. Ide\u0101la lieto&scaron;anai pavasara un rudens pastaig\u0101m, p\u0101rg\u0101jieniem, klin&scaron;u k\u0101p&scaron;anai, alp\u012bnismam, ziemas sporta veidiem, pils\u0113tas apst\u0101k\u013ciem.<\/span><\/p>\n<p><span style=\"color: #800000;font-size: x-small\"><strong>Specifik\u0101cija:<\/strong><\/span><\/p>\n<p><span style=\"font-size: x-small\"><strong>Materi\u0101ls:&nbsp;<\/strong>Polartec&reg;Classic 100 100% Polyester Micro Fleece 4.6 oz\/yd<br \/><strong>Muguras garums:&nbsp;<\/strong>71,5cm (M Izm\u0113ram)<br \/><strong>Svars:&nbsp;<\/strong>459 grami<\/span><\/p>\n<p><span style=\"color: #800000;font-size: x-small\"><strong>Specifik\u0101cija:<\/strong><\/span><\/p>\n<p><span style=\"font-size: x-small\"><img loading=\"lazy\" decoding=\"async\" src=\"http:\/\/www.virsotne.lv\/userfiles\/image\/ahaa\/marmot_logo_aplisM.gif\" alt=\"\" width=\"15\" height=\"15\" \/>&nbsp;Elast\u012bga, regul\u0113jo&scaron;a aukla jakas apak&scaron;da\u013c\u0101&nbsp;<br \/><img loading=\"lazy\" decoding=\"async\" src=\"http:\/\/www.virsotne.lv\/userfiles\/image\/ahaa\/marmot_logo_aplisM.gif\" alt=\"\" width=\"15\" height=\"15\" \/>&nbsp;V\u0113ju aizturo&scaron;s atloks aiz priek&scaron;\u0113j\u0101 r\u0101v\u0113jsl\u0113dz\u0113ja<br \/><img loading=\"lazy\" decoding=\"async\" src=\"http:\/\/www.virsotne.lv\/userfiles\/image\/ahaa\/marmot_logo_aplisM.gif\" alt=\"\" width=\"15\" height=\"15\" \/>&nbsp;S\u0101nu kabatas ar r\u0101v\u0113jsl\u0113dz\u0113jiem&nbsp; no m\u012bksta auduma roku sild\u012b&scaron;anai<br \/><img loading=\"lazy\" decoding=\"async\" src=\"http:\/\/www.virsotne.lv\/userfiles\/image\/ahaa\/marmot_logo_aplisM.gif\" alt=\"\" width=\"15\" height=\"15\" \/>&nbsp;Apkal\u012bte viedota no M3 Softshell materi\u0101la &#8211; pasarg\u0101s no v\u0113ja<\/span><\/p>\n","protected":false},"excerpt":{"rendered":"<p>Viegla, multifunkcion\u0101la jaka ar kapuci no&nbsp;Polartec&reg; Clasic 100 Micro&nbsp;auduma. Izmantojama gan k\u0101 virsjaka, gan siltumizol\u0113jo&scaron;s sl\u0101nis. Ide\u0101la lieto&scaron;anai pavasara un rudens pastaig\u0101m, p\u0101rg\u0101jieniem, klin&scaron;u k\u0101p&scaron;anai, alp\u012bnismam, ziemas sporta veidiem, pils\u0113tas apst\u0101k\u013ciem. Specifik\u0101cija: Materi\u0101ls:&nbsp;Polartec&reg;Classic 100 100% Polyester Micro Fleece 4.6 oz\/ydMuguras garums:&nbsp;71,5cm (M Izm\u0113ram)Svars:&nbsp;459 grami Specifik\u0101cija: &nbsp;Elast\u012bga, regul\u0113jo&scaron;a aukla jakas apak&scaron;da\u013c\u0101&nbsp;&nbsp;V\u0113ju aizturo&scaron;s atloks aiz priek&scaron;\u0113j\u0101 r\u0101v\u0113jsl\u0113dz\u0113ja&nbsp;S\u0101nu [&hellip;]<\/p>\n","protected":false},"featured_media":0,"template":"","meta":[],"product_brand":[908],"product_cat":[4619,4640,4914],"product_tag":[],"class_list":{"0":"post-77545","1":"product","2":"type-product","3":"status-publish","5":"product_brand-marmot","6":"product_cat-winter-clothes-recreation","7":"product_cat-recreation","8":"product_cat-polartec-fleece-jackets-winter-clothes-recreation","10":"first","11":"instock","12":"shipping-taxable","13":"purchasable","14":"product-type-simple"},"_links":{"self":[{"href":"https:\/\/sezona.lv\/en\/wp-json\/wp\/v2\/product\/77545","targetHints":{"allow":["GET"]}}],"collection":[{"href":"https:\/\/sezona.lv\/en\/wp-json\/wp\/v2\/product"}],"about":[{"href":"https:\/\/sezona.lv\/en\/wp-json\/wp\/v2\/types\/product"}],"wp:attachment":[{"href":"https:\/\/sezona.lv\/en\/wp-json\/wp\/v2\/media?parent=77545"}],"wp:term":[{"taxonomy":"product_brand","embeddable":true,"href":"https:\/\/sezona.lv\/en\/wp-json\/wp\/v2\/product_brand?post=77545"},{"taxonomy":"product_cat","embeddable":true,"href":"https:\/\/sezona.lv\/en\/wp-json\/wp\/v2\/product_cat?post=77545"},{"taxonomy":"product_tag","embeddable":true,"href":"https:\/\/sezona.lv\/en\/wp-json\/wp\/v2\/product_tag?post=77545"}],"curies":[{"name":"wp","href":"https:\/\/api.w.org\/{rel}","templated":true}]}}