{"id":77546,"date":"2025-07-14T15:08:21","date_gmt":"2025-07-14T12:08:21","guid":{"rendered":"https:\/\/demo8.ecube.lv\/sezona.lv\/products\/jaka-marmot-alpinist-tech\/"},"modified":"2025-07-14T15:08:21","modified_gmt":"2025-07-14T12:08:21","slug":"jaka-marmot-alpinist-tech","status":"publish","type":"product","link":"https:\/\/sezona.lv\/en\/products\/jaka-marmot-alpinist-tech\/","title":{"rendered":"Jaka Marmot Alpinist Tech"},"content":{"rendered":"<p align=\"justify\"><span style=\"font-size: x-small\">Viegla \u013coti silta jaci\u0146a no&nbsp;<strong>Grid Fleece<\/strong><\/span><span style=\"font-size: x-small\">&nbsp;auduma. &Scaron;is audums b\u016bs k\u0101 perfekts balancs starp siltumu un svaru. Ide\u0101ls otrais sl\u0101nis p\u0113c termove\u013cas. Atl\u0113tiskais piegriezums \u013caus br\u012bvi kust\u0113ties pat pie lielas aktivit\u0101tes.<br \/><\/span><\/p>\n<p><span style=\"color: #800000;font-size: x-small\"><strong>Specifik\u0101cija:<\/strong><\/span><\/p>\n<p><span style=\"font-size: x-small\"><strong>Materi\u0101ls:<\/strong>&nbsp;100% Polyester Grid Fleece 5.9 oz\/yd<br \/><\/span><span style=\"font-size: x-small\"><strong>Muguras garums:<\/strong>&nbsp;<\/span><span style=\"font-size: x-small\">69 cm (M izm\u0113ram)<br \/><\/span><span style=\"font-size: x-small\"><strong>Svars:<\/strong>&nbsp;<\/span><span style=\"font-size: x-small\">439 grami<\/span><span style=\"font-size: x-small\"><br \/><strong>Kr\u0101sa:<\/strong>&nbsp;<\/span><span style=\"font-size: x-small\">Melna, Oran\u017ea, zila<br \/><\/span><\/p>\n<p><span style=\"color: #800000;font-size: x-small\"><strong>Raksturojums:<\/strong><\/span><\/p>\n<p><span style=\"font-size: x-small\"><img loading=\"lazy\" decoding=\"async\" src=\"http:\/\/www.virsotne.lv\/userfiles\/image\/ahaa\/marmot_logo_aplisM.gif\" alt=\"\" width=\"15\" height=\"15\" \/>&nbsp;Ar r\u0101v\u0113jsl\u0113dz\u0113ju aizvelkama kr\u016b&scaron;u kabata<br \/><img loading=\"lazy\" decoding=\"async\" src=\"http:\/\/www.virsotne.lv\/userfiles\/image\/ahaa\/marmot_logo_aplisM.gif\" alt=\"\" width=\"15\" height=\"15\" \/>&nbsp;<strong>Lycra&reg;<\/strong>&nbsp;auduma aproces ar \u012bk&scaron;\u0137u caurumiem<br \/><img loading=\"lazy\" decoding=\"async\" src=\"http:\/\/www.virsotne.lv\/userfiles\/image\/ahaa\/marmot_logo_aplisM.gif\" alt=\"\" width=\"15\" height=\"15\" \/>&nbsp;Atl\u0113tisks piegriezums<\/span><\/p>\n","protected":false},"excerpt":{"rendered":"<p>Viegla \u013coti silta jaci\u0146a no&nbsp;Grid Fleece&nbsp;auduma. &Scaron;is audums b\u016bs k\u0101 perfekts balancs starp siltumu un svaru. Ide\u0101ls otrais sl\u0101nis p\u0113c termove\u013cas. Atl\u0113tiskais piegriezums \u013caus br\u012bvi kust\u0113ties pat pie lielas aktivit\u0101tes. Specifik\u0101cija: Materi\u0101ls:&nbsp;100% Polyester Grid Fleece 5.9 oz\/ydMuguras garums:&nbsp;69 cm (M izm\u0113ram)Svars:&nbsp;439 gramiKr\u0101sa:&nbsp;Melna, Oran\u017ea, zila Raksturojums: &nbsp;Ar r\u0101v\u0113jsl\u0113dz\u0113ju aizvelkama kr\u016b&scaron;u kabata&nbsp;Lycra&reg;&nbsp;auduma aproces ar \u012bk&scaron;\u0137u caurumiem&nbsp;Atl\u0113tisks piegriezums<\/p>\n","protected":false},"featured_media":0,"template":"","meta":[],"product_brand":[908],"product_cat":[4619,4640,4914],"product_tag":[],"class_list":{"0":"post-77546","1":"product","2":"type-product","3":"status-publish","5":"product_brand-marmot","6":"product_cat-winter-clothes-recreation","7":"product_cat-recreation","8":"product_cat-polartec-fleece-jackets-winter-clothes-recreation","10":"first","11":"instock","12":"shipping-taxable","13":"purchasable","14":"product-type-simple"},"_links":{"self":[{"href":"https:\/\/sezona.lv\/en\/wp-json\/wp\/v2\/product\/77546","targetHints":{"allow":["GET"]}}],"collection":[{"href":"https:\/\/sezona.lv\/en\/wp-json\/wp\/v2\/product"}],"about":[{"href":"https:\/\/sezona.lv\/en\/wp-json\/wp\/v2\/types\/product"}],"wp:attachment":[{"href":"https:\/\/sezona.lv\/en\/wp-json\/wp\/v2\/media?parent=77546"}],"wp:term":[{"taxonomy":"product_brand","embeddable":true,"href":"https:\/\/sezona.lv\/en\/wp-json\/wp\/v2\/product_brand?post=77546"},{"taxonomy":"product_cat","embeddable":true,"href":"https:\/\/sezona.lv\/en\/wp-json\/wp\/v2\/product_cat?post=77546"},{"taxonomy":"product_tag","embeddable":true,"href":"https:\/\/sezona.lv\/en\/wp-json\/wp\/v2\/product_tag?post=77546"}],"curies":[{"name":"wp","href":"https:\/\/api.w.org\/{rel}","templated":true}]}}