{"id":77547,"date":"2025-07-14T15:08:22","date_gmt":"2025-07-14T12:08:22","guid":{"rendered":"https:\/\/demo8.ecube.lv\/sezona.lv\/products\/termobikses-marmot-stretch-fleece\/"},"modified":"2025-07-14T15:08:22","modified_gmt":"2025-07-14T12:08:22","slug":"termobikses-marmot-stretch-fleece","status":"publish","type":"product","link":"https:\/\/sezona.lv\/en\/products\/termobikses-marmot-stretch-fleece\/","title":{"rendered":"Termobikses Marmot Stretch Fleece"},"content":{"rendered":"<p align=\"justify\"><span style=\"font-size: x-small\">Siltas k\u0101jas noz\u012bm\u0113 siltu \u0137ermeni. Atl\u0113tiska piegriezuma sievie&scaron;u fl\u012bsa bikses ar plakano v\u012b\u013cu konstrukciju b\u016bs neat\u0146emama akt\u012bvas sievietes garderobes sast\u0101vda\u013ca. T\u0101s var pavilkt zem sl\u0113po&scaron;anas biks\u0113m, ka termove\u013cas k\u0101rtu, ar t\u0101m vara skriet v\u0113s\u0101 ruden\u012b vai pavasar\u012b, t\u0101s var uzvilkt ar\u012b ikdien\u0101.<\/span><\/p>\n<p>&nbsp;<\/p>\n<p><span style=\"font-size: x-small\"><strong><span style=\"color: #800000\">Specifik\u0101cija:<\/span><\/strong><\/span><\/p>\n<p>&nbsp;<\/p>\n<p><span style=\"font-size: x-small\"><strong>Materi\u0101ls:&nbsp;<\/strong>93% Polyester, 7% Elastane Jersey Stretch Fleece 6.7 oz\/yd<br \/><\/span><span style=\"font-size: x-small\"><strong>Piegriezums:<\/strong>&nbsp;Athletic Fit<br \/><\/span><span style=\"font-size: x-small\"><strong>Svars:<\/strong>&nbsp;170 grami<\/span><\/p>\n<p>&nbsp;<\/p>\n<p><span style=\"font-size: x-small\"><strong><span style=\"color: #800000\">Raksturojums:<\/span><\/strong><\/span><\/p>\n<p>&nbsp;<\/p>\n<p><span style=\"font-size: x-small\"><img loading=\"lazy\" decoding=\"async\" src=\"http:\/\/www.virsotne.lv\/userfiles\/image\/ahaa\/marmot_logo_aplisM.gif\" alt=\"\" width=\"15\" height=\"15\" \/>&nbsp;Kred\u012btkartes kabata<br \/><\/span><span style=\"font-size: x-small\"><img loading=\"lazy\" decoding=\"async\" src=\"http:\/\/www.virsotne.lv\/userfiles\/image\/ahaa\/marmot_logo_aplisM.gif\" alt=\"\" width=\"15\" height=\"15\" \/>&nbsp;Elast\u012bga savilc\u0113jaukla vidukl\u012b<br \/><\/span><span style=\"font-size: x-small\"><img loading=\"lazy\" decoding=\"async\" src=\"http:\/\/www.virsotne.lv\/userfiles\/image\/ahaa\/marmot_logo_aplisM.gif\" alt=\"\" width=\"15\" height=\"15\" \/>&nbsp;Plakano v\u012b\u013cu konstrukcija<br \/><\/span><span style=\"font-size: x-small\"><img loading=\"lazy\" decoding=\"async\" src=\"http:\/\/www.virsotne.lv\/userfiles\/image\/ahaa\/marmot_logo_aplisM.gif\" alt=\"\" width=\"15\" height=\"15\" \/>&nbsp;Staip\u012bgs fl\u012bsis<\/span><\/p>\n","protected":false},"excerpt":{"rendered":"<p>Siltas k\u0101jas noz\u012bm\u0113 siltu \u0137ermeni. Atl\u0113tiska piegriezuma sievie&scaron;u fl\u012bsa bikses ar plakano v\u012b\u013cu konstrukciju b\u016bs neat\u0146emama akt\u012bvas sievietes garderobes sast\u0101vda\u013ca. T\u0101s var pavilkt zem sl\u0113po&scaron;anas biks\u0113m, ka termove\u013cas k\u0101rtu, ar t\u0101m vara skriet v\u0113s\u0101 ruden\u012b vai pavasar\u012b, t\u0101s var uzvilkt ar\u012b ikdien\u0101. &nbsp; Specifik\u0101cija: &nbsp; Materi\u0101ls:&nbsp;93% Polyester, 7% Elastane Jersey Stretch Fleece 6.7 oz\/ydPiegriezums:&nbsp;Athletic FitSvars:&nbsp;170 [&hellip;]<\/p>\n","protected":false},"featured_media":0,"template":"","meta":[],"product_brand":[908],"product_cat":[4619,4640,4719],"product_tag":[],"class_list":{"0":"post-77547","1":"product","2":"type-product","3":"status-publish","5":"product_brand-marmot","6":"product_cat-winter-clothes-recreation","7":"product_cat-recreation","8":"product_cat-polartec-pants-winter-clothes-recreation","10":"first","11":"instock","12":"shipping-taxable","13":"purchasable","14":"product-type-simple"},"_links":{"self":[{"href":"https:\/\/sezona.lv\/en\/wp-json\/wp\/v2\/product\/77547","targetHints":{"allow":["GET"]}}],"collection":[{"href":"https:\/\/sezona.lv\/en\/wp-json\/wp\/v2\/product"}],"about":[{"href":"https:\/\/sezona.lv\/en\/wp-json\/wp\/v2\/types\/product"}],"wp:attachment":[{"href":"https:\/\/sezona.lv\/en\/wp-json\/wp\/v2\/media?parent=77547"}],"wp:term":[{"taxonomy":"product_brand","embeddable":true,"href":"https:\/\/sezona.lv\/en\/wp-json\/wp\/v2\/product_brand?post=77547"},{"taxonomy":"product_cat","embeddable":true,"href":"https:\/\/sezona.lv\/en\/wp-json\/wp\/v2\/product_cat?post=77547"},{"taxonomy":"product_tag","embeddable":true,"href":"https:\/\/sezona.lv\/en\/wp-json\/wp\/v2\/product_tag?post=77547"}],"curies":[{"name":"wp","href":"https:\/\/api.w.org\/{rel}","templated":true}]}}