{"id":77549,"date":"2025-07-14T15:08:23","date_gmt":"2025-07-14T12:08:23","guid":{"rendered":"https:\/\/demo8.ecube.lv\/sezona.lv\/products\/flymount-stiprinajums\/"},"modified":"2025-07-14T15:08:23","modified_gmt":"2025-07-14T12:08:23","slug":"flymount-stiprinajums","status":"publish","type":"product","link":"https:\/\/sezona.lv\/en\/products\/flymount-stiprinajums\/","title":{"rendered":"Flymount stiprin\u0101jums"},"content":{"rendered":"<p>Flymount ir produkts tavas foto vai video kameras stiprin\u0101&scaron;anai pie cilindriskiem objektiem, ar\u012b ekstrem\u0101los apst\u0101k\u013cos.<\/p>\n<p>Iztur\u012bgs<\/p>\n<p>Kompakts<\/p>\n<p>Viegls<\/p>\n<p>Lietojams &#8211; vinds\u0113rfing\u0101 kameras stiprin\u0101&scaron;anai pie masta, &nbsp;uz velosip\u0113diem, jaht\u0101m, laiv\u0101m, motocikliem, kvadracikliem un citur. Dro&scaron;\u0101kais kameras stiprin\u0101&scaron;anas veids, kas &scaron;obr\u012bd ir pieejams.<\/p>\n<p>Standarta apr\u012bkojum\u0101 parastais trijk\u0101ja stiprin\u0101jums.<\/p>\n","protected":false},"excerpt":{"rendered":"<p>Flymount ir produkts tavas foto vai video kameras stiprin\u0101&scaron;anai pie cilindriskiem objektiem, ar\u012b ekstrem\u0101los apst\u0101k\u013cos. Iztur\u012bgs Kompakts Viegls Lietojams &#8211; vinds\u0113rfing\u0101 kameras stiprin\u0101&scaron;anai pie masta, &nbsp;uz velosip\u0113diem, jaht\u0101m, laiv\u0101m, motocikliem, kvadracikliem un citur. Dro&scaron;\u0101kais kameras stiprin\u0101&scaron;anas veids, kas &scaron;obr\u012bd ir pieejams. Standarta apr\u012bkojum\u0101 parastais trijk\u0101ja stiprin\u0101jums.<\/p>\n","protected":false},"featured_media":0,"template":"","meta":[],"product_brand":[],"product_cat":[4640,4782,4906,4920,4923],"product_tag":[],"class_list":{"0":"post-77549","1":"product","2":"type-product","3":"status-publish","5":"product_cat-recreation","6":"product_cat-navigation-watches-radios-recreation","7":"product_cat-sports-cameras-navigation-watches-radios-recreation","8":"product_cat-gopro-2-sports-cameras-navigation-watches-radios-recreation","9":"product_cat-gopro-mounts-gopro-2-sports-cameras-navigation-watches-radios-recreation","11":"first","12":"instock","13":"shipping-taxable","14":"purchasable","15":"product-type-simple"},"_links":{"self":[{"href":"https:\/\/sezona.lv\/en\/wp-json\/wp\/v2\/product\/77549","targetHints":{"allow":["GET"]}}],"collection":[{"href":"https:\/\/sezona.lv\/en\/wp-json\/wp\/v2\/product"}],"about":[{"href":"https:\/\/sezona.lv\/en\/wp-json\/wp\/v2\/types\/product"}],"wp:attachment":[{"href":"https:\/\/sezona.lv\/en\/wp-json\/wp\/v2\/media?parent=77549"}],"wp:term":[{"taxonomy":"product_brand","embeddable":true,"href":"https:\/\/sezona.lv\/en\/wp-json\/wp\/v2\/product_brand?post=77549"},{"taxonomy":"product_cat","embeddable":true,"href":"https:\/\/sezona.lv\/en\/wp-json\/wp\/v2\/product_cat?post=77549"},{"taxonomy":"product_tag","embeddable":true,"href":"https:\/\/sezona.lv\/en\/wp-json\/wp\/v2\/product_tag?post=77549"}],"curies":[{"name":"wp","href":"https:\/\/api.w.org\/{rel}","templated":true}]}}