{"id":77551,"date":"2025-07-14T15:08:26","date_gmt":"2025-07-14T12:08:26","guid":{"rendered":"https:\/\/demo8.ecube.lv\/sezona.lv\/products\/sp-lielais-kats\/"},"modified":"2025-07-14T15:08:26","modified_gmt":"2025-07-14T12:08:26","slug":"sp-lielais-kats","status":"publish","type":"product","link":"https:\/\/sezona.lv\/en\/products\/sp-lielais-kats\/","title":{"rendered":"SP lielais k\u0101ts"},"content":{"rendered":"<p>Teleskopisks main\u0101ma garuma k\u0101ts GoPro kamerai.<\/p>\n<p>Piestiprin\u0101ms pie kameras korpusa bez papildus deta\u013c\u0101m.<\/p>\n<p>Main\u0101ms garums no 28,5 l\u012bdz 92,5 cm garumam.<\/p>\n<p>Koplekt\u0101 ietisplst karab\u012bne un stiprin\u0101&scaron;anas saite.<\/p>\n","protected":false},"excerpt":{"rendered":"<p>Teleskopisks main\u0101ma garuma k\u0101ts GoPro kamerai. Piestiprin\u0101ms pie kameras korpusa bez papildus deta\u013c\u0101m. Main\u0101ms garums no 28,5 l\u012bdz 92,5 cm garumam. Koplekt\u0101 ietisplst karab\u012bne un stiprin\u0101&scaron;anas saite.<\/p>\n","protected":false},"featured_media":0,"template":"","meta":[],"product_brand":[],"product_cat":[4640,4782,4906,4920,4922],"product_tag":[],"class_list":{"0":"post-77551","1":"product","2":"type-product","3":"status-publish","5":"product_cat-recreation","6":"product_cat-navigation-watches-radios-recreation","7":"product_cat-sports-cameras-navigation-watches-radios-recreation","8":"product_cat-gopro-2-sports-cameras-navigation-watches-radios-recreation","9":"product_cat-gopro-accessories-gopro-2-sports-cameras-navigation-watches-radios-recreation","11":"first","12":"instock","13":"shipping-taxable","14":"purchasable","15":"product-type-simple"},"_links":{"self":[{"href":"https:\/\/sezona.lv\/en\/wp-json\/wp\/v2\/product\/77551","targetHints":{"allow":["GET"]}}],"collection":[{"href":"https:\/\/sezona.lv\/en\/wp-json\/wp\/v2\/product"}],"about":[{"href":"https:\/\/sezona.lv\/en\/wp-json\/wp\/v2\/types\/product"}],"wp:attachment":[{"href":"https:\/\/sezona.lv\/en\/wp-json\/wp\/v2\/media?parent=77551"}],"wp:term":[{"taxonomy":"product_brand","embeddable":true,"href":"https:\/\/sezona.lv\/en\/wp-json\/wp\/v2\/product_brand?post=77551"},{"taxonomy":"product_cat","embeddable":true,"href":"https:\/\/sezona.lv\/en\/wp-json\/wp\/v2\/product_cat?post=77551"},{"taxonomy":"product_tag","embeddable":true,"href":"https:\/\/sezona.lv\/en\/wp-json\/wp\/v2\/product_tag?post=77551"}],"curies":[{"name":"wp","href":"https:\/\/api.w.org\/{rel}","templated":true}]}}