{"id":77552,"date":"2025-07-14T15:08:27","date_gmt":"2025-07-14T12:08:27","guid":{"rendered":"https:\/\/demo8.ecube.lv\/sezona.lv\/products\/sp-mycase-s-kaste\/"},"modified":"2025-07-14T15:08:27","modified_gmt":"2025-07-14T12:08:27","slug":"sp-mycase-s-kaste","status":"publish","type":"product","link":"https:\/\/sezona.lv\/en\/products\/sp-mycase-s-kaste\/","title":{"rendered":"SP MyCase S kaste"},"content":{"rendered":"<p>Uzglab\u0101 savu GoPro kameru vai citu apr\u012bkojumu \u0113rti un pasarg\u0101 to.<\/p>\n<p>Piel\u0101go to sav\u0101m vajadz\u012bb\u0101m.<\/p>\n<p>Izm\u0113ri: 330 x 220 x 68 mm<\/p>\n","protected":false},"excerpt":{"rendered":"<p>Uzglab\u0101 savu GoPro kameru vai citu apr\u012bkojumu \u0113rti un pasarg\u0101 to. Piel\u0101go to sav\u0101m vajadz\u012bb\u0101m. Izm\u0113ri: 330 x 220 x 68 mm<\/p>\n","protected":false},"featured_media":0,"template":"","meta":[],"product_brand":[],"product_cat":[4640,4782,4906,4920,4922],"product_tag":[],"class_list":{"0":"post-77552","1":"product","2":"type-product","3":"status-publish","5":"product_cat-recreation","6":"product_cat-navigation-watches-radios-recreation","7":"product_cat-sports-cameras-navigation-watches-radios-recreation","8":"product_cat-gopro-2-sports-cameras-navigation-watches-radios-recreation","9":"product_cat-gopro-accessories-gopro-2-sports-cameras-navigation-watches-radios-recreation","11":"first","12":"instock","13":"shipping-taxable","14":"purchasable","15":"product-type-simple"},"_links":{"self":[{"href":"https:\/\/sezona.lv\/en\/wp-json\/wp\/v2\/product\/77552","targetHints":{"allow":["GET"]}}],"collection":[{"href":"https:\/\/sezona.lv\/en\/wp-json\/wp\/v2\/product"}],"about":[{"href":"https:\/\/sezona.lv\/en\/wp-json\/wp\/v2\/types\/product"}],"wp:attachment":[{"href":"https:\/\/sezona.lv\/en\/wp-json\/wp\/v2\/media?parent=77552"}],"wp:term":[{"taxonomy":"product_brand","embeddable":true,"href":"https:\/\/sezona.lv\/en\/wp-json\/wp\/v2\/product_brand?post=77552"},{"taxonomy":"product_cat","embeddable":true,"href":"https:\/\/sezona.lv\/en\/wp-json\/wp\/v2\/product_cat?post=77552"},{"taxonomy":"product_tag","embeddable":true,"href":"https:\/\/sezona.lv\/en\/wp-json\/wp\/v2\/product_tag?post=77552"}],"curies":[{"name":"wp","href":"https:\/\/api.w.org\/{rel}","templated":true}]}}