{"id":77553,"date":"2025-07-11T16:13:31","date_gmt":"2025-07-11T13:13:31","guid":{"rendered":"https:\/\/demo8.ecube.lv\/sezona.lv\/products\/hummel-1-5-concept-plus-size-2-3\/"},"modified":"2025-07-14T15:08:28","modified_gmt":"2025-07-14T12:08:28","slug":"hummel-1-5-concept-plus-size-2-3","status":"publish","type":"product","link":"https:\/\/sezona.lv\/en\/products\/hummel-1-5-concept-plus-size-2-3\/","title":{"rendered":"Hummel 1.5 Concept Plus (size 2-3)"},"content":{"rendered":"<table border=\"0\" cellspacing=\"0\" cellpadding=\"0\" width=\"258\">\n<tbody>\n<tr>\n<td class=\"xl60\" width=\"258\" height=\"20\">IHF   apstiprin\u0101t\u0101 sacens\u012bbu bumba<\/td>\n<\/tr>\n<\/tbody>\n<\/table>\n","protected":false},"excerpt":{"rendered":"<p>IHF apstiprin\u0101t\u0101 sacens\u012bbu bumba<\/p>\n","protected":false},"featured_media":66064,"template":"","meta":[],"product_brand":[],"product_cat":[4602,4928,4930],"product_tag":[],"class_list":{"0":"post-77553","1":"product","2":"type-product","3":"status-publish","4":"has-post-thumbnail","6":"product_cat-summer-sports-sports","7":"product_cat-handball-summer-sports-sports","8":"product_cat-handball-balls-handball-summer-sports-sports","10":"first","11":"instock","12":"shipping-taxable","13":"purchasable","14":"product-type-simple"},"_links":{"self":[{"href":"https:\/\/sezona.lv\/en\/wp-json\/wp\/v2\/product\/77553","targetHints":{"allow":["GET"]}}],"collection":[{"href":"https:\/\/sezona.lv\/en\/wp-json\/wp\/v2\/product"}],"about":[{"href":"https:\/\/sezona.lv\/en\/wp-json\/wp\/v2\/types\/product"}],"wp:featuredmedia":[{"embeddable":true,"href":"https:\/\/sezona.lv\/en\/wp-json\/wp\/v2\/media\/66064"}],"wp:attachment":[{"href":"https:\/\/sezona.lv\/en\/wp-json\/wp\/v2\/media?parent=77553"}],"wp:term":[{"taxonomy":"product_brand","embeddable":true,"href":"https:\/\/sezona.lv\/en\/wp-json\/wp\/v2\/product_brand?post=77553"},{"taxonomy":"product_cat","embeddable":true,"href":"https:\/\/sezona.lv\/en\/wp-json\/wp\/v2\/product_cat?post=77553"},{"taxonomy":"product_tag","embeddable":true,"href":"https:\/\/sezona.lv\/en\/wp-json\/wp\/v2\/product_tag?post=77553"}],"curies":[{"name":"wp","href":"https:\/\/api.w.org\/{rel}","templated":true}]}}