{"id":77554,"date":"2025-07-11T16:13:32","date_gmt":"2025-07-11T13:13:32","guid":{"rendered":"https:\/\/demo8.ecube.lv\/sezona.lv\/products\/hummel-1-5-concept-size-2-3\/"},"modified":"2025-07-14T15:08:29","modified_gmt":"2025-07-14T12:08:29","slug":"hummel-1-5-concept-size-2-3","status":"publish","type":"product","link":"https:\/\/sezona.lv\/en\/products\/hummel-1-5-concept-size-2-3\/","title":{"rendered":"Hummel 1.5 Concept (size 2-3)"},"content":{"rendered":"<table border=\"0\" cellspacing=\"0\" cellpadding=\"0\" width=\"258\">\n<tbody>\n<tr>\n<td class=\"xl60\" width=\"258\" height=\"20\">Bumba   piem\u0113rota sp\u0113l\u0113m uz z\u0101les un uz m\u0101ksl\u012bg\u0101 seguma<\/td>\n<\/tr>\n<\/tbody>\n<\/table>\n","protected":false},"excerpt":{"rendered":"<p>Bumba piem\u0113rota sp\u0113l\u0113m uz z\u0101les un uz m\u0101ksl\u012bg\u0101 seguma<\/p>\n","protected":false},"featured_media":66067,"template":"","meta":[],"product_brand":[],"product_cat":[4602,4928,4930],"product_tag":[],"class_list":{"0":"post-77554","1":"product","2":"type-product","3":"status-publish","4":"has-post-thumbnail","6":"product_cat-summer-sports-sports","7":"product_cat-handball-summer-sports-sports","8":"product_cat-handball-balls-handball-summer-sports-sports","10":"first","11":"instock","12":"shipping-taxable","13":"purchasable","14":"product-type-simple"},"_links":{"self":[{"href":"https:\/\/sezona.lv\/en\/wp-json\/wp\/v2\/product\/77554","targetHints":{"allow":["GET"]}}],"collection":[{"href":"https:\/\/sezona.lv\/en\/wp-json\/wp\/v2\/product"}],"about":[{"href":"https:\/\/sezona.lv\/en\/wp-json\/wp\/v2\/types\/product"}],"wp:featuredmedia":[{"embeddable":true,"href":"https:\/\/sezona.lv\/en\/wp-json\/wp\/v2\/media\/66067"}],"wp:attachment":[{"href":"https:\/\/sezona.lv\/en\/wp-json\/wp\/v2\/media?parent=77554"}],"wp:term":[{"taxonomy":"product_brand","embeddable":true,"href":"https:\/\/sezona.lv\/en\/wp-json\/wp\/v2\/product_brand?post=77554"},{"taxonomy":"product_cat","embeddable":true,"href":"https:\/\/sezona.lv\/en\/wp-json\/wp\/v2\/product_cat?post=77554"},{"taxonomy":"product_tag","embeddable":true,"href":"https:\/\/sezona.lv\/en\/wp-json\/wp\/v2\/product_tag?post=77554"}],"curies":[{"name":"wp","href":"https:\/\/api.w.org\/{rel}","templated":true}]}}