{"id":77558,"date":"2025-07-11T16:13:36","date_gmt":"2025-07-11T13:13:36","guid":{"rendered":"https:\/\/demo8.ecube.lv\/sezona.lv\/products\/hummel-1-5-kids-size-1\/"},"modified":"2025-07-14T15:08:35","modified_gmt":"2025-07-14T12:08:35","slug":"hummel-1-5-kids-size-1","status":"publish","type":"product","link":"https:\/\/sezona.lv\/en\/products\/hummel-1-5-kids-size-1\/","title":{"rendered":"Hummel 1.5 Kids (size 1)"},"content":{"rendered":"<table border=\"0\" cellspacing=\"0\" cellpadding=\"0\" width=\"258\">\n<tbody>\n<tr>\n<td class=\"xl60\" width=\"258\" height=\"20\">Bumba   b\u0113rnu apm\u0101c\u012bbai<\/td>\n<\/tr>\n<\/tbody>\n<\/table>\n","protected":false},"excerpt":{"rendered":"<p>Bumba b\u0113rnu apm\u0101c\u012bbai<\/p>\n","protected":false},"featured_media":66079,"template":"","meta":[],"product_brand":[],"product_cat":[4602,4928,4930],"product_tag":[],"class_list":{"0":"post-77558","1":"product","2":"type-product","3":"status-publish","4":"has-post-thumbnail","6":"product_cat-summer-sports-sports","7":"product_cat-handball-summer-sports-sports","8":"product_cat-handball-balls-handball-summer-sports-sports","10":"first","11":"instock","12":"shipping-taxable","13":"purchasable","14":"product-type-simple"},"_links":{"self":[{"href":"https:\/\/sezona.lv\/en\/wp-json\/wp\/v2\/product\/77558","targetHints":{"allow":["GET"]}}],"collection":[{"href":"https:\/\/sezona.lv\/en\/wp-json\/wp\/v2\/product"}],"about":[{"href":"https:\/\/sezona.lv\/en\/wp-json\/wp\/v2\/types\/product"}],"wp:featuredmedia":[{"embeddable":true,"href":"https:\/\/sezona.lv\/en\/wp-json\/wp\/v2\/media\/66079"}],"wp:attachment":[{"href":"https:\/\/sezona.lv\/en\/wp-json\/wp\/v2\/media?parent=77558"}],"wp:term":[{"taxonomy":"product_brand","embeddable":true,"href":"https:\/\/sezona.lv\/en\/wp-json\/wp\/v2\/product_brand?post=77558"},{"taxonomy":"product_cat","embeddable":true,"href":"https:\/\/sezona.lv\/en\/wp-json\/wp\/v2\/product_cat?post=77558"},{"taxonomy":"product_tag","embeddable":true,"href":"https:\/\/sezona.lv\/en\/wp-json\/wp\/v2\/product_tag?post=77558"}],"curies":[{"name":"wp","href":"https:\/\/api.w.org\/{rel}","templated":true}]}}