{"id":77562,"date":"2025-07-11T16:13:42","date_gmt":"2025-07-11T13:13:42","guid":{"rendered":"https:\/\/demo8.ecube.lv\/sezona.lv\/products\/ledus-piki-h-10902\/"},"modified":"2025-07-14T15:08:40","modified_gmt":"2025-07-14T12:08:40","slug":"ledus-piki-h-10902","status":"publish","type":"product","link":"https:\/\/sezona.lv\/en\/products\/ledus-piki-h-10902\/","title":{"rendered":"Ledus p\u012b\u0137i (H-10902)"},"content":{"rendered":"<p>Ledus p\u012b\u0137i, kas paredz\u0113ti dz\u012bv\u012bbas gl\u0101b&scaron;anai, iel\u016bztot, led\u016b.<\/p>\n<p>Plastmasas korpuss.<\/p>\n","protected":false},"excerpt":{"rendered":"<p>Ledus p\u012b\u0137i, kas paredz\u0113ti dz\u012bv\u012bbas gl\u0101b&scaron;anai, iel\u016bztot, led\u016b. Plastmasas korpuss.<\/p>\n","protected":false},"featured_media":107585,"template":"","meta":[],"product_brand":[],"product_cat":[],"product_tag":[],"class_list":{"0":"post-77562","1":"product","2":"type-product","3":"status-publish","4":"has-post-thumbnail","7":"first","8":"instock","9":"shipping-taxable","10":"purchasable","11":"product-type-simple"},"_links":{"self":[{"href":"https:\/\/sezona.lv\/en\/wp-json\/wp\/v2\/product\/77562","targetHints":{"allow":["GET"]}}],"collection":[{"href":"https:\/\/sezona.lv\/en\/wp-json\/wp\/v2\/product"}],"about":[{"href":"https:\/\/sezona.lv\/en\/wp-json\/wp\/v2\/types\/product"}],"wp:featuredmedia":[{"embeddable":true,"href":"https:\/\/sezona.lv\/en\/wp-json\/wp\/v2\/media\/107585"}],"wp:attachment":[{"href":"https:\/\/sezona.lv\/en\/wp-json\/wp\/v2\/media?parent=77562"}],"wp:term":[{"taxonomy":"product_brand","embeddable":true,"href":"https:\/\/sezona.lv\/en\/wp-json\/wp\/v2\/product_brand?post=77562"},{"taxonomy":"product_cat","embeddable":true,"href":"https:\/\/sezona.lv\/en\/wp-json\/wp\/v2\/product_cat?post=77562"},{"taxonomy":"product_tag","embeddable":true,"href":"https:\/\/sezona.lv\/en\/wp-json\/wp\/v2\/product_tag?post=77562"}],"curies":[{"name":"wp","href":"https:\/\/api.w.org\/{rel}","templated":true}]}}