{"id":77604,"date":"2025-07-11T16:14:48","date_gmt":"2025-07-11T13:14:48","guid":{"rendered":"https:\/\/demo8.ecube.lv\/sezona.lv\/products\/velotrenazieris-christopeit-blue-t1-virtual-ergo-induct-12-150kg\/"},"modified":"2025-07-14T15:09:22","modified_gmt":"2025-07-14T12:09:22","slug":"velotrenazieris-christopeit-blue-t1-virtual-ergo-induct-12-150kg","status":"publish","type":"product","link":"https:\/\/sezona.lv\/en\/products\/velotrenazieris-christopeit-blue-t1-virtual-ergo-induct-12-150kg\/","title":{"rendered":"Velotrena\u017eieris Christopeit BLUE T1 Virtual ergo, induct., 12\/150kg"},"content":{"rendered":"<p>Specifik\u0101cija <\/p>\n<p>Velotrena\u017eieris     + <br \/>Indukcijas brem\u017eu sist\u0113ma:     + <br \/>Spararata masa, kg &#8211; 12 <br \/>Displeja funkcijas     : <br \/>Kalorijas     + <br \/>Laiks     + <br \/>Pulss     + <br \/>Kerme\u0146a tauku tests     + <br \/>Distance     + <br \/>\u0100trums     + <br \/>Pulsa m\u0113r\u012bjums ar dev\u0113jiem uz rokturiem     + <br \/>Slodzes l\u012bme\u0146i &#8211; 24 <br \/>M\u0113r\u0137a sirdsdarb\u012bbas programma     4 <br \/>Manu\u0101la programma     + <br \/>Lietot\u0101ja programma &#8211; 4 <br \/>Ieb\u016bv\u0113t\u0101s treni\u0146a programmas &#8211; 12 <br \/>Horizont\u0101la un vertik\u0101la s\u0113dek\u013ca regul\u0113&scaron;ana     + <br \/>St\u016bres regul\u0113&scaron;ana     + <br \/>Datoru kontrol\u0113t\u0101 pretest\u012bbas korekcija     + <br \/>Riten\u012b&scaron;i trena\u017eiera transport\u0113&scaron;anai     + <br \/>Baro&scaron;anas bloks     + <br \/>Nesl\u012bdo&scaron;a ped\u0101\u013cu virsma     + <br \/>Iesp\u0113ja iestat\u012bt laika, distances un aptuven\u0101 kaloriju pat\u0113ri\u0146a limitu     + <br \/>Pazi\u0146o&scaron;ana par uzdoto parametru p\u0101rsniegumu     + <br \/>Maksim\u0101lais lietot\u0101ja svars, kg &#8211; 150 <br \/>Izm\u0113rs, cm &#8211; 96 x 52 x 140 <br \/>Svars, kg &#8211; 44 <br \/>Sertific\u0113ts &#8211; EN ISO 20957 -1\/ EN 957-5 Klasse HA<\/p>\n","protected":false},"excerpt":{"rendered":"<p>Specifik\u0101cija Velotrena\u017eieris + Indukcijas brem\u017eu sist\u0113ma: + Spararata masa, kg &#8211; 12 Displeja funkcijas : Kalorijas + Laiks + Pulss + Kerme\u0146a tauku tests + Distance + \u0100trums + Pulsa m\u0113r\u012bjums ar dev\u0113jiem uz rokturiem + Slodzes l\u012bme\u0146i &#8211; 24 M\u0113r\u0137a sirdsdarb\u012bbas programma 4 Manu\u0101la programma + Lietot\u0101ja programma &#8211; 4 Ieb\u016bv\u0113t\u0101s treni\u0146a programmas &#8211; [&hellip;]<\/p>\n","protected":false},"featured_media":66211,"template":"","meta":[],"product_brand":[897],"product_cat":[4588,4589],"product_tag":[],"class_list":{"0":"post-77604","1":"product","2":"type-product","3":"status-publish","4":"has-post-thumbnail","6":"product_brand-christopeit","7":"product_cat-trainers-sports","8":"product_cat-bicycle-trainers-trainers-sports","10":"first","11":"instock","12":"shipping-taxable","13":"purchasable","14":"product-type-simple"},"_links":{"self":[{"href":"https:\/\/sezona.lv\/en\/wp-json\/wp\/v2\/product\/77604","targetHints":{"allow":["GET"]}}],"collection":[{"href":"https:\/\/sezona.lv\/en\/wp-json\/wp\/v2\/product"}],"about":[{"href":"https:\/\/sezona.lv\/en\/wp-json\/wp\/v2\/types\/product"}],"wp:featuredmedia":[{"embeddable":true,"href":"https:\/\/sezona.lv\/en\/wp-json\/wp\/v2\/media\/66211"}],"wp:attachment":[{"href":"https:\/\/sezona.lv\/en\/wp-json\/wp\/v2\/media?parent=77604"}],"wp:term":[{"taxonomy":"product_brand","embeddable":true,"href":"https:\/\/sezona.lv\/en\/wp-json\/wp\/v2\/product_brand?post=77604"},{"taxonomy":"product_cat","embeddable":true,"href":"https:\/\/sezona.lv\/en\/wp-json\/wp\/v2\/product_cat?post=77604"},{"taxonomy":"product_tag","embeddable":true,"href":"https:\/\/sezona.lv\/en\/wp-json\/wp\/v2\/product_tag?post=77604"}],"curies":[{"name":"wp","href":"https:\/\/api.w.org\/{rel}","templated":true}]}}