{"id":77605,"date":"2025-07-11T16:14:49","date_gmt":"2025-07-11T13:14:49","guid":{"rendered":"https:\/\/demo8.ecube.lv\/sezona.lv\/products\/jetpower-mix-gazes-balons-ar-vitni-450g\/"},"modified":"2025-07-14T15:09:23","modified_gmt":"2025-07-14T12:09:23","slug":"jetpower-mix-gazes-balons-ar-vitni-450g","status":"publish","type":"product","link":"https:\/\/sezona.lv\/en\/products\/jetpower-mix-gazes-balons-ar-vitni-450g\/","title":{"rendered":"JETPOWER MIX G\u0101zes balons ar v\u012btni 450g"},"content":{"rendered":"<div class=\"rte\">\n<div class=\"rte\">\n<p><span>Augstas veiktsp\u0113jas prop\u0101na \/ izobut\u0101na \u010detru sezonu degviela, kas nodro&scaron;ina augst\u0101ku tvaika spiedienu, lai uzlabotu sniegumu aukst\u0101 laik\u0101.&nbsp;<\/span><span class=\"tlid-translation translation\" lang=\"lv\" xml:lang=\"lv\">Maksim\u0101la efektivit\u0101te un minim\u0101ls pat\u0113ri\u0146&scaron;.<\/span><\/p>\n<h4>Specifik\u0101cija:<\/h4>\n<p><strong>Tilpums:<\/strong>&nbsp;450 grami<br \/><strong>Tips:<\/strong>&nbsp;V\u012btnes<br \/><strong>Svars:<\/strong>&nbsp;666 grami<\/p>\n<\/div>\n<p>&nbsp;<\/p>\n<\/div>\n","protected":false},"excerpt":{"rendered":"<p>Augstas veiktsp\u0113jas prop\u0101na \/ izobut\u0101na \u010detru sezonu degviela, kas nodro&scaron;ina augst\u0101ku tvaika spiedienu, lai uzlabotu sniegumu aukst\u0101 laik\u0101.&nbsp;Maksim\u0101la efektivit\u0101te un minim\u0101ls pat\u0113ri\u0146&scaron;. Specifik\u0101cija: Tilpums:&nbsp;450 gramiTips:&nbsp;V\u012btnesSvars:&nbsp;666 grami &nbsp;<\/p>\n","protected":false},"featured_media":0,"template":"","meta":[],"product_brand":[934],"product_cat":[4558,4720,4729],"product_tag":[],"class_list":{"0":"post-77605","1":"product","2":"type-product","3":"status-publish","5":"product_brand-kovea","6":"product_cat-for-tourism-recreation","7":"product_cat-gas-stoves-burners-lanterns-heaters-for-tourism-recreation","8":"product_cat-gas-dry-fuel-gas-stoves-burners-lanterns-heaters-for-tourism-recreation","10":"first","11":"instock","12":"shipping-taxable","13":"purchasable","14":"product-type-simple"},"_links":{"self":[{"href":"https:\/\/sezona.lv\/en\/wp-json\/wp\/v2\/product\/77605","targetHints":{"allow":["GET"]}}],"collection":[{"href":"https:\/\/sezona.lv\/en\/wp-json\/wp\/v2\/product"}],"about":[{"href":"https:\/\/sezona.lv\/en\/wp-json\/wp\/v2\/types\/product"}],"wp:attachment":[{"href":"https:\/\/sezona.lv\/en\/wp-json\/wp\/v2\/media?parent=77605"}],"wp:term":[{"taxonomy":"product_brand","embeddable":true,"href":"https:\/\/sezona.lv\/en\/wp-json\/wp\/v2\/product_brand?post=77605"},{"taxonomy":"product_cat","embeddable":true,"href":"https:\/\/sezona.lv\/en\/wp-json\/wp\/v2\/product_cat?post=77605"},{"taxonomy":"product_tag","embeddable":true,"href":"https:\/\/sezona.lv\/en\/wp-json\/wp\/v2\/product_tag?post=77605"}],"curies":[{"name":"wp","href":"https:\/\/api.w.org\/{rel}","templated":true}]}}