{"id":77606,"date":"2025-07-14T15:09:24","date_gmt":"2025-07-14T12:09:24","guid":{"rendered":"https:\/\/demo8.ecube.lv\/sezona.lv\/products\/gsi-gazes-balons-ar-vitni-230g\/"},"modified":"2025-07-14T15:09:24","modified_gmt":"2025-07-14T12:09:24","slug":"gsi-gazes-balons-ar-vitni-230g","status":"publish","type":"product","link":"https:\/\/sezona.lv\/en\/products\/gsi-gazes-balons-ar-vitni-230g\/","title":{"rendered":"GSI G\u0101zes balons ar v\u012btni 230g"},"content":{"rendered":"<div class=\"rte\">\n<p>\u010cetru sezonu g\u0101zes mais\u012bjums no prop\u0101na un izobut\u0101na. Piem\u0113rots aukstiem laikapst\u0101k\u013ciem.<\/p>\n<h4>SPECIFIK\u0100CIJA:<\/h4>\n<p><strong>Tilpums:<\/strong>&nbsp;230 grami<br \/><strong>Tips:<\/strong>&nbsp;V\u012btnes<br \/><strong>Svars:<\/strong>&nbsp;350 grami<\/p>\n<\/div>\n","protected":false},"excerpt":{"rendered":"<p>\u010cetru sezonu g\u0101zes mais\u012bjums no prop\u0101na un izobut\u0101na. Piem\u0113rots aukstiem laikapst\u0101k\u013ciem. SPECIFIK\u0100CIJA: Tilpums:&nbsp;230 gramiTips:&nbsp;V\u012btnesSvars:&nbsp;350 grami<\/p>\n","protected":false},"featured_media":0,"template":"","meta":[],"product_brand":[934],"product_cat":[4558,4640,4720,4729],"product_tag":[],"class_list":{"0":"post-77606","1":"product","2":"type-product","3":"status-publish","5":"product_brand-kovea","6":"product_cat-for-tourism-recreation","7":"product_cat-recreation","8":"product_cat-gas-stoves-burners-lanterns-heaters-for-tourism-recreation","9":"product_cat-gas-dry-fuel-gas-stoves-burners-lanterns-heaters-for-tourism-recreation","11":"first","12":"instock","13":"shipping-taxable","14":"purchasable","15":"product-type-simple"},"_links":{"self":[{"href":"https:\/\/sezona.lv\/en\/wp-json\/wp\/v2\/product\/77606","targetHints":{"allow":["GET"]}}],"collection":[{"href":"https:\/\/sezona.lv\/en\/wp-json\/wp\/v2\/product"}],"about":[{"href":"https:\/\/sezona.lv\/en\/wp-json\/wp\/v2\/types\/product"}],"wp:attachment":[{"href":"https:\/\/sezona.lv\/en\/wp-json\/wp\/v2\/media?parent=77606"}],"wp:term":[{"taxonomy":"product_brand","embeddable":true,"href":"https:\/\/sezona.lv\/en\/wp-json\/wp\/v2\/product_brand?post=77606"},{"taxonomy":"product_cat","embeddable":true,"href":"https:\/\/sezona.lv\/en\/wp-json\/wp\/v2\/product_cat?post=77606"},{"taxonomy":"product_tag","embeddable":true,"href":"https:\/\/sezona.lv\/en\/wp-json\/wp\/v2\/product_tag?post=77606"}],"curies":[{"name":"wp","href":"https:\/\/api.w.org\/{rel}","templated":true}]}}