{"id":77608,"date":"2025-07-11T16:14:52","date_gmt":"2025-07-11T13:14:52","guid":{"rendered":"https:\/\/demo8.ecube.lv\/sezona.lv\/products\/kovea-gazes-balons-sprauzams-220g\/"},"modified":"2025-07-14T15:09:26","modified_gmt":"2025-07-14T12:09:26","slug":"kovea-gazes-balons-sprauzams-220g","status":"publish","type":"product","link":"https:\/\/sezona.lv\/en\/products\/kovea-gazes-balons-sprauzams-220g\/","title":{"rendered":"Kovea G\u0101zes balons sprau\u017eams 220g"},"content":{"rendered":"<div class=\"rte\">\n<p>Augstas veiktsp\u0113jas adatas tipa g\u0101zes balons.<\/p>\n<h4>Specifik\u0101cija:<\/h4>\n<p><strong>G\u0101ze:<\/strong> But\u0101ns 70%, Prop\u0101ns 30% <br \/><strong>Darb\u012bbas temperat\u016bra:<\/strong> no -10&deg;C l\u012bdz +35&deg;C<br \/><strong>Svars:<\/strong> 220 grami<br \/><strong>Izm\u0113ri:<\/strong> 6.9 x 6.9 x 18.4 cm<\/p>\n<\/div>\n","protected":false},"excerpt":{"rendered":"<p>Augstas veiktsp\u0113jas adatas tipa g\u0101zes balons. Specifik\u0101cija: G\u0101ze: But\u0101ns 70%, Prop\u0101ns 30% Darb\u012bbas temperat\u016bra: no -10&deg;C l\u012bdz +35&deg;CSvars: 220 gramiIzm\u0113ri: 6.9 x 6.9 x 18.4 cm<\/p>\n","protected":false},"featured_media":66237,"template":"","meta":[],"product_brand":[934],"product_cat":[4558,4720,4729],"product_tag":[],"class_list":{"0":"post-77608","1":"product","2":"type-product","3":"status-publish","4":"has-post-thumbnail","6":"product_brand-kovea","7":"product_cat-for-tourism-recreation","8":"product_cat-gas-stoves-burners-lanterns-heaters-for-tourism-recreation","9":"product_cat-gas-dry-fuel-gas-stoves-burners-lanterns-heaters-for-tourism-recreation","11":"first","12":"instock","13":"shipping-taxable","14":"purchasable","15":"product-type-simple"},"_links":{"self":[{"href":"https:\/\/sezona.lv\/en\/wp-json\/wp\/v2\/product\/77608","targetHints":{"allow":["GET"]}}],"collection":[{"href":"https:\/\/sezona.lv\/en\/wp-json\/wp\/v2\/product"}],"about":[{"href":"https:\/\/sezona.lv\/en\/wp-json\/wp\/v2\/types\/product"}],"wp:featuredmedia":[{"embeddable":true,"href":"https:\/\/sezona.lv\/en\/wp-json\/wp\/v2\/media\/66237"}],"wp:attachment":[{"href":"https:\/\/sezona.lv\/en\/wp-json\/wp\/v2\/media?parent=77608"}],"wp:term":[{"taxonomy":"product_brand","embeddable":true,"href":"https:\/\/sezona.lv\/en\/wp-json\/wp\/v2\/product_brand?post=77608"},{"taxonomy":"product_cat","embeddable":true,"href":"https:\/\/sezona.lv\/en\/wp-json\/wp\/v2\/product_cat?post=77608"},{"taxonomy":"product_tag","embeddable":true,"href":"https:\/\/sezona.lv\/en\/wp-json\/wp\/v2\/product_tag?post=77608"}],"curies":[{"name":"wp","href":"https:\/\/api.w.org\/{rel}","templated":true}]}}