{"id":77611,"date":"2025-07-11T16:14:54","date_gmt":"2025-07-11T13:14:54","guid":{"rendered":"https:\/\/demo8.ecube.lv\/sezona.lv\/products\/stiga-play-off-hockey-team-galda-hokeja-speletaju-komplekts-latvia\/"},"modified":"2025-07-14T15:09:30","modified_gmt":"2025-07-14T12:09:30","slug":"stiga-play-off-hockey-team-galda-hokeja-speletaju-komplekts-latvia","status":"publish","type":"product","link":"https:\/\/sezona.lv\/en\/products\/stiga-play-off-hockey-team-galda-hokeja-speletaju-komplekts-latvia\/","title":{"rendered":"Stiga Play Off Hockey Team galda hokeja sp\u0113l\u0113t\u0101ju komplekts Latvia"},"content":{"rendered":"<p><span>Varb\u016bt Jums apniku&scaron;i savi sp\u0113l\u0113t\u0101ji. Ir iesp\u0113ja nomain\u012bt tos. Stiga piedav\u0101 da\u017e\u0101du komandu komplektus. Ir Eiropas komandas un Nacion\u0101l\u0101s Hokeja L\u012bgas komandu sast\u0101vi. Jums atliek tikai izv\u0113l\u0113ties un m\u012b\u013c\u0101k\u0101 komanda b\u016bs uz jusu laukuma.<\/span><\/p>\n<p><span>Sastav\u0101 ietilpst 5 sp\u0113l\u0113t\u0101ji un 1 v\u0101rtsargs.<\/span><\/p>\n","protected":false},"excerpt":{"rendered":"<p>Varb\u016bt Jums apniku&scaron;i savi sp\u0113l\u0113t\u0101ji. Ir iesp\u0113ja nomain\u012bt tos. Stiga piedav\u0101 da\u017e\u0101du komandu komplektus. Ir Eiropas komandas un Nacion\u0101l\u0101s Hokeja L\u012bgas komandu sast\u0101vi. Jums atliek tikai izv\u0113l\u0113ties un m\u012b\u013c\u0101k\u0101 komanda b\u016bs uz jusu laukuma. Sastav\u0101 ietilpst 5 sp\u0113l\u0113t\u0101ji un 1 v\u0101rtsargs.<\/p>\n","protected":false},"featured_media":66246,"template":"","meta":[],"product_brand":[898],"product_cat":[4579,4857],"product_tag":[],"class_list":{"0":"post-77611","1":"product","2":"type-product","3":"status-publish","4":"has-post-thumbnail","6":"product_brand-stiga","7":"product_cat-board-games-recreation","8":"product_cat-table-games-and-accessories-board-games-recreation","10":"first","11":"instock","12":"shipping-taxable","13":"purchasable","14":"product-type-simple"},"_links":{"self":[{"href":"https:\/\/sezona.lv\/en\/wp-json\/wp\/v2\/product\/77611","targetHints":{"allow":["GET"]}}],"collection":[{"href":"https:\/\/sezona.lv\/en\/wp-json\/wp\/v2\/product"}],"about":[{"href":"https:\/\/sezona.lv\/en\/wp-json\/wp\/v2\/types\/product"}],"wp:featuredmedia":[{"embeddable":true,"href":"https:\/\/sezona.lv\/en\/wp-json\/wp\/v2\/media\/66246"}],"wp:attachment":[{"href":"https:\/\/sezona.lv\/en\/wp-json\/wp\/v2\/media?parent=77611"}],"wp:term":[{"taxonomy":"product_brand","embeddable":true,"href":"https:\/\/sezona.lv\/en\/wp-json\/wp\/v2\/product_brand?post=77611"},{"taxonomy":"product_cat","embeddable":true,"href":"https:\/\/sezona.lv\/en\/wp-json\/wp\/v2\/product_cat?post=77611"},{"taxonomy":"product_tag","embeddable":true,"href":"https:\/\/sezona.lv\/en\/wp-json\/wp\/v2\/product_tag?post=77611"}],"curies":[{"name":"wp","href":"https:\/\/api.w.org\/{rel}","templated":true}]}}