{"id":77614,"date":"2025-07-11T16:14:58","date_gmt":"2025-07-11T13:14:58","guid":{"rendered":"https:\/\/demo8.ecube.lv\/sezona.lv\/products\/minn-kota-akumulators-dc-110ah-12v\/"},"modified":"2025-07-14T15:09:33","modified_gmt":"2025-07-14T12:09:33","slug":"minn-kota-akumulators-dc-110ah-12v","status":"publish","type":"product","link":"https:\/\/sezona.lv\/en\/products\/minn-kota-akumulators-dc-110ah-12v\/","title":{"rendered":"Minn Kota akumulators DC 110Ah 12V"},"content":{"rendered":"<p>Mak&scaron;\u0137er\u0113&scaron;anas profesion\u0101\u013ci, nopietni j\u016brnieki, un izklaides  jahtu  \u012bpa&scaron;nieki &ndash; vi\u0146i visi zina, kas slikts akumulators sp\u0113j saboj\u0101t   lielisku dienu, t\u0101d\u0113\u013c vi\u0146i uzticas Minn Kota produktiem g\u016bstot vair\u0101k   prieka stundas uz \u016bdens. Minn Kota sk\u0101bes akumulatori sniedz ide\u0101lu   jaudas un izpild\u012bjuma risin\u0101jumu j\u016bsu laivai. Minn Kota akumulatoriem ir   izstr\u0101d\u0101ta \u012bpa&scaron;a l\u0113n\u0101s izl\u0101des (DC) konstrukcija. Uzlabota dizaina   &scaron;\u0137irk\u013ci nodro&scaron;ina lielisku elektrol\u012bta sadali, samazina pozit\u012bv\u0101s   elektroda izplat\u012b&scaron;anos un samazina uztur\u0113&scaron;anas pras\u012bbas. Akumulatora   dz\u012bves cikls tiek pagarin\u0101ts par 20%.<\/p>\n<p>Ah-110<\/p>\n<p>V-12<\/p>\n<p>Garums mm-352<\/p>\n<p>Platums mm-175<\/p>\n<p>Augstums mm-230<\/p>\n<p>Svars kg-27<\/p>\n<p>&nbsp;<\/p>\n","protected":false},"excerpt":{"rendered":"<p>Mak&scaron;\u0137er\u0113&scaron;anas profesion\u0101\u013ci, nopietni j\u016brnieki, un izklaides jahtu \u012bpa&scaron;nieki &ndash; vi\u0146i visi zina, kas slikts akumulators sp\u0113j saboj\u0101t lielisku dienu, t\u0101d\u0113\u013c vi\u0146i uzticas Minn Kota produktiem g\u016bstot vair\u0101k prieka stundas uz \u016bdens. Minn Kota sk\u0101bes akumulatori sniedz ide\u0101lu jaudas un izpild\u012bjuma risin\u0101jumu j\u016bsu laivai. Minn Kota akumulatoriem ir izstr\u0101d\u0101ta \u012bpa&scaron;a l\u0113n\u0101s izl\u0101des (DC) konstrukcija. Uzlabota dizaina [&hellip;]<\/p>\n","protected":false},"featured_media":109127,"template":"","meta":[],"product_brand":[3370],"product_cat":[4936],"product_tag":[],"class_list":{"0":"post-77614","1":"product","2":"type-product","3":"status-publish","4":"has-post-thumbnail","6":"product_brand-minn-kota","7":"product_cat-accumulators-boats-recreation","9":"first","10":"instock","11":"shipping-taxable","12":"purchasable","13":"product-type-simple"},"_links":{"self":[{"href":"https:\/\/sezona.lv\/en\/wp-json\/wp\/v2\/product\/77614","targetHints":{"allow":["GET"]}}],"collection":[{"href":"https:\/\/sezona.lv\/en\/wp-json\/wp\/v2\/product"}],"about":[{"href":"https:\/\/sezona.lv\/en\/wp-json\/wp\/v2\/types\/product"}],"wp:featuredmedia":[{"embeddable":true,"href":"https:\/\/sezona.lv\/en\/wp-json\/wp\/v2\/media\/109127"}],"wp:attachment":[{"href":"https:\/\/sezona.lv\/en\/wp-json\/wp\/v2\/media?parent=77614"}],"wp:term":[{"taxonomy":"product_brand","embeddable":true,"href":"https:\/\/sezona.lv\/en\/wp-json\/wp\/v2\/product_brand?post=77614"},{"taxonomy":"product_cat","embeddable":true,"href":"https:\/\/sezona.lv\/en\/wp-json\/wp\/v2\/product_cat?post=77614"},{"taxonomy":"product_tag","embeddable":true,"href":"https:\/\/sezona.lv\/en\/wp-json\/wp\/v2\/product_tag?post=77614"}],"curies":[{"name":"wp","href":"https:\/\/api.w.org\/{rel}","templated":true}]}}