{"id":77615,"date":"2025-07-11T16:15:00","date_gmt":"2025-07-11T13:15:00","guid":{"rendered":"https:\/\/demo8.ecube.lv\/sezona.lv\/products\/rapala-soma-convertible-lure-case\/"},"modified":"2025-07-14T15:09:35","modified_gmt":"2025-07-14T12:09:35","slug":"rapala-soma-convertible-lure-case","status":"publish","type":"product","link":"https:\/\/sezona.lv\/en\/products\/rapala-soma-convertible-lure-case\/","title":{"rendered":"Rapala soma CONVERTIBLE Lure Case"},"content":{"rendered":"<ul>\n<li>\u0112rts veids k\u0101 pa\u0146emt l\u012bdzi tikai tos m\u0101nek\u013cus kas copei nepiecie&scaron;ami.<\/li>\n<li>Salok\u0101ma konstrukcija<\/li>\n<li>Stiprin\u0101ts rotkuris un plecu siksna<\/li>\n<li>Komplekt\u0101 tr\u012bs 3700 plastmasas kastes<\/li>\n<li>S\u0101nu kabatas aksesu\u0101riem.<\/li>\n<\/ul>\n<p>Somas izm\u0113rs: 39cm X 24cm X 16cm<\/p>\n","protected":false},"excerpt":{"rendered":"<p>\u0112rts veids k\u0101 pa\u0146emt l\u012bdzi tikai tos m\u0101nek\u013cus kas copei nepiecie&scaron;ami. Salok\u0101ma konstrukcija Stiprin\u0101ts rotkuris un plecu siksna Komplekt\u0101 tr\u012bs 3700 plastmasas kastes S\u0101nu kabatas aksesu\u0101riem. Somas izm\u0113rs: 39cm X 24cm X 16cm<\/p>\n","protected":false},"featured_media":66260,"template":"","meta":[],"product_brand":[3368],"product_cat":[4538,4556],"product_tag":[],"class_list":{"0":"post-77615","1":"product","2":"type-product","3":"status-publish","4":"has-post-thumbnail","6":"product_brand-rapala","7":"product_cat-fishing-equipment-recreation","8":"product_cat-bags-boxes-fishing-equipment-recreation","10":"first","11":"instock","12":"shipping-taxable","13":"purchasable","14":"product-type-simple"},"_links":{"self":[{"href":"https:\/\/sezona.lv\/en\/wp-json\/wp\/v2\/product\/77615","targetHints":{"allow":["GET"]}}],"collection":[{"href":"https:\/\/sezona.lv\/en\/wp-json\/wp\/v2\/product"}],"about":[{"href":"https:\/\/sezona.lv\/en\/wp-json\/wp\/v2\/types\/product"}],"wp:featuredmedia":[{"embeddable":true,"href":"https:\/\/sezona.lv\/en\/wp-json\/wp\/v2\/media\/66260"}],"wp:attachment":[{"href":"https:\/\/sezona.lv\/en\/wp-json\/wp\/v2\/media?parent=77615"}],"wp:term":[{"taxonomy":"product_brand","embeddable":true,"href":"https:\/\/sezona.lv\/en\/wp-json\/wp\/v2\/product_brand?post=77615"},{"taxonomy":"product_cat","embeddable":true,"href":"https:\/\/sezona.lv\/en\/wp-json\/wp\/v2\/product_cat?post=77615"},{"taxonomy":"product_tag","embeddable":true,"href":"https:\/\/sezona.lv\/en\/wp-json\/wp\/v2\/product_tag?post=77615"}],"curies":[{"name":"wp","href":"https:\/\/api.w.org\/{rel}","templated":true}]}}