{"id":77616,"date":"2025-07-11T16:15:01","date_gmt":"2025-07-11T13:15:01","guid":{"rendered":"https:\/\/demo8.ecube.lv\/sezona.lv\/products\/rapala-soma-hip-pack\/"},"modified":"2025-07-14T15:09:36","modified_gmt":"2025-07-14T12:09:36","slug":"rapala-soma-hip-pack","status":"publish","type":"product","link":"https:\/\/sezona.lv\/en\/products\/rapala-soma-hip-pack\/","title":{"rendered":"Rapala soma HIP PACK"},"content":{"rendered":"<div class=\"desc\">\n<p>Regul\u0113jama jostas soma \u0113rtai piederumu izvieto&scaron;anai un mobilit\u0101tei.<\/p>\n<\/div>\n<div class=\"params\">\n<table class=\"params\" border=\"0\">\n<tbody>\n<tr class=\"nth\">\n<td class=\"label\">Preces kods:<\/td>\n<td class=\"date\">46005-1<\/td>\n<\/tr>\n<tr class=\"nth\">\n<td class=\"label\">Ra\u017eot\u0101js:<\/td>\n<td class=\"date\">Rapala<\/td>\n<\/tr>\n<tr class=\"nth\">\n<td class=\"label\">Izm\u0113rs:<\/td>\n<td class=\"date\">76 x 15 x 8 cm<\/td>\n<\/tr>\n<\/tbody>\n<\/table>\n<\/div>\n","protected":false},"excerpt":{"rendered":"<p>Regul\u0113jama jostas soma \u0113rtai piederumu izvieto&scaron;anai un mobilit\u0101tei. Preces kods: 46005-1 Ra\u017eot\u0101js: Rapala Izm\u0113rs: 76 x 15 x 8 cm<\/p>\n","protected":false},"featured_media":66265,"template":"","meta":[],"product_brand":[3368],"product_cat":[4538,4556],"product_tag":[],"class_list":{"0":"post-77616","1":"product","2":"type-product","3":"status-publish","4":"has-post-thumbnail","6":"product_brand-rapala","7":"product_cat-fishing-equipment-recreation","8":"product_cat-bags-boxes-fishing-equipment-recreation","10":"first","11":"instock","12":"shipping-taxable","13":"purchasable","14":"product-type-simple"},"_links":{"self":[{"href":"https:\/\/sezona.lv\/en\/wp-json\/wp\/v2\/product\/77616","targetHints":{"allow":["GET"]}}],"collection":[{"href":"https:\/\/sezona.lv\/en\/wp-json\/wp\/v2\/product"}],"about":[{"href":"https:\/\/sezona.lv\/en\/wp-json\/wp\/v2\/types\/product"}],"wp:featuredmedia":[{"embeddable":true,"href":"https:\/\/sezona.lv\/en\/wp-json\/wp\/v2\/media\/66265"}],"wp:attachment":[{"href":"https:\/\/sezona.lv\/en\/wp-json\/wp\/v2\/media?parent=77616"}],"wp:term":[{"taxonomy":"product_brand","embeddable":true,"href":"https:\/\/sezona.lv\/en\/wp-json\/wp\/v2\/product_brand?post=77616"},{"taxonomy":"product_cat","embeddable":true,"href":"https:\/\/sezona.lv\/en\/wp-json\/wp\/v2\/product_cat?post=77616"},{"taxonomy":"product_tag","embeddable":true,"href":"https:\/\/sezona.lv\/en\/wp-json\/wp\/v2\/product_tag?post=77616"}],"curies":[{"name":"wp","href":"https:\/\/api.w.org\/{rel}","templated":true}]}}