{"id":77617,"date":"2025-07-11T16:15:02","date_gmt":"2025-07-11T13:15:02","guid":{"rendered":"https:\/\/demo8.ecube.lv\/sezona.lv\/products\/rapala-soma-limited-series-sling-bag-magnum\/"},"modified":"2025-07-14T15:09:37","modified_gmt":"2025-07-14T12:09:37","slug":"rapala-soma-limited-series-sling-bag-magnum","status":"publish","type":"product","link":"https:\/\/sezona.lv\/en\/products\/rapala-soma-limited-series-sling-bag-magnum\/","title":{"rendered":"Rapala soma Limited Series Sling Bag Magnum"},"content":{"rendered":"<div class=\"desc\">\n<p>Liel\u0101 Sling soma t\u0101pat k\u0101 maz\u0101 ir neaizst\u0101jama mobilam mak&scaron;\u0137erniekam! To nov\u0113rt\u0113 sevi&scaron;\u0137i tie, kam pat\u012bk brad\u0101t pa maz\u0101m up\u012bt\u0113m un k\u0101j\u0101m pieveikt lielus att\u0101lumus.<\/p>\n<p>Somas galven\u0101 da\u013ca atrodas priek&scaron;pus\u0113 un t\u0101s galvenie nodal\u012bjumi atverami k\u0101 plaukts ar 3700 izm\u0113ra kast\u012bt\u0113m, kas der t\u0101s iek&scaron;pus\u0113. Divi galvenie nodal\u012bjumi ar dubultiem r\u0101v\u0113jsl\u0113dz\u0113jiem. Atveras k\u0101 darba plaukts. Izvieto 3700 izm\u0113ra piederumu kastes. Uz polster\u0113t\u0101s plecu siksnas: Spir\u0101lveida atvilc\u0113js, D-gredzens, priek&scaron;\u0101 un aizmugur\u0113 kabata ar r\u0101v\u0113jsl\u0113dz\u0113ju un kabata knaibl\u0113m.<\/p>\n<p>Komplekt\u0101 divas 3700 izm\u0113ra kastes.<\/p>\n<div>\n<p>&nbsp;<\/p>\n<\/div>\n<\/div>\n<div class=\"params\">\n<table class=\"params\" border=\"0\">\n<tbody>\n<tr class=\"nth\">\n<td class=\"label\">Preces kods:<\/td>\n<td class=\"date\">46006-LK<\/td>\n<\/tr>\n<tr class=\"nth\">\n<td class=\"label\">Ra\u017eot\u0101js:<\/td>\n<td class=\"date\">Rapala<\/td>\n<\/tr>\n<tr class=\"nth\">\n<td class=\"label\">Izm\u0113rs:<\/td>\n<td class=\"date\">42 x 28 x 11 cm<\/td>\n<\/tr>\n<\/tbody>\n<\/table>\n<\/div>\n","protected":false},"excerpt":{"rendered":"<p>Liel\u0101 Sling soma t\u0101pat k\u0101 maz\u0101 ir neaizst\u0101jama mobilam mak&scaron;\u0137erniekam! To nov\u0113rt\u0113 sevi&scaron;\u0137i tie, kam pat\u012bk brad\u0101t pa maz\u0101m up\u012bt\u0113m un k\u0101j\u0101m pieveikt lielus att\u0101lumus. Somas galven\u0101 da\u013ca atrodas priek&scaron;pus\u0113 un t\u0101s galvenie nodal\u012bjumi atverami k\u0101 plaukts ar 3700 izm\u0113ra kast\u012bt\u0113m, kas der t\u0101s iek&scaron;pus\u0113. Divi galvenie nodal\u012bjumi ar dubultiem r\u0101v\u0113jsl\u0113dz\u0113jiem. Atveras k\u0101 darba plaukts. [&hellip;]<\/p>\n","protected":false},"featured_media":66270,"template":"","meta":[],"product_brand":[3368],"product_cat":[4538,4556],"product_tag":[],"class_list":{"0":"post-77617","1":"product","2":"type-product","3":"status-publish","4":"has-post-thumbnail","6":"product_brand-rapala","7":"product_cat-fishing-equipment-recreation","8":"product_cat-bags-boxes-fishing-equipment-recreation","10":"first","11":"instock","12":"shipping-taxable","13":"purchasable","14":"product-type-simple"},"_links":{"self":[{"href":"https:\/\/sezona.lv\/en\/wp-json\/wp\/v2\/product\/77617","targetHints":{"allow":["GET"]}}],"collection":[{"href":"https:\/\/sezona.lv\/en\/wp-json\/wp\/v2\/product"}],"about":[{"href":"https:\/\/sezona.lv\/en\/wp-json\/wp\/v2\/types\/product"}],"wp:featuredmedia":[{"embeddable":true,"href":"https:\/\/sezona.lv\/en\/wp-json\/wp\/v2\/media\/66270"}],"wp:attachment":[{"href":"https:\/\/sezona.lv\/en\/wp-json\/wp\/v2\/media?parent=77617"}],"wp:term":[{"taxonomy":"product_brand","embeddable":true,"href":"https:\/\/sezona.lv\/en\/wp-json\/wp\/v2\/product_brand?post=77617"},{"taxonomy":"product_cat","embeddable":true,"href":"https:\/\/sezona.lv\/en\/wp-json\/wp\/v2\/product_cat?post=77617"},{"taxonomy":"product_tag","embeddable":true,"href":"https:\/\/sezona.lv\/en\/wp-json\/wp\/v2\/product_tag?post=77617"}],"curies":[{"name":"wp","href":"https:\/\/api.w.org\/{rel}","templated":true}]}}