{"id":77618,"date":"2025-07-11T16:15:05","date_gmt":"2025-07-11T13:15:05","guid":{"rendered":"https:\/\/demo8.ecube.lv\/sezona.lv\/products\/rapala-soma-satchel-limited-series\/"},"modified":"2025-07-14T15:09:38","modified_gmt":"2025-07-14T12:09:38","slug":"rapala-soma-satchel-limited-series","status":"publish","type":"product","link":"https:\/\/sezona.lv\/en\/products\/rapala-soma-satchel-limited-series\/","title":{"rendered":"Rapala soma SATCHEL Limited series"},"content":{"rendered":"<div class=\"desc\">\n<p>Univers\u0101la plecu soma ar A4 form\u0101ta kabatu un galveno nodal\u012bjumu kur\u0101 var izvietot 2gab 3700 kastes<\/p>\n<ul>\n<li>Ietilpst 2gab 3700 kastes (viena kaste ir komplekt\u0101)<\/li>\n<li>Polster\u0113ts galvenais nodal\u012bjums<\/li>\n<li>Priek&scaron;\u0113j\u0101 kabata (A4) ar r\u0101v\u0113jsl\u0113dz\u0113ju<\/li>\n<li>Aizmugur\u0113 kabata ar r\u0113v\u0113jsl\u0113dz\u0113ju<\/li>\n<li>Polster\u0113ta plecu siksna<\/li>\n<\/ul>\n<\/div>\n<div class=\"params\">\n<table class=\"params\" border=\"0\">\n<tbody>\n<tr class=\"nth\">\n<td class=\"label\">Preces kods:<\/td>\n<td class=\"date\">46020-1<\/td>\n<\/tr>\n<tr class=\"nth\">\n<td class=\"label\">Ra\u017eot\u0101js:<\/td>\n<td class=\"date\">Rapala<\/td>\n<\/tr>\n<tr class=\"nth\">\n<td class=\"label\">Izm\u0113rs:<\/td>\n<td class=\"date\">39 x 32 x 13 cm<\/td>\n<\/tr>\n<\/tbody>\n<\/table>\n<\/div>\n","protected":false},"excerpt":{"rendered":"<p>Univers\u0101la plecu soma ar A4 form\u0101ta kabatu un galveno nodal\u012bjumu kur\u0101 var izvietot 2gab 3700 kastes Ietilpst 2gab 3700 kastes (viena kaste ir komplekt\u0101) Polster\u0113ts galvenais nodal\u012bjums Priek&scaron;\u0113j\u0101 kabata (A4) ar r\u0101v\u0113jsl\u0113dz\u0113ju Aizmugur\u0113 kabata ar r\u0113v\u0113jsl\u0113dz\u0113ju Polster\u0113ta plecu siksna Preces kods: 46020-1 Ra\u017eot\u0101js: Rapala Izm\u0113rs: 39 x 32 x 13 cm<\/p>\n","protected":false},"featured_media":66273,"template":"","meta":[],"product_brand":[3368],"product_cat":[4538,4556],"product_tag":[],"class_list":{"0":"post-77618","1":"product","2":"type-product","3":"status-publish","4":"has-post-thumbnail","6":"product_brand-rapala","7":"product_cat-fishing-equipment-recreation","8":"product_cat-bags-boxes-fishing-equipment-recreation","10":"first","11":"instock","12":"shipping-taxable","13":"purchasable","14":"product-type-simple"},"_links":{"self":[{"href":"https:\/\/sezona.lv\/en\/wp-json\/wp\/v2\/product\/77618","targetHints":{"allow":["GET"]}}],"collection":[{"href":"https:\/\/sezona.lv\/en\/wp-json\/wp\/v2\/product"}],"about":[{"href":"https:\/\/sezona.lv\/en\/wp-json\/wp\/v2\/types\/product"}],"wp:featuredmedia":[{"embeddable":true,"href":"https:\/\/sezona.lv\/en\/wp-json\/wp\/v2\/media\/66273"}],"wp:attachment":[{"href":"https:\/\/sezona.lv\/en\/wp-json\/wp\/v2\/media?parent=77618"}],"wp:term":[{"taxonomy":"product_brand","embeddable":true,"href":"https:\/\/sezona.lv\/en\/wp-json\/wp\/v2\/product_brand?post=77618"},{"taxonomy":"product_cat","embeddable":true,"href":"https:\/\/sezona.lv\/en\/wp-json\/wp\/v2\/product_cat?post=77618"},{"taxonomy":"product_tag","embeddable":true,"href":"https:\/\/sezona.lv\/en\/wp-json\/wp\/v2\/product_tag?post=77618"}],"curies":[{"name":"wp","href":"https:\/\/api.w.org\/{rel}","templated":true}]}}