{"id":77619,"date":"2025-07-11T16:15:07","date_gmt":"2025-07-11T13:15:07","guid":{"rendered":"https:\/\/demo8.ecube.lv\/sezona.lv\/products\/rapala-soma-sling-bag-pro-series\/"},"modified":"2025-07-14T15:09:39","modified_gmt":"2025-07-14T12:09:39","slug":"rapala-soma-sling-bag-pro-series","status":"publish","type":"product","link":"https:\/\/sezona.lv\/en\/products\/rapala-soma-sling-bag-pro-series\/","title":{"rendered":"Rapala soma SLING Bag Pro series"},"content":{"rendered":"<div class=\"desc\">\n<p>Popul\u0101r\u0101s Sling Bag somas uzlabot\u0101 versija ar papildus \u012bpa&scaron;\u012bb\u0101m.<\/p>\n<ul>\n<li>Papla&scaron;in\u0101ms galvenais nodal\u012bjums<\/li>\n<li>Var izvietot 2gab 3600 kastes<\/li>\n<li>\u012apa&scaron;a kabata \u016bdens bla&scaron;\u0137ei<\/li>\n<li>\u016adensdro&scaron;a kabata uz placu siksnas v\u0113rt\u012bgu lietu izvieto&scaron;anai<\/li>\n<li>Izgatavota no iztur\u012bga 600D Oxford neilona<\/li>\n<\/ul>\n<\/div>\n<div class=\"params\">\n<table class=\"params\" border=\"0\">\n<tbody>\n<tr class=\"nth\">\n<td class=\"label\">Preces kods:<\/td>\n<td class=\"date\">46034-1<\/td>\n<\/tr>\n<tr class=\"nth\">\n<td class=\"label\">Ra\u017eot\u0101js:<\/td>\n<td class=\"date\">Rapala<\/td>\n<\/tr>\n<tr class=\"nth\">\n<td class=\"label\">Izm\u0113rs:<\/td>\n<td class=\"date\">31 x 23 x 13-16 cm<\/td>\n<\/tr>\n<\/tbody>\n<\/table>\n<\/div>\n","protected":false},"excerpt":{"rendered":"<p>Popul\u0101r\u0101s Sling Bag somas uzlabot\u0101 versija ar papildus \u012bpa&scaron;\u012bb\u0101m. Papla&scaron;in\u0101ms galvenais nodal\u012bjums Var izvietot 2gab 3600 kastes \u012apa&scaron;a kabata \u016bdens bla&scaron;\u0137ei \u016adensdro&scaron;a kabata uz placu siksnas v\u0113rt\u012bgu lietu izvieto&scaron;anai Izgatavota no iztur\u012bga 600D Oxford neilona Preces kods: 46034-1 Ra\u017eot\u0101js: Rapala Izm\u0113rs: 31 x 23 x 13-16 cm<\/p>\n","protected":false},"featured_media":66276,"template":"","meta":[],"product_brand":[3368],"product_cat":[4538,4556],"product_tag":[],"class_list":{"0":"post-77619","1":"product","2":"type-product","3":"status-publish","4":"has-post-thumbnail","6":"product_brand-rapala","7":"product_cat-fishing-equipment-recreation","8":"product_cat-bags-boxes-fishing-equipment-recreation","10":"first","11":"instock","12":"shipping-taxable","13":"purchasable","14":"product-type-simple"},"_links":{"self":[{"href":"https:\/\/sezona.lv\/en\/wp-json\/wp\/v2\/product\/77619","targetHints":{"allow":["GET"]}}],"collection":[{"href":"https:\/\/sezona.lv\/en\/wp-json\/wp\/v2\/product"}],"about":[{"href":"https:\/\/sezona.lv\/en\/wp-json\/wp\/v2\/types\/product"}],"wp:featuredmedia":[{"embeddable":true,"href":"https:\/\/sezona.lv\/en\/wp-json\/wp\/v2\/media\/66276"}],"wp:attachment":[{"href":"https:\/\/sezona.lv\/en\/wp-json\/wp\/v2\/media?parent=77619"}],"wp:term":[{"taxonomy":"product_brand","embeddable":true,"href":"https:\/\/sezona.lv\/en\/wp-json\/wp\/v2\/product_brand?post=77619"},{"taxonomy":"product_cat","embeddable":true,"href":"https:\/\/sezona.lv\/en\/wp-json\/wp\/v2\/product_cat?post=77619"},{"taxonomy":"product_tag","embeddable":true,"href":"https:\/\/sezona.lv\/en\/wp-json\/wp\/v2\/product_tag?post=77619"}],"curies":[{"name":"wp","href":"https:\/\/api.w.org\/{rel}","templated":true}]}}