{"id":77620,"date":"2025-07-11T16:15:10","date_gmt":"2025-07-11T13:15:10","guid":{"rendered":"https:\/\/demo8.ecube.lv\/sezona.lv\/products\/rapala-soma-soft-sling-bag-series\/"},"modified":"2025-07-14T15:09:41","modified_gmt":"2025-07-14T12:09:41","slug":"rapala-soma-soft-sling-bag-series","status":"publish","type":"product","link":"https:\/\/sezona.lv\/en\/products\/rapala-soma-soft-sling-bag-series\/","title":{"rendered":"Rapala soma Soft Sling Bag series"},"content":{"rendered":"<div class=\"desc\">\n<p>Sling soma, kuras dizains \u013cauj viegli piek\u013c\u016bt nepiecie&scaron;amajam aksesu\u0101ram, bet taj\u0101 pat laik\u0101 t\u0101 netrauc\u0113 mak&scaron;\u0137ernieku darb\u012bb\u0101.<\/p>\n<ul>\n<li>Galvenaj\u0101 nodal\u012bjum\u0101 var izvietot 2gab 3600 kastes<\/li>\n<li>Priek&scaron;\u0113j\u0101 kabata atveras k\u0101 plaukts<\/li>\n<li>\u0112rti pagrie\u017eama priek&scaron;pus\u0113 un atpaka\u013c aizmugur\u0113<\/li>\n<\/ul>\n<\/div>\n<div class=\"params\">\n<table class=\"params\" border=\"0\">\n<tbody>\n<tr class=\"nth\">\n<td class=\"label\">Preces kods:<\/td>\n<td class=\"date\">46036-1<\/td>\n<\/tr>\n<tr class=\"nth\">\n<td class=\"label\">Ra\u017eot\u0101js:<\/td>\n<td class=\"date\">Rapala<\/td>\n<\/tr>\n<tr class=\"nth\">\n<td class=\"label\">Izm\u0113rs:<\/td>\n<td class=\"date\">40 x 30 x 14 cm<\/td>\n<\/tr>\n<\/tbody>\n<\/table>\n<\/div>\n","protected":false},"excerpt":{"rendered":"<p>Sling soma, kuras dizains \u013cauj viegli piek\u013c\u016bt nepiecie&scaron;amajam aksesu\u0101ram, bet taj\u0101 pat laik\u0101 t\u0101 netrauc\u0113 mak&scaron;\u0137ernieku darb\u012bb\u0101. Galvenaj\u0101 nodal\u012bjum\u0101 var izvietot 2gab 3600 kastes Priek&scaron;\u0113j\u0101 kabata atveras k\u0101 plaukts \u0112rti pagrie\u017eama priek&scaron;pus\u0113 un atpaka\u013c aizmugur\u0113 Preces kods: 46036-1 Ra\u017eot\u0101js: Rapala Izm\u0113rs: 40 x 30 x 14 cm<\/p>\n","protected":false},"featured_media":66279,"template":"","meta":[],"product_brand":[3368],"product_cat":[4538,4556],"product_tag":[],"class_list":{"0":"post-77620","1":"product","2":"type-product","3":"status-publish","4":"has-post-thumbnail","6":"product_brand-rapala","7":"product_cat-fishing-equipment-recreation","8":"product_cat-bags-boxes-fishing-equipment-recreation","10":"first","11":"instock","12":"shipping-taxable","13":"purchasable","14":"product-type-simple"},"_links":{"self":[{"href":"https:\/\/sezona.lv\/en\/wp-json\/wp\/v2\/product\/77620","targetHints":{"allow":["GET"]}}],"collection":[{"href":"https:\/\/sezona.lv\/en\/wp-json\/wp\/v2\/product"}],"about":[{"href":"https:\/\/sezona.lv\/en\/wp-json\/wp\/v2\/types\/product"}],"wp:featuredmedia":[{"embeddable":true,"href":"https:\/\/sezona.lv\/en\/wp-json\/wp\/v2\/media\/66279"}],"wp:attachment":[{"href":"https:\/\/sezona.lv\/en\/wp-json\/wp\/v2\/media?parent=77620"}],"wp:term":[{"taxonomy":"product_brand","embeddable":true,"href":"https:\/\/sezona.lv\/en\/wp-json\/wp\/v2\/product_brand?post=77620"},{"taxonomy":"product_cat","embeddable":true,"href":"https:\/\/sezona.lv\/en\/wp-json\/wp\/v2\/product_cat?post=77620"},{"taxonomy":"product_tag","embeddable":true,"href":"https:\/\/sezona.lv\/en\/wp-json\/wp\/v2\/product_tag?post=77620"}],"curies":[{"name":"wp","href":"https:\/\/api.w.org\/{rel}","templated":true}]}}